{"id":125338,"date":"2020-11-14T10:36:15","date_gmt":"2020-11-14T10:36:15","guid":{"rendered":"https:\/\/moto-oprema.com\/Artikel\/alpinestars-bionic-action-brustprotektor\/"},"modified":"2020-11-14T10:36:15","modified_gmt":"2020-11-14T10:36:15","slug":"alpinestars-bionic-action-brustprotektor","status":"publish","type":"product","link":"https:\/\/moto-oprema.com\/de\/Artikel\/alpinestars-bionic-action-brustprotektor\/","title":{"rendered":"ALPINESTARS BIONIC ACTION BRUSTPROTEKTOR"},"content":{"rendered":"<p>Extrem leichtes Schutzsystem, neue CELL-Technologie f\u00fcr ultraleichtes Gewicht und optimale Bel\u00fcftung, Front- und R\u00fcckseitenplatten mit Bioschaumfutter<\/p>\n<p>&#8211; R\u00fcckenprotektor &#8211; En 1621-2: 2014 Level 1<br \/>&#8211; Brustprotektor: En 1621-3: 2018 Level 1  <\/p>\n","protected":false},"excerpt":{"rendered":"<p>Extrem leichtes Schutzsystem, neue CELL-Technologie f\u00fcr ultraleichtes Gewicht und optimale Bel\u00fcftung, Front- und R\u00fcckseitenplatten mit Bioschaumfutter&#8230;<\/p>\n","protected":false},"featured_media":11727,"comment_status":"open","ping_status":"closed","template":"","meta":{"_acf_changed":false},"brand":[2111],"gender":[2168],"product_brand":[],"product_cat":[2028,2222,2079],"product_tag":[],"class_list":{"0":"post-125338","1":"product","2":"type-product","3":"status-publish","4":"has-post-thumbnail","6":"brand-alpinestars-de","7":"gender-moski-de","8":"product_cat-motocross-ausrustung","9":"product_cat-mx-korperprotektoren","10":"product_cat-mx-schilder","11":"pa_size-m-l-de","12":"pa_size-xl-2xl-de","14":"first","15":"outofstock","16":"sale","17":"taxable","18":"shipping-taxable","19":"purchasable","20":"product-type-variable"},"acf":[],"_links":{"self":[{"href":"https:\/\/moto-oprema.com\/de\/wp-json\/wp\/v2\/product\/125338","targetHints":{"allow":["GET"]}}],"collection":[{"href":"https:\/\/moto-oprema.com\/de\/wp-json\/wp\/v2\/product"}],"about":[{"href":"https:\/\/moto-oprema.com\/de\/wp-json\/wp\/v2\/types\/product"}],"replies":[{"embeddable":true,"href":"https:\/\/moto-oprema.com\/de\/wp-json\/wp\/v2\/comments?post=125338"}],"wp:featuredmedia":[{"embeddable":true,"href":"https:\/\/moto-oprema.com\/de\/wp-json\/wp\/v2\/media\/11727"}],"wp:attachment":[{"href":"https:\/\/moto-oprema.com\/de\/wp-json\/wp\/v2\/media?parent=125338"}],"wp:term":[{"taxonomy":"brand","embeddable":true,"href":"https:\/\/moto-oprema.com\/de\/wp-json\/wp\/v2\/brand?post=125338"},{"taxonomy":"gender","embeddable":true,"href":"https:\/\/moto-oprema.com\/de\/wp-json\/wp\/v2\/gender?post=125338"},{"taxonomy":"product_brand","embeddable":true,"href":"https:\/\/moto-oprema.com\/de\/wp-json\/wp\/v2\/product_brand?post=125338"},{"taxonomy":"product_cat","embeddable":true,"href":"https:\/\/moto-oprema.com\/de\/wp-json\/wp\/v2\/product_cat?post=125338"},{"taxonomy":"product_tag","embeddable":true,"href":"https:\/\/moto-oprema.com\/de\/wp-json\/wp\/v2\/product_tag?post=125338"}],"curies":[{"name":"wp","href":"https:\/\/api.w.org\/{rel}","templated":true}]}}