{"id":125306,"date":"2020-11-13T20:39:56","date_gmt":"2020-11-13T20:39:56","guid":{"rendered":"https:\/\/moto-oprema.com\/Artikel\/alpinestars-ast-1-v2-wasserdichte-hose\/"},"modified":"2020-11-13T20:39:56","modified_gmt":"2020-11-13T20:39:56","slug":"alpinestars-ast-1-v2-wasserdichte-hose","status":"publish","type":"product","link":"https:\/\/moto-oprema.com\/de\/Artikel\/alpinestars-ast-1-v2-wasserdichte-hose\/","title":{"rendered":"ALPINESTARS AST-1 V2 WASSERDICHTE HOSE"},"content":{"rendered":"<p><span style=\"color:#252525;\"><span style=\"font-family:'Times New Roman', serif;\"><span style=\"font-size:medium;\"><span xml_lang=\"en\" lang=\"en\">Allwetter-Reisehose mit wasserdichter Membran und optimalem Schutz, vorgeformte Beine f\u00fcr optimale Passform, 2 Taschen an der Hose, Jackenrei\u00dfverschluss, YKK-Rei\u00dfverschluss, CE-zertifiziert II EU-PSA-Verordnung 2016\/425 &#8211; Klasse A<\/span><\/span><\/span><\/span>.<\/p>\n<p>Zusammensetzung des Rohmaterials:<\/p>\n<p>100% Polyester<\/p>\n","protected":false},"excerpt":{"rendered":"<p>Allwetter-Reisehose mit wasserdichter Membran und optimalem Schutz, vorgeformte Beine f\u00fcr optimale Passform, 2 Taschen an der&#8230;<\/p>\n","protected":false},"featured_media":11654,"comment_status":"open","ping_status":"open","template":"","meta":{"_acf_changed":false},"brand":[2111],"gender":[2168],"product_brand":[],"product_cat":[1357,2189,2211],"product_tag":[],"class_list":{"0":"post-125306","1":"product","2":"type-product","3":"status-publish","4":"has-post-thumbnail","6":"brand-alpinestars-de","7":"gender-moski-de","8":"product_cat-ausrustung-fur-motorradfahrer","9":"product_cat-hose","10":"product_cat-textil-hose","11":"pa_velikost-st-l-de","12":"pa_velikost-st-m-de","13":"pa_velikost-st-xl-de","15":"first","16":"onbackorder","17":"sale","18":"taxable","19":"shipping-taxable","20":"purchasable","21":"product-type-variable"},"acf":[],"_links":{"self":[{"href":"https:\/\/moto-oprema.com\/de\/wp-json\/wp\/v2\/product\/125306","targetHints":{"allow":["GET"]}}],"collection":[{"href":"https:\/\/moto-oprema.com\/de\/wp-json\/wp\/v2\/product"}],"about":[{"href":"https:\/\/moto-oprema.com\/de\/wp-json\/wp\/v2\/types\/product"}],"replies":[{"embeddable":true,"href":"https:\/\/moto-oprema.com\/de\/wp-json\/wp\/v2\/comments?post=125306"}],"wp:featuredmedia":[{"embeddable":true,"href":"https:\/\/moto-oprema.com\/de\/wp-json\/wp\/v2\/media\/11654"}],"wp:attachment":[{"href":"https:\/\/moto-oprema.com\/de\/wp-json\/wp\/v2\/media?parent=125306"}],"wp:term":[{"taxonomy":"brand","embeddable":true,"href":"https:\/\/moto-oprema.com\/de\/wp-json\/wp\/v2\/brand?post=125306"},{"taxonomy":"gender","embeddable":true,"href":"https:\/\/moto-oprema.com\/de\/wp-json\/wp\/v2\/gender?post=125306"},{"taxonomy":"product_brand","embeddable":true,"href":"https:\/\/moto-oprema.com\/de\/wp-json\/wp\/v2\/product_brand?post=125306"},{"taxonomy":"product_cat","embeddable":true,"href":"https:\/\/moto-oprema.com\/de\/wp-json\/wp\/v2\/product_cat?post=125306"},{"taxonomy":"product_tag","embeddable":true,"href":"https:\/\/moto-oprema.com\/de\/wp-json\/wp\/v2\/product_tag?post=125306"}],"curies":[{"name":"wp","href":"https:\/\/api.w.org\/{rel}","templated":true}]}}