{"id":125269,"date":"2020-11-13T19:14:44","date_gmt":"2020-11-13T19:14:44","guid":{"rendered":"https:\/\/moto-oprema.com\/Artikel\/alpinestars-andes-v3-drystar-jacke-3\/"},"modified":"2020-11-13T19:14:44","modified_gmt":"2020-11-13T19:14:44","slug":"alpinestars-andes-v3-drystar-jacke-3","status":"publish","type":"product","link":"https:\/\/moto-oprema.com\/de\/Artikel\/alpinestars-andes-v3-drystar-jacke-3\/","title":{"rendered":"ALPINESTARS ANDES V3 DRYSTAR JACKE"},"content":{"rendered":"<p>Tech-Air 5 kompatibel Hervorragende Bel\u00fcftung, Schutz und Abriebfestigkeit, allwettertauglich, abnehmbare Schulter- und Ellbogenpolster, wasserdichte Vordertaschen im Cargo-Stil, gro\u00dfe Ges\u00e4\u00dftasche, YKK-Rei\u00dfverschluss, herausnehmbares lang\u00e4rmeliges Thermofutter, weicher Kragen, Taschen f\u00fcr zus\u00e4tzliche Brust- und R\u00fcckenprotektoren, CE-Zertifizierung Kategorie II prEN17092 &#8211; Klasse A<\/p>\n<\/p>\n<p><span style=\"font-family:'Times New Roman', serif;\"><span style=\"font-size:medium;\"><span style=\"font-family:'Times New Roman', serif;\"><span xml_lang=\"en\" lang=\"en\">93% Polyester, 7% Polyamid<\/span><\/span><\/span><\/span><\/p><\/p>\n","protected":false},"excerpt":{"rendered":"<p>Tech-Air 5 kompatibel Hervorragende Bel\u00fcftung, Schutz und Abriebfestigkeit, allwettertauglich, abnehmbare Schulter- und Ellbogenpolster, wasserdichte Vordertaschen im&#8230;<\/p>\n","protected":false},"featured_media":11605,"comment_status":"open","ping_status":"open","template":"","meta":{"_acf_changed":false},"brand":[2111],"gender":[2168],"product_brand":[],"product_cat":[1357,2045,2048],"product_tag":[],"class_list":{"0":"post-125269","1":"product","2":"type-product","3":"status-publish","4":"has-post-thumbnail","6":"brand-alpinestars-de","7":"gender-moski-de","8":"product_cat-ausrustung-fur-motorradfahrer","9":"product_cat-jakne-de","10":"product_cat-textil-jacken","11":"pa_velikost-st-l-de","12":"pa_velikost-st-m-de","13":"pa_velikost-st-s-de","14":"pa_velikost-st-xl-de","15":"pa_velikost-st-xxl-de","17":"first","18":"onbackorder","19":"sale","20":"taxable","21":"shipping-taxable","22":"purchasable","23":"product-type-variable"},"acf":[],"_links":{"self":[{"href":"https:\/\/moto-oprema.com\/de\/wp-json\/wp\/v2\/product\/125269","targetHints":{"allow":["GET"]}}],"collection":[{"href":"https:\/\/moto-oprema.com\/de\/wp-json\/wp\/v2\/product"}],"about":[{"href":"https:\/\/moto-oprema.com\/de\/wp-json\/wp\/v2\/types\/product"}],"replies":[{"embeddable":true,"href":"https:\/\/moto-oprema.com\/de\/wp-json\/wp\/v2\/comments?post=125269"}],"wp:featuredmedia":[{"embeddable":true,"href":"https:\/\/moto-oprema.com\/de\/wp-json\/wp\/v2\/media\/11605"}],"wp:attachment":[{"href":"https:\/\/moto-oprema.com\/de\/wp-json\/wp\/v2\/media?parent=125269"}],"wp:term":[{"taxonomy":"brand","embeddable":true,"href":"https:\/\/moto-oprema.com\/de\/wp-json\/wp\/v2\/brand?post=125269"},{"taxonomy":"gender","embeddable":true,"href":"https:\/\/moto-oprema.com\/de\/wp-json\/wp\/v2\/gender?post=125269"},{"taxonomy":"product_brand","embeddable":true,"href":"https:\/\/moto-oprema.com\/de\/wp-json\/wp\/v2\/product_brand?post=125269"},{"taxonomy":"product_cat","embeddable":true,"href":"https:\/\/moto-oprema.com\/de\/wp-json\/wp\/v2\/product_cat?post=125269"},{"taxonomy":"product_tag","embeddable":true,"href":"https:\/\/moto-oprema.com\/de\/wp-json\/wp\/v2\/product_tag?post=125269"}],"curies":[{"name":"wp","href":"https:\/\/api.w.org\/{rel}","templated":true}]}}