{"id":125227,"date":"2020-11-12T15:32:18","date_gmt":"2020-11-12T15:32:18","guid":{"rendered":"https:\/\/moto-oprema.com\/Artikel\/oneal-mx-kinderhandschuhe-element\/"},"modified":"2020-11-12T15:32:18","modified_gmt":"2020-11-12T15:32:18","slug":"oneal-mx-kinderhandschuhe-element","status":"publish","type":"product","link":"https:\/\/moto-oprema.com\/de\/Artikel\/oneal-mx-kinderhandschuhe-element\/","title":{"rendered":"ONEAL MX KINDERHANDSCHUHE ELEMENT"},"content":{"rendered":"<\/p>\n<p><span style=\"color:#000000;\"><span style=\"font-family:'Times New Roman', serif;\"><span style=\"font-size:medium;\"><span style=\"color:#252525;\"><span style=\"font-family:'proxima-nova', sans-serif;\"><span style=\"font-size:small;\"><span lang=\"en\" xml_lang=\"en\">Merkmale:<\/span><\/span><\/span><\/span><\/span><\/span><\/span><\/p>\n<p>Abgerundete Passform f\u00fcr maximalen Komfort<\/p>\n<p><span style=\"color:#000000;\"><span style=\"font-family:'Times New Roman', serif;\"><span style=\"font-size:medium;\"><span style=\"color:#252525;\"><span style=\"font-family:'proxima-nova', sans-serif;\"><span style=\"font-size:small;\"><span lang=\"en\" xml_lang=\"en\">Strapazierf\u00e4hige und flexible Materialien f\u00fcr eine perfekte Passform und 4-Wege-Stretch Lycra\u00ae-Eins\u00e4tze f\u00fcr zus\u00e4tzlichen Komfort und Flexibilit\u00e4t<\/span><\/span><\/span><\/span><\/span><\/span><\/span><\/p>\n<p><span style=\"color:#000000;\"><span style=\"font-family:'Times New Roman', serif;\"><span style=\"font-size:medium;\"><span style=\"color:#252525;\"><span style=\"font-family:'proxima-nova', sans-serif;\"><span style=\"font-size:small;\"><span lang=\"en\" xml_lang=\"en\">Luftdurchl\u00e4ssige Mesh-Eins\u00e4tze an der Oberseite des Arms f\u00fcr gute Bel\u00fcftung<\/span><\/span><\/span><\/span><\/span><\/span><\/span><\/p>\n<p><span style=\"color:#000000;\"><span style=\"font-family:'Times New Roman', serif;\"><span style=\"font-size:medium;\"><span style=\"color:#252525;\"><span style=\"font-family:'proxima-nova', sans-serif;\"><span style=\"font-size:small;\"><span lang=\"en\" xml_lang=\"en\">TPR-Verst\u00e4rkungen f\u00fcr mehr Schutz<\/span><\/span><\/span><\/span><\/span><\/span><\/span><\/p>\n<p><span style=\"color:#000000;\"><span style=\"font-family:'Times New Roman', serif;\"><span style=\"font-size:medium;\"><span style=\"color:#252525;\"><span style=\"font-family:'proxima-nova', sans-serif;\"><span style=\"font-size:small;\"><span lang=\"en\" xml_lang=\"en\">Handfl\u00e4che aus Kunstleder mit doppelter Verst\u00e4rkung von Handfl\u00e4che und Daumen<\/span><\/span><\/span><\/span><\/span><\/span><\/span><\/p>\n<p><span style=\"color:#000000;\"><span style=\"font-family:'Times New Roman', serif;\"><span style=\"font-size:medium;\"><span style=\"color:#252525;\"><span style=\"font-family:'proxima-nova', sans-serif;\"><span style=\"font-size:small;\"><span lang=\"en\" xml_lang=\"en\">Silikonaufdruck f\u00fcr besseren Grip und bessere Bremskontrolle<\/span><\/span><\/span><\/span><\/span><\/span><\/span><\/p>\n<p><span style=\"color:#000000;\"><span style=\"font-family:'Times New Roman', serif;\"><span style=\"font-size:medium;\"><span style=\"color:#252525;\"><span style=\"font-family:'proxima-nova', sans-serif;\"><span style=\"font-size:small;\"><span lang=\"en\" xml_lang=\"en\">Verstellbarer Handgelenkknopf f\u00fcr einen sicheren und anpassbaren Sitz<\/span><\/span><\/span><\/span><\/span><\/span><\/span><\/p>\n<p><span style=\"color:#000000;\"><span style=\"font-family:'Times New Roman', serif;\"><span style=\"font-size:medium;\"><span style=\"color:#252525;\"><span style=\"font-family:'proxima-nova', sans-serif;\"><span style=\"font-size:small;\"><span lang=\"en\" xml_lang=\"en\">Geeignet f\u00fcr die Verwendung auf Smartphone- und Tablet-Bildschirmen<\/span><\/span><\/span><\/span><\/span><\/span><\/span><\/p>\n<\/p>\n<p><span style=\"color:#000000;\"><span style=\"font-family:'Times New Roman', serif;\"><span style=\"font-size:medium;\"><span style=\"color:#252525;\"><span style=\"font-family:'proxima-nova', sans-serif;\"><span style=\"font-size:small;\"><span lang=\"en\" xml_lang=\"en\">Zusammensetzung des Rohmaterials:<br \/><\/span><\/span><\/span><\/span><\/span><\/span><\/span><\/p>\n<p><span style=\"color:#000000;\"><span style=\"font-family:'Times New Roman', serif;\"><span style=\"font-size:medium;\"><span style=\"color:#252525;\"><span style=\"font-family:'proxima-nova', sans-serif;\"><span style=\"font-size:small;\"><span lang=\"en\" xml_lang=\"en\">42% Kunstleder (60% Polyamid, 40% Polyurethan), 35% Nylon, 15% Gummi (TPR), 8% Polyester<\/span><\/span><\/span><\/span><\/span><\/span><\/span><\/p><\/p>\n","protected":false},"excerpt":{"rendered":"<p>Merkmale: Abgerundete Passform f\u00fcr maximalen Komfort Strapazierf\u00e4hige und flexible Materialien f\u00fcr eine perfekte Passform und 4-Wege-Stretch&#8230;<\/p>\n","protected":false},"featured_media":11550,"comment_status":"open","ping_status":"open","template":"","meta":{"_acf_changed":false},"brand":[2177],"gender":[],"product_brand":[],"product_cat":[2216,2028,2248],"product_tag":[],"class_list":{"0":"post-125227","1":"product","2":"type-product","3":"status-publish","4":"has-post-thumbnail","6":"brand-oneal-de","7":"product_cat-fur-die-jungsten-de","8":"product_cat-motocross-ausrustung","9":"product_cat-mx-handschuhe-de","10":"pa_velikost-st-l-de","11":"pa_velikost-st-m-de","12":"pa_velikost-st-s-de","13":"pa_velikost-st-xl-de","14":"pa_velikost-st-xs-de","16":"first","17":"onbackorder","18":"taxable","19":"shipping-taxable","20":"purchasable","21":"product-type-variable"},"acf":[],"_links":{"self":[{"href":"https:\/\/moto-oprema.com\/de\/wp-json\/wp\/v2\/product\/125227","targetHints":{"allow":["GET"]}}],"collection":[{"href":"https:\/\/moto-oprema.com\/de\/wp-json\/wp\/v2\/product"}],"about":[{"href":"https:\/\/moto-oprema.com\/de\/wp-json\/wp\/v2\/types\/product"}],"replies":[{"embeddable":true,"href":"https:\/\/moto-oprema.com\/de\/wp-json\/wp\/v2\/comments?post=125227"}],"wp:featuredmedia":[{"embeddable":true,"href":"https:\/\/moto-oprema.com\/de\/wp-json\/wp\/v2\/media\/11550"}],"wp:attachment":[{"href":"https:\/\/moto-oprema.com\/de\/wp-json\/wp\/v2\/media?parent=125227"}],"wp:term":[{"taxonomy":"brand","embeddable":true,"href":"https:\/\/moto-oprema.com\/de\/wp-json\/wp\/v2\/brand?post=125227"},{"taxonomy":"gender","embeddable":true,"href":"https:\/\/moto-oprema.com\/de\/wp-json\/wp\/v2\/gender?post=125227"},{"taxonomy":"product_brand","embeddable":true,"href":"https:\/\/moto-oprema.com\/de\/wp-json\/wp\/v2\/product_brand?post=125227"},{"taxonomy":"product_cat","embeddable":true,"href":"https:\/\/moto-oprema.com\/de\/wp-json\/wp\/v2\/product_cat?post=125227"},{"taxonomy":"product_tag","embeddable":true,"href":"https:\/\/moto-oprema.com\/de\/wp-json\/wp\/v2\/product_tag?post=125227"}],"curies":[{"name":"wp","href":"https:\/\/api.w.org\/{rel}","templated":true}]}}