{"id":125212,"date":"2020-11-12T15:09:44","date_gmt":"2020-11-12T15:09:44","guid":{"rendered":"https:\/\/moto-oprema.com\/Artikel\/fliegenhandschuhe-medien-2\/"},"modified":"2020-11-12T15:09:44","modified_gmt":"2020-11-12T15:09:44","slug":"fliegenhandschuhe-medien-2","status":"publish","type":"product","link":"https:\/\/moto-oprema.com\/de\/Artikel\/fliegenhandschuhe-medien-2\/","title":{"rendered":"FLIEGENHANDSCHUHE MEDIEN"},"content":{"rendered":"<p><span style=\"color:#000000;\"><span style=\"font-family:'Times New Roman', serif;\"><span style=\"font-size:medium;\"><span style=\"color:#252525;\"><span style=\"font-family:Arial, Verdana, Helvetica;\"><span style=\"font-size:small;\"><span lang=\"en\" xml_lang=\"en\">Minimalistisch, unbegrenzter Schutz und ein Griff, der nie versagt. Gepolsterter Stil mit bequemer, sicherer Passform. <\/span><\/span><\/span><\/span><\/span><\/span><\/span><\/p>\n<\/p>\n<p><span style=\"color:#000000;\"><span style=\"font-family:'Times New Roman', serif;\"><span style=\"font-size:medium;\"><span style=\"color:#252525;\"><span style=\"font-family:Arial, Verdana, Helvetica;\"><span style=\"font-size:small;\"><span lang=\"en\" xml_lang=\"en\">Merkmale:<\/span><\/span><\/span><\/span><\/span><\/span><\/span><\/p>\n<p>&#8211; Perforierte Kunstlederschicht auf der Handfl\u00e4che f\u00fcr ein leichteres Gef\u00fchl und mehr Bel\u00fcftung<br \/>&#8211; Leichtes und winddichtes Gewebe auf der R\u00fcckseite der Handfl\u00e4che, auf den Fingern und zwischen den Fingern<br \/>&#8211; Silikon auf den Fingern und der Handfl\u00e4che f\u00fcr besseren Grip<br \/>&#8211; Verst\u00e4rkte Doppelschicht \u00fcber dem Daumen<br \/>&#8211; Auch in Farbkombinationen erh\u00e4ltlich: orange\/schwarz  <\/p>\n<p><span style=\"color:#000000;\"><span style=\"font-family:'Times New Roman', serif;\"><span style=\"font-size:medium;\"><span style=\"color:#252525;\"><span style=\"font-family:Arial, Verdana, Helvetica;\"><span style=\"font-size:small;\"><span lang=\"en\" xml_lang=\"en\">Rohbesetzung:<br \/><\/span><\/span><\/span><\/span><\/span><\/span><\/span><\/p>\n<p><span style=\"color:#000000;\"><span style=\"font-family:'Times New Roman', serif;\"><span style=\"font-size:medium;\"><span style=\"color:#1e2123;\"><span lang=\"en\" xml_lang=\"en\">41% Nylon<\/span><\/span><\/span><\/span><\/span><\/p>\n<p align=\"left\"><span style=\"color:#1e2123;\"><span style=\"font-family:'Times New Roman', serif;\"><span style=\"font-size:medium;\">31% Polyester<\/span><\/span><\/span><\/p>\n<p align=\"left\"><span style=\"color:#1e2123;\"><span style=\"font-family:'Times New Roman', serif;\"><span style=\"font-size:medium;\">15% Gummi<\/span><\/span><\/span><\/p>\n<p align=\"left\"><span style=\"color:#1e2123;\"><span style=\"font-family:'Times New Roman', serif;\"><span style=\"font-size:medium;\">7% Polyurethan (PU)<\/span><\/span><\/span><\/p>\n<p align=\"left\"><span style=\"color:#1e2123;\"><span style=\"font-family:'Times New Roman', serif;\"><span style=\"font-size:medium;\">6% Elastan<\/span><\/span><\/span><\/p><\/p>\n","protected":false},"excerpt":{"rendered":"<p>Minimalistisch, unbegrenzter Schutz und ein Griff, der nie versagt. Gepolsterter Stil mit bequemer, sicherer Passform. Merkmale:&#8230;<\/p>\n","protected":false},"featured_media":11543,"comment_status":"open","ping_status":"open","template":"","meta":{"_acf_changed":false},"brand":[2661],"gender":[2173],"product_brand":[],"product_cat":[2028,2070],"product_tag":[],"class_list":{"0":"post-125212","1":"product","2":"type-product","3":"status-publish","4":"has-post-thumbnail","6":"brand-fly-racing-de","7":"gender-unisex-de","8":"product_cat-motocross-ausrustung","9":"product_cat-mx-handschuhe","10":"pa_velikost-st-l-de","11":"pa_velikost-st-m-de","12":"pa_velikost-st-s-de","13":"pa_velikost-st-xl-de","14":"pa_velikost-st-xxl-de","16":"first","17":"onbackorder","18":"taxable","19":"shipping-taxable","20":"purchasable","21":"product-type-variable"},"acf":[],"_links":{"self":[{"href":"https:\/\/moto-oprema.com\/de\/wp-json\/wp\/v2\/product\/125212","targetHints":{"allow":["GET"]}}],"collection":[{"href":"https:\/\/moto-oprema.com\/de\/wp-json\/wp\/v2\/product"}],"about":[{"href":"https:\/\/moto-oprema.com\/de\/wp-json\/wp\/v2\/types\/product"}],"replies":[{"embeddable":true,"href":"https:\/\/moto-oprema.com\/de\/wp-json\/wp\/v2\/comments?post=125212"}],"wp:featuredmedia":[{"embeddable":true,"href":"https:\/\/moto-oprema.com\/de\/wp-json\/wp\/v2\/media\/11543"}],"wp:attachment":[{"href":"https:\/\/moto-oprema.com\/de\/wp-json\/wp\/v2\/media?parent=125212"}],"wp:term":[{"taxonomy":"brand","embeddable":true,"href":"https:\/\/moto-oprema.com\/de\/wp-json\/wp\/v2\/brand?post=125212"},{"taxonomy":"gender","embeddable":true,"href":"https:\/\/moto-oprema.com\/de\/wp-json\/wp\/v2\/gender?post=125212"},{"taxonomy":"product_brand","embeddable":true,"href":"https:\/\/moto-oprema.com\/de\/wp-json\/wp\/v2\/product_brand?post=125212"},{"taxonomy":"product_cat","embeddable":true,"href":"https:\/\/moto-oprema.com\/de\/wp-json\/wp\/v2\/product_cat?post=125212"},{"taxonomy":"product_tag","embeddable":true,"href":"https:\/\/moto-oprema.com\/de\/wp-json\/wp\/v2\/product_tag?post=125212"}],"curies":[{"name":"wp","href":"https:\/\/api.w.org\/{rel}","templated":true}]}}