{"id":125206,"date":"2020-11-13T18:17:36","date_gmt":"2020-11-13T18:17:36","guid":{"rendered":"https:\/\/moto-oprema.com\/Artikel\/alpinestars-lederjacke-faster-v2\/"},"modified":"2020-11-13T18:17:36","modified_gmt":"2020-11-13T18:17:36","slug":"alpinestars-lederjacke-faster-v2","status":"publish","type":"product","link":"https:\/\/moto-oprema.com\/de\/Artikel\/alpinestars-lederjacke-faster-v2\/","title":{"rendered":"ALPINESTARS LEDERJACKE FASTER V2"},"content":{"rendered":"<p><span style=\"font-family: 'Times New Roman', serif\"><span style=\"font-size: medium\"><span style=\"color: #252525\"><span style=\"font-family: 'proxima-nova', sans-serif\"><span style=\"font-size: small\"><span lang=\"en\" xml_lang=\"en\">Premium-Leder &#8211; hergestellt aus 1,3 mm hochwertigem Rindsleder<\/span><\/span><\/span><\/span><\/span><\/span><\/p>\n<p><span style=\"font-family: 'Times New Roman', serif\"><span style=\"font-size: medium\"><span style=\"color: #252525\"><span style=\"font-family: 'proxima-nova', sans-serif\"><span style=\"font-size: small\"><span lang=\"en\" xml_lang=\"en\">Strategisch platzierte Stretcheins\u00e4tze an \u00c4rmeln, Brust und R\u00fccken verbessern Passform und Komfort<\/span><\/span><\/span><\/span><\/span><\/span><\/p>\n<p><span style=\"font-family: 'Times New Roman', serif\"><span style=\"font-size: medium\"><span style=\"color: #252525\"><span style=\"font-family: 'proxima-nova', sans-serif\"><span style=\"font-size: small\"><span lang=\"en\" xml_lang=\"en\">Klettverschluss f\u00fcr bessere Passform und individuellen Verschluss<\/span><\/span><\/span><\/span><\/span><\/span><\/p>\n<p><span style=\"font-family: 'Times New Roman', serif\"><span style=\"font-size: medium\"><span style=\"color: #252525\"><span style=\"font-family: 'proxima-nova', sans-serif\"><span style=\"font-size: small\"><span lang=\"en\" xml_lang=\"en\">Zwei Rei\u00dfverschlusstaschen und eine wasserdichte Innentasche<\/span><\/span><\/span><\/span><\/span><\/span><\/p>\n<p><span style=\"font-family: 'Times New Roman', serif\"><span style=\"font-size: medium\"><span style=\"color: #252525\"><span style=\"font-family: 'proxima-nova', sans-serif\"><span style=\"font-size: small\"><span lang=\"en\" xml_lang=\"en\">Die Lufteinl\u00e4sse mit Rei\u00dfverschluss sind strategisch positioniert, um den Luftstrom im ge\u00f6ffneten Zustand zu optimieren<\/span><\/span><\/span><\/span><\/span><\/span><\/p>\n<p><span style=\"font-family: 'Times New Roman', serif\"><span style=\"font-size: medium\"><span style=\"color: #252525\"><span style=\"font-family: 'proxima-nova', sans-serif\"><span style=\"font-size: small\"><span lang=\"en\" xml_lang=\"en\">Lokalisierte Perforationen f\u00fcr hervorragende Bel\u00fcftung und internen Luftstrom<\/span><\/span><\/span><\/span><\/span><\/span><\/p>\n<p><span style=\"font-family: 'Times New Roman', serif\"><span style=\"font-size: medium\"><span style=\"color: #252525\"><span style=\"font-family: 'proxima-nova', sans-serif\"><span style=\"font-size: small\"><span lang=\"en\" xml_lang=\"en\">Niedrige Kragenkonstruktion mit komfortablem Saum aus Mikrofaser und 3D-Stoff im Krageninnenfutter f\u00fcr mehr Komfort<\/span><\/span><\/span><\/span><\/span><\/span><\/p>\n<p><span style=\"font-family: 'Times New Roman', serif\"><span style=\"font-size: medium\"><span style=\"color: #252525\"><span style=\"font-family: 'proxima-nova', sans-serif\"><span style=\"font-size: small\"><span lang=\"en\" xml_lang=\"en\">Das gegliederte \u00c4rmeldesign verbessert die Passform und reduziert die Erm\u00fcdung beim Fahren<\/span><\/span><\/span><\/span><\/span><\/span><\/p>\n<p><span style=\"font-family: 'Times New Roman', serif\"><span style=\"font-size: medium\"><span style=\"color: #252525\"><span style=\"font-family: 'proxima-nova', sans-serif\"><span style=\"font-size: small\"><span lang=\"en\" xml_lang=\"en\">Reflektierende Details verbessern die Sichtbarkeit des Fahrers<\/span><\/span><\/span><\/span><\/span><\/span><\/p>\n<p><span style=\"font-family: 'Times New Roman', serif\"><span style=\"font-size: medium\"><span style=\"color: #252525\"><span style=\"font-family: 'proxima-nova', sans-serif\"><span style=\"font-size: small\"><span lang=\"en\" xml_lang=\"en\">Komfortabler Mikrofasersaum an Kragen und Manschetten<\/span><\/span><\/span><\/span><\/span><\/span><\/p>\n<p><span style=\"font-family: 'Times New Roman', serif\"><span style=\"font-size: medium\"><span style=\"color: #252525\"><span style=\"font-family: 'proxima-nova', sans-serif\"><span style=\"font-size: small\"><span lang=\"en\" xml_lang=\"en\">Gestickte Logos f\u00fcr ein einzigartiges Aussehen und Design<\/span><\/span><\/span><\/span><\/span><\/span><\/p>\n<p><span style=\"font-family: 'Times New Roman', serif\"><span style=\"font-size: medium\"><span style=\"color: #252525\"><span style=\"font-family: 'proxima-nova', sans-serif\"><span style=\"font-size: small\"><span lang=\"en\" xml_lang=\"en\">Brustpolster und R\u00fcckenpolster mit PE-Polsterung (Alpinestars Nucleon Brust- und R\u00fcckenpolster als Zubeh\u00f6r erh\u00e4ltlich)<\/span><\/span><\/span><\/span><\/span><\/span><\/p>\n<p><span style=\"font-family: 'Times New Roman', serif\"><span style=\"font-size: medium\"><span style=\"color: #252525\"><span style=\"font-family: 'proxima-nova', sans-serif\"><span style=\"font-size: small\"><span lang=\"en\" xml_lang=\"en\">Alpinestars Nucleon Mehrknopf-R\u00fcckenschutzsystem mit Level 2 Zertifizierung<\/span><\/span><\/span><\/span><\/span><\/span><\/p>\n<p><span style=\"font-family: 'Times New Roman', serif\"><span style=\"font-size: medium\"><span style=\"color: #252525\"><span style=\"font-family: 'proxima-nova', sans-serif\"><span style=\"font-size: small\"><span lang=\"en\" xml_lang=\"en\">Zertifizierte biologische Schulter- und Ellbogenpanzer<\/span><\/span><\/span><\/span><\/span><\/span><\/p>\n<p><span style=\"font-family: 'Times New Roman', serif\"><span style=\"font-size: medium\"><span style=\"color: #252525\"><span style=\"font-family: 'proxima-nova', sans-serif\"><span style=\"font-size: small\"><span lang=\"en\" xml_lang=\"en\">Der neu entwickelte Schulterprotektor verf\u00fcgt \u00fcber einen fortschrittlichen TPU-Schutz, der unter dem Au\u00dfenmaterial f\u00fcr optimalen Schutz und Komfort sorgt<\/span><\/span><\/span><\/span><\/span><\/span><\/p>\n<p><span style=\"font-family: 'Times New Roman', serif\"><span style=\"font-size: medium\"><span style=\"color: #252525\"><span style=\"font-family: 'proxima-nova', sans-serif\"><span style=\"font-size: small\"><span lang=\"en\" xml_lang=\"en\">Dieses Kleidungsst\u00fcck ist gem\u00e4\u00df der Richtlinie 89\/686\/EWG zertifiziert.<\/span><\/span><\/span><\/span><\/span><\/span><\/p>\n<p><span style=\"color: #252525;font-family: 'proxima-nova', sans-serif;font-size: small\">Zusammensetzung des Rohmaterials.<\/span><\/p>\n","protected":false},"excerpt":{"rendered":"<p>Premium-Leder &#8211; hergestellt aus 1,3 mm hochwertigem Rindsleder Strategisch platzierte Stretcheins\u00e4tze an \u00c4rmeln, Brust und R\u00fccken&#8230;<\/p>\n","protected":false},"featured_media":11575,"comment_status":"open","ping_status":"open","template":"","meta":{"_acf_changed":false},"brand":[2111],"gender":[2168],"product_brand":[],"product_cat":[1357,2045,2048],"product_tag":[],"class_list":{"0":"post-125206","1":"product","2":"type-product","3":"status-publish","4":"has-post-thumbnail","6":"brand-alpinestars-de","7":"gender-moski-de","8":"product_cat-ausrustung-fur-motorradfahrer","9":"product_cat-jakne-de","10":"product_cat-textil-jacken","11":"pa_velikost-st-48-de","12":"pa_velikost-st-50-de","13":"pa_velikost-st-52-de","14":"pa_velikost-st-54-de","15":"pa_velikost-st-56-de","16":"pa_velikost-st-58-de","18":"first","19":"instock","20":"sale","21":"taxable","22":"shipping-taxable","23":"purchasable","24":"product-type-variable"},"acf":[],"_links":{"self":[{"href":"https:\/\/moto-oprema.com\/de\/wp-json\/wp\/v2\/product\/125206","targetHints":{"allow":["GET"]}}],"collection":[{"href":"https:\/\/moto-oprema.com\/de\/wp-json\/wp\/v2\/product"}],"about":[{"href":"https:\/\/moto-oprema.com\/de\/wp-json\/wp\/v2\/types\/product"}],"replies":[{"embeddable":true,"href":"https:\/\/moto-oprema.com\/de\/wp-json\/wp\/v2\/comments?post=125206"}],"wp:featuredmedia":[{"embeddable":true,"href":"https:\/\/moto-oprema.com\/de\/wp-json\/wp\/v2\/media\/11575"}],"wp:attachment":[{"href":"https:\/\/moto-oprema.com\/de\/wp-json\/wp\/v2\/media?parent=125206"}],"wp:term":[{"taxonomy":"brand","embeddable":true,"href":"https:\/\/moto-oprema.com\/de\/wp-json\/wp\/v2\/brand?post=125206"},{"taxonomy":"gender","embeddable":true,"href":"https:\/\/moto-oprema.com\/de\/wp-json\/wp\/v2\/gender?post=125206"},{"taxonomy":"product_brand","embeddable":true,"href":"https:\/\/moto-oprema.com\/de\/wp-json\/wp\/v2\/product_brand?post=125206"},{"taxonomy":"product_cat","embeddable":true,"href":"https:\/\/moto-oprema.com\/de\/wp-json\/wp\/v2\/product_cat?post=125206"},{"taxonomy":"product_tag","embeddable":true,"href":"https:\/\/moto-oprema.com\/de\/wp-json\/wp\/v2\/product_tag?post=125206"}],"curies":[{"name":"wp","href":"https:\/\/api.w.org\/{rel}","templated":true}]}}