{"id":125130,"date":"2020-11-12T11:12:27","date_gmt":"2020-11-12T11:12:27","guid":{"rendered":"https:\/\/moto-oprema.com\/Artikel\/leatt-moto-2-5-windblock-handschuhe\/"},"modified":"2020-11-12T11:12:27","modified_gmt":"2020-11-12T11:12:27","slug":"leatt-moto-2-5-windblock-handschuhe","status":"publish","type":"product","link":"https:\/\/moto-oprema.com\/de\/Artikel\/leatt-moto-2-5-windblock-handschuhe\/","title":{"rendered":"LEATT MOTO 2.5 WINDBLOCK HANDSCHUHE"},"content":{"rendered":"<div class=\"rte\">\n<div class=\"tw-ta-container tw-nfl\" id=\"tw-target-text-container\">\n<p><span style=\"color:#000000;\"><span style=\"font-family:'Times New Roman', serif;\"><span style=\"font-size:medium;\"><span><span lang=\"en\" xml_lang=\"en\"><span>Der Palma MicronGrip setzt einen neuen Standard f\u00fcr Handschuhe in dieser Preisklasse, mit neuen FormFit-Fingern\u00e4hten, die sowohl bei N\u00e4sse als auch bei Trockenheit exzellenten Grip und ein hervorragendes Tragegef\u00fchl bieten. <\/span><\/span><\/span><\/span><\/span><\/span><\/p>\n<\/p>\n<p><span style=\"color:#000000;\"><span style=\"font-family:'Times New Roman', serif;\"><span style=\"font-size:medium;\"><span><span lang=\"en\" xml_lang=\"en\"><span>Merkmale:<\/span><\/span><\/span><\/span><\/span><\/span><\/p>\n<\/p>\n<\/p>\n<p><span style=\"color:#000000;\"><span style=\"font-family:'Times New Roman', serif;\"><span style=\"font-size:medium;\"><span><span lang=\"en\" xml_lang=\"en\"><span>Neue FormFit-Zehennaht f\u00fcr besten Halt und Gef\u00fchl<\/span><\/span><\/span><\/span><\/span><\/span><\/p>\n<\/p>\n<p><span style=\"color:#000000;\"><span style=\"font-family:'Times New Roman', serif;\"><span style=\"font-size:medium;\"><span><span lang=\"en\" xml_lang=\"en\"><span>Neue SlideLock Handgelenkschlaufe f\u00fcr einen sicheren Sitz<\/span><\/span><\/span><\/span><\/span><\/span><\/p>\n<\/p>\n<p><span style=\"color:#000000;\"><span style=\"font-family:'Times New Roman', serif;\"><span style=\"font-size:medium;\"><span><span lang=\"en\" xml_lang=\"en\"><span>WindBlock Obermaterial<\/span><\/span><\/span><\/span><\/span><\/span><\/p>\n<\/p>\n<p><span style=\"color:#000000;\"><span style=\"font-family:'Times New Roman', serif;\"><span style=\"font-size:medium;\"><span><span lang=\"en\" xml_lang=\"en\"><span>Mikroinjizierte 3D Brush Guard Verst\u00e4rkung f\u00fcr Mollusken und Gelenke<\/span><\/span><\/span><\/span><\/span><\/span><\/p>\n<\/p>\n<p><span style=\"color:#000000;\"><span style=\"font-family:'Times New Roman', serif;\"><span style=\"font-size:medium;\"><span><span lang=\"en\" xml_lang=\"en\"><span>Dlan MicronGrip<\/span><\/span><\/span><\/span><\/span><\/span><\/p>\n<\/p>\n<p><span style=\"color:#000000;\"><span style=\"font-family:'Times New Roman', serif;\"><span style=\"font-size:medium;\"><span><span lang=\"en\" xml_lang=\"en\"><span>Extrem d\u00fcnn mit hervorragendem Lenkgef\u00fchl<\/span><\/span><\/span><\/span><\/span><\/span><\/p>\n<\/p>\n<p><span style=\"color:#000000;\"><span style=\"font-family:'Times New Roman', serif;\"><span style=\"font-size:medium;\"><span><span lang=\"en\" xml_lang=\"en\"><span>Ausgezeichnete Haftung auf trockener und nasser Fahrbahn<\/span><\/span><\/span><\/span><\/span><\/span><\/p>\n<\/p>\n<p><span style=\"color:#000000;\"><span style=\"font-family:'Times New Roman', serif;\"><span style=\"font-size:medium;\"><span><span lang=\"en\" xml_lang=\"en\"><span>\u00c4u\u00dferst langlebig mit Touchscreen-Funktion<\/span><\/span><\/span><\/span><\/span><\/span><\/p>\n<\/p>\n<p><span style=\"color:#000000;\"><span style=\"font-family:'Times New Roman', serif;\"><span style=\"font-size:medium;\"><span><span lang=\"en\" xml_lang=\"en\"><span>Vorgeformte, eng anliegende und nahtlose Handfl\u00e4che<\/span><\/span><\/span><\/span><\/span><\/span><\/p>\n<\/p>\n<p><span style=\"color:#000000;\"><span style=\"font-family:'Times New Roman', serif;\"><span style=\"font-size:medium;\"><span><span lang=\"en\" xml_lang=\"en\"><span>Mehrreihige, technische N\u00e4hte f\u00fcr Langlebigkeit<\/span><\/span><\/span><\/span><\/span><\/span><\/p>\n<\/p>\n<\/p>\n<p><span style=\"color:#000000;\"><span style=\"font-family:'Times New Roman', serif;\"><span style=\"font-size:medium;\"><span><span lang=\"en\" xml_lang=\"en\"><span>Material 90% Polyester, 10% Polyurethan<\/span><\/span><\/span><\/span><\/span><\/span><\/p>\n<\/p>\n<\/div>\n<\/div>\n","protected":false},"excerpt":{"rendered":"<p>Der Palma MicronGrip setzt einen neuen Standard f\u00fcr Handschuhe in dieser Preisklasse, mit neuen FormFit-Fingern\u00e4hten, die&#8230;<\/p>\n","protected":false},"featured_media":11439,"comment_status":"open","ping_status":"open","template":"","meta":{"_acf_changed":false},"brand":[2121],"gender":[2173],"product_brand":[],"product_cat":[2028,2070],"product_tag":[],"class_list":{"0":"post-125130","1":"product","2":"type-product","3":"status-publish","4":"has-post-thumbnail","6":"brand-leatt-de","7":"gender-unisex-de","8":"product_cat-motocross-ausrustung","9":"product_cat-mx-handschuhe","10":"pa_velikost-st-l-de","11":"pa_velikost-st-m-de","12":"pa_velikost-st-s-de","13":"pa_velikost-st-xl-de","14":"pa_velikost-st-xxl-de","16":"first","17":"onbackorder","18":"taxable","19":"shipping-taxable","20":"purchasable","21":"product-type-variable"},"acf":[],"_links":{"self":[{"href":"https:\/\/moto-oprema.com\/de\/wp-json\/wp\/v2\/product\/125130","targetHints":{"allow":["GET"]}}],"collection":[{"href":"https:\/\/moto-oprema.com\/de\/wp-json\/wp\/v2\/product"}],"about":[{"href":"https:\/\/moto-oprema.com\/de\/wp-json\/wp\/v2\/types\/product"}],"replies":[{"embeddable":true,"href":"https:\/\/moto-oprema.com\/de\/wp-json\/wp\/v2\/comments?post=125130"}],"wp:featuredmedia":[{"embeddable":true,"href":"https:\/\/moto-oprema.com\/de\/wp-json\/wp\/v2\/media\/11439"}],"wp:attachment":[{"href":"https:\/\/moto-oprema.com\/de\/wp-json\/wp\/v2\/media?parent=125130"}],"wp:term":[{"taxonomy":"brand","embeddable":true,"href":"https:\/\/moto-oprema.com\/de\/wp-json\/wp\/v2\/brand?post=125130"},{"taxonomy":"gender","embeddable":true,"href":"https:\/\/moto-oprema.com\/de\/wp-json\/wp\/v2\/gender?post=125130"},{"taxonomy":"product_brand","embeddable":true,"href":"https:\/\/moto-oprema.com\/de\/wp-json\/wp\/v2\/product_brand?post=125130"},{"taxonomy":"product_cat","embeddable":true,"href":"https:\/\/moto-oprema.com\/de\/wp-json\/wp\/v2\/product_cat?post=125130"},{"taxonomy":"product_tag","embeddable":true,"href":"https:\/\/moto-oprema.com\/de\/wp-json\/wp\/v2\/product_tag?post=125130"}],"curies":[{"name":"wp","href":"https:\/\/api.w.org\/{rel}","templated":true}]}}