{"id":125078,"date":"2020-11-11T19:31:22","date_gmt":"2020-11-11T19:31:22","guid":{"rendered":"https:\/\/moto-oprema.com\/Artikel\/alpinestars-handschuhe-sr-3-v2-drystar\/"},"modified":"2020-11-11T19:31:22","modified_gmt":"2020-11-11T19:31:22","slug":"alpinestars-handschuhe-sr-3-v2-drystar","status":"publish","type":"product","link":"https:\/\/moto-oprema.com\/de\/Artikel\/alpinestars-handschuhe-sr-3-v2-drystar\/","title":{"rendered":"ALPINESTARS HANDSCHUHE SR-3 V2 DRYSTAR"},"content":{"rendered":"<p>Die Alpinestars SR-3 Handschuhe sind wasserdicht und verf\u00fcgen \u00fcber die Alpinestars DRYSTAR Membran. Sie verf\u00fcgen au\u00dferdem \u00fcber ein Thermofutter, das den Einsatz bei einer Vielzahl von Wetterbedingungen erm\u00f6glicht. Sie werden mit einem breiten Klettverschluss geschlossen, der das Handgelenk gut abdeckt und es erm\u00f6glicht, dass die Handschuhe und die Jacke einen effektiven Schutz gegen das Wetter bilden.  <\/p>\n<p>Zusammensetzung des Rohmaterials: Kunstleder, Poly-Gewebe<\/p>\n","protected":false},"excerpt":{"rendered":"<p>Die Alpinestars SR-3 Handschuhe sind wasserdicht und verf\u00fcgen \u00fcber die Alpinestars DRYSTAR Membran. Sie verf\u00fcgen au\u00dferdem&#8230;<\/p>\n","protected":false},"featured_media":11369,"comment_status":"open","ping_status":"open","template":"","meta":{"_acf_changed":false},"brand":[2111],"gender":[2168],"product_brand":[],"product_cat":[1357,2086,2188],"product_tag":[],"class_list":{"0":"post-125078","1":"product","2":"type-product","3":"status-publish","4":"has-post-thumbnail","6":"brand-alpinestars-de","7":"gender-moski-de","8":"product_cat-ausrustung-fur-motorradfahrer","9":"product_cat-handschuhe","10":"product_cat-lederhandschuhe","11":"pa_velikost-st-l-de","12":"pa_velikost-st-m-de","13":"pa_velikost-st-s-de","14":"pa_velikost-st-xl-de","15":"pa_velikost-st-xxl-de","17":"first","18":"onbackorder","19":"sale","20":"taxable","21":"shipping-taxable","22":"purchasable","23":"product-type-variable"},"acf":[],"_links":{"self":[{"href":"https:\/\/moto-oprema.com\/de\/wp-json\/wp\/v2\/product\/125078","targetHints":{"allow":["GET"]}}],"collection":[{"href":"https:\/\/moto-oprema.com\/de\/wp-json\/wp\/v2\/product"}],"about":[{"href":"https:\/\/moto-oprema.com\/de\/wp-json\/wp\/v2\/types\/product"}],"replies":[{"embeddable":true,"href":"https:\/\/moto-oprema.com\/de\/wp-json\/wp\/v2\/comments?post=125078"}],"wp:featuredmedia":[{"embeddable":true,"href":"https:\/\/moto-oprema.com\/de\/wp-json\/wp\/v2\/media\/11369"}],"wp:attachment":[{"href":"https:\/\/moto-oprema.com\/de\/wp-json\/wp\/v2\/media?parent=125078"}],"wp:term":[{"taxonomy":"brand","embeddable":true,"href":"https:\/\/moto-oprema.com\/de\/wp-json\/wp\/v2\/brand?post=125078"},{"taxonomy":"gender","embeddable":true,"href":"https:\/\/moto-oprema.com\/de\/wp-json\/wp\/v2\/gender?post=125078"},{"taxonomy":"product_brand","embeddable":true,"href":"https:\/\/moto-oprema.com\/de\/wp-json\/wp\/v2\/product_brand?post=125078"},{"taxonomy":"product_cat","embeddable":true,"href":"https:\/\/moto-oprema.com\/de\/wp-json\/wp\/v2\/product_cat?post=125078"},{"taxonomy":"product_tag","embeddable":true,"href":"https:\/\/moto-oprema.com\/de\/wp-json\/wp\/v2\/product_tag?post=125078"}],"curies":[{"name":"wp","href":"https:\/\/api.w.org\/{rel}","templated":true}]}}