{"id":125077,"date":"2020-11-12T10:46:32","date_gmt":"2020-11-12T10:46:32","guid":{"rendered":"https:\/\/moto-oprema.com\/Artikel\/leatt-moto-4-5-lite-handschuhe\/"},"modified":"2020-11-12T10:46:32","modified_gmt":"2020-11-12T10:46:32","slug":"leatt-moto-4-5-lite-handschuhe","status":"publish","type":"product","link":"https:\/\/moto-oprema.com\/de\/Artikel\/leatt-moto-4-5-lite-handschuhe\/","title":{"rendered":"LEATT MOTO 4.5 LITE HANDSCHUHE"},"content":{"rendered":"<p>Optimaler Schutz durch hochwertiges NANOGRIP-Material (7.500 Mal d\u00fcnner als menschliches Haar), erstklassiger Aufprallschutz f\u00fcr Kn\u00f6chel und Handr\u00fccken, FormFit-Fingernaht, dehnbares Material auf dem Handr\u00fccken, CE-gepr\u00fcft<\/p>\n<p>Zusammensetzung des Rohmaterials:<\/p>\n<p>100% Polyester<\/p>\n","protected":false},"excerpt":{"rendered":"<p>Optimaler Schutz durch hochwertiges NANOGRIP-Material (7.500 Mal d\u00fcnner als menschliches Haar), erstklassiger Aufprallschutz f\u00fcr Kn\u00f6chel und&#8230;<\/p>\n","protected":false},"featured_media":11411,"comment_status":"open","ping_status":"open","template":"","meta":{"_acf_changed":false},"brand":[2121],"gender":[2173],"product_brand":[],"product_cat":[2028,2070],"product_tag":[],"class_list":{"0":"post-125077","1":"product","2":"type-product","3":"status-publish","4":"has-post-thumbnail","6":"brand-leatt-de","7":"gender-unisex-de","8":"product_cat-motocross-ausrustung","9":"product_cat-mx-handschuhe","10":"pa_velikost-st-l-de","11":"pa_velikost-st-m-de","12":"pa_velikost-st-s-de","13":"pa_velikost-st-xl-de","14":"pa_velikost-st-xxl-de","16":"first","17":"onbackorder","18":"taxable","19":"shipping-taxable","20":"purchasable","21":"product-type-variable"},"acf":[],"_links":{"self":[{"href":"https:\/\/moto-oprema.com\/de\/wp-json\/wp\/v2\/product\/125077","targetHints":{"allow":["GET"]}}],"collection":[{"href":"https:\/\/moto-oprema.com\/de\/wp-json\/wp\/v2\/product"}],"about":[{"href":"https:\/\/moto-oprema.com\/de\/wp-json\/wp\/v2\/types\/product"}],"replies":[{"embeddable":true,"href":"https:\/\/moto-oprema.com\/de\/wp-json\/wp\/v2\/comments?post=125077"}],"wp:featuredmedia":[{"embeddable":true,"href":"https:\/\/moto-oprema.com\/de\/wp-json\/wp\/v2\/media\/11411"}],"wp:attachment":[{"href":"https:\/\/moto-oprema.com\/de\/wp-json\/wp\/v2\/media?parent=125077"}],"wp:term":[{"taxonomy":"brand","embeddable":true,"href":"https:\/\/moto-oprema.com\/de\/wp-json\/wp\/v2\/brand?post=125077"},{"taxonomy":"gender","embeddable":true,"href":"https:\/\/moto-oprema.com\/de\/wp-json\/wp\/v2\/gender?post=125077"},{"taxonomy":"product_brand","embeddable":true,"href":"https:\/\/moto-oprema.com\/de\/wp-json\/wp\/v2\/product_brand?post=125077"},{"taxonomy":"product_cat","embeddable":true,"href":"https:\/\/moto-oprema.com\/de\/wp-json\/wp\/v2\/product_cat?post=125077"},{"taxonomy":"product_tag","embeddable":true,"href":"https:\/\/moto-oprema.com\/de\/wp-json\/wp\/v2\/product_tag?post=125077"}],"curies":[{"name":"wp","href":"https:\/\/api.w.org\/{rel}","templated":true}]}}