{"id":125052,"date":"2020-11-11T18:59:09","date_gmt":"2020-11-11T18:59:09","guid":{"rendered":"https:\/\/moto-oprema.com\/Artikel\/alpinestars-rennhandschuhe-sp-2-v3-3\/"},"modified":"2020-11-11T18:59:09","modified_gmt":"2020-11-11T18:59:09","slug":"alpinestars-rennhandschuhe-sp-2-v3-3","status":"publish","type":"product","link":"https:\/\/moto-oprema.com\/de\/Artikel\/alpinestars-rennhandschuhe-sp-2-v3-3\/","title":{"rendered":"ALPINESTARS RENNHANDSCHUHE SP-2 V3"},"content":{"rendered":"<p><span>Optimaler Komfort und Schutz, Kn\u00f6chelschutz aus Carbon, 3. und 4. Zehe verbunden, perforiert f\u00fcr optimale Atmungsaktivit\u00e4t.  <\/p>\n<p>Zusammensetzung des Rohmaterials:  <\/span><span><span>60% Leder,<\/span><span> 24% Polyurethan,<\/span><span> 11% Kunstleder,<\/span><span> 3% Kohlefaser,<\/span><br \/><span>2% Neopren<\/span><span><strong>. F\u00fcller<\/strong>:<\/span><span> <\/span><span>  100% Polyester.<\/span><\/span><\/p>\n","protected":false},"excerpt":{"rendered":"<p>Optimaler Komfort und Schutz, Kn\u00f6chelschutz aus Carbon, 3. und 4. Zehe verbunden, perforiert f\u00fcr optimale Atmungsaktivit\u00e4t&#8230;.<\/p>\n","protected":false},"featured_media":11355,"comment_status":"open","ping_status":"open","template":"","meta":{"_acf_changed":false},"brand":[2111],"gender":[2168],"product_brand":[],"product_cat":[1357,2086,2188],"product_tag":[],"class_list":{"0":"post-125052","1":"product","2":"type-product","3":"status-publish","4":"has-post-thumbnail","6":"brand-alpinestars-de","7":"gender-moski-de","8":"product_cat-ausrustung-fur-motorradfahrer","9":"product_cat-handschuhe","10":"product_cat-lederhandschuhe","11":"pa_velikost-st-l-de","12":"pa_velikost-st-m-de","13":"pa_velikost-st-s-de","14":"pa_velikost-st-xl-de","15":"pa_velikost-st-xxl-de","17":"first","18":"onbackorder","19":"sale","20":"taxable","21":"shipping-taxable","22":"purchasable","23":"product-type-variable"},"acf":[],"_links":{"self":[{"href":"https:\/\/moto-oprema.com\/de\/wp-json\/wp\/v2\/product\/125052","targetHints":{"allow":["GET"]}}],"collection":[{"href":"https:\/\/moto-oprema.com\/de\/wp-json\/wp\/v2\/product"}],"about":[{"href":"https:\/\/moto-oprema.com\/de\/wp-json\/wp\/v2\/types\/product"}],"replies":[{"embeddable":true,"href":"https:\/\/moto-oprema.com\/de\/wp-json\/wp\/v2\/comments?post=125052"}],"wp:featuredmedia":[{"embeddable":true,"href":"https:\/\/moto-oprema.com\/de\/wp-json\/wp\/v2\/media\/11355"}],"wp:attachment":[{"href":"https:\/\/moto-oprema.com\/de\/wp-json\/wp\/v2\/media?parent=125052"}],"wp:term":[{"taxonomy":"brand","embeddable":true,"href":"https:\/\/moto-oprema.com\/de\/wp-json\/wp\/v2\/brand?post=125052"},{"taxonomy":"gender","embeddable":true,"href":"https:\/\/moto-oprema.com\/de\/wp-json\/wp\/v2\/gender?post=125052"},{"taxonomy":"product_brand","embeddable":true,"href":"https:\/\/moto-oprema.com\/de\/wp-json\/wp\/v2\/product_brand?post=125052"},{"taxonomy":"product_cat","embeddable":true,"href":"https:\/\/moto-oprema.com\/de\/wp-json\/wp\/v2\/product_cat?post=125052"},{"taxonomy":"product_tag","embeddable":true,"href":"https:\/\/moto-oprema.com\/de\/wp-json\/wp\/v2\/product_tag?post=125052"}],"curies":[{"name":"wp","href":"https:\/\/api.w.org\/{rel}","templated":true}]}}