{"id":125051,"date":"2020-11-11T20:39:19","date_gmt":"2020-11-11T20:39:19","guid":{"rendered":"https:\/\/moto-oprema.com\/Artikel\/tld-handschuhe-air-gear-kopf\/"},"modified":"2020-11-11T20:39:19","modified_gmt":"2020-11-11T20:39:19","slug":"tld-handschuhe-air-gear-kopf","status":"publish","type":"product","link":"https:\/\/moto-oprema.com\/de\/Artikel\/tld-handschuhe-air-gear-kopf\/","title":{"rendered":"TLD HANDSCHUHE AIR GEAR KOPF"},"content":{"rendered":"<p>Leichtes und atmungsaktives Lycra\/Spandex-Mesh-Geh\u00e4use, einlagige perforierte Clarino-Kunstleder-Innenhand, atmungsaktives Mesh-Material in den Zehenzwischenr\u00e4umen, atmungsaktive B\u00fcndchen. Limitierte Sonderausgabe! <\/p>\n<\/p>\n<div class=\"tw-ta-container tw-nfl\" id=\"tw-target-text-container\">\n<div class=\"tw-ta-container tw-nfl\">\n<p class=\"tw-data-text tw-text-large tw-ta\" dir=\"ltr\"><span xml_lang=\"sl\" lang=\"sl\">-55% Elasthan, 30% Kunstleder (60% Polyamid, 40% Polyurethan), 10% Polyvinylchlorid (PVC), 5% Polycroprene (Airprene)<\/span><\/p>\n<\/div>\n<p class=\"tw-data-placeholder tw-text-small tw-ta\" id=\"tw-target-rmn\" dir=\"ltr\">\n<\/div>\n","protected":false},"excerpt":{"rendered":"<p>Leichtes und atmungsaktives Lycra\/Spandex-Mesh-Geh\u00e4use, einlagige perforierte Clarino-Kunstleder-Innenhand, atmungsaktives Mesh-Material in den Zehenzwischenr\u00e4umen, atmungsaktive B\u00fcndchen. Limitierte Sonderausgabe!&#8230;<\/p>\n","protected":false},"featured_media":11399,"comment_status":"open","ping_status":"open","template":"","meta":{"_acf_changed":false},"brand":[2657],"gender":[2173],"product_brand":[],"product_cat":[2028,2070],"product_tag":[],"class_list":{"0":"post-125051","1":"product","2":"type-product","3":"status-publish","4":"has-post-thumbnail","6":"brand-tld-de","7":"gender-unisex-de","8":"product_cat-motocross-ausrustung","9":"product_cat-mx-handschuhe","10":"pa_velikost-st-l-de","11":"pa_velikost-st-m-de","12":"pa_velikost-st-s-de","13":"pa_velikost-st-xl-de","15":"first","16":"onbackorder","17":"taxable","18":"shipping-taxable","19":"purchasable","20":"product-type-variable"},"acf":[],"_links":{"self":[{"href":"https:\/\/moto-oprema.com\/de\/wp-json\/wp\/v2\/product\/125051","targetHints":{"allow":["GET"]}}],"collection":[{"href":"https:\/\/moto-oprema.com\/de\/wp-json\/wp\/v2\/product"}],"about":[{"href":"https:\/\/moto-oprema.com\/de\/wp-json\/wp\/v2\/types\/product"}],"replies":[{"embeddable":true,"href":"https:\/\/moto-oprema.com\/de\/wp-json\/wp\/v2\/comments?post=125051"}],"wp:featuredmedia":[{"embeddable":true,"href":"https:\/\/moto-oprema.com\/de\/wp-json\/wp\/v2\/media\/11399"}],"wp:attachment":[{"href":"https:\/\/moto-oprema.com\/de\/wp-json\/wp\/v2\/media?parent=125051"}],"wp:term":[{"taxonomy":"brand","embeddable":true,"href":"https:\/\/moto-oprema.com\/de\/wp-json\/wp\/v2\/brand?post=125051"},{"taxonomy":"gender","embeddable":true,"href":"https:\/\/moto-oprema.com\/de\/wp-json\/wp\/v2\/gender?post=125051"},{"taxonomy":"product_brand","embeddable":true,"href":"https:\/\/moto-oprema.com\/de\/wp-json\/wp\/v2\/product_brand?post=125051"},{"taxonomy":"product_cat","embeddable":true,"href":"https:\/\/moto-oprema.com\/de\/wp-json\/wp\/v2\/product_cat?post=125051"},{"taxonomy":"product_tag","embeddable":true,"href":"https:\/\/moto-oprema.com\/de\/wp-json\/wp\/v2\/product_tag?post=125051"}],"curies":[{"name":"wp","href":"https:\/\/api.w.org\/{rel}","templated":true}]}}