{"id":125011,"date":"2020-11-03T10:51:12","date_gmt":"2020-11-03T10:51:12","guid":{"rendered":"https:\/\/moto-oprema.com\/Artikel\/leatt-gpx-5-5-flexlock-enduro\/"},"modified":"2020-11-03T10:51:12","modified_gmt":"2020-11-03T10:51:12","slug":"leatt-gpx-5-5-flexlock-enduro","status":"publish","type":"product","link":"https:\/\/moto-oprema.com\/de\/Artikel\/leatt-gpx-5-5-flexlock-enduro\/","title":{"rendered":"LEATT GPX 5.5 FLEXLOCK ENDURO"},"content":{"rendered":"<div class=\"ui-tabs-panel ui-widget-content ui-corner-bottom\" id=\"tab-product-description\">\n<div class=\"description\">\n<p>Neues Leatt Modell  <span class=\"tlid-translation translation\" xml_lang=\"sl\" lang=\"sl\">Moto 5.5 Flexlock Enduro-Schuhe mit drei wesentlichen Elementen: Komfort, Sicherheit und Design. Dank der gew\u00e4hlten Materialien und der ausgefeilten Passform f\u00fchlen sich auch breitere F\u00fc\u00dfe beim Fahren im Gel\u00e4nde sehr wohl. Dank einer Reihe neuer Technologien, die speziell von Leatt entwickelt wurden, bieten sie ein neues Ma\u00df an Sicherheit &#8211; und sch\u00fctzen sogar bis zu einem gewissen Grad die Knie. Das moderne und futuristische Design macht sie au\u00dferdem sehr attraktiv!   <\/span><\/p>\n<p><strong>Merkmale:<\/strong><\/p>\n<ul>\n<li>Hervorragender Komfort mit erstklassiger Passform auch f\u00fcr breite F\u00fc\u00dfe<\/li>\n<li>Verschluss: SlideLock-System, automatisch verriegelnder Einweg-Schiebeverschluss f\u00fcr hervorragende Abdichtung am oberen Ende des Stiefels<\/li>\n<li>Geschmiedete Aluminiumschnallen mit Over-Lock-System und Sockel aus Edelstahl<\/li>\n<li>FlexLock System: einstellbarer unterer Stiefel-Flex f\u00fcr pers\u00f6nliche Vorlieben<\/li>\n<li>LockOut der seitlichen Kn\u00f6chelbewegung, um die Kr\u00e4fte auf den Kn\u00f6chel um bis zu 37% zu reduzieren<\/li>\n<li>Bis zu 35% geringere Krafteinwirkung auf das Knie<\/li>\n<li>*Reduktionen gegen\u00fcber dem Marktf\u00fchrer\/den meisten High-End-Stiefeln<\/li>\n<li>Die Innenseite des Stiefels ist flach und griffig f\u00fcr ein gutes Gef\u00fchl<\/li>\n<li>Flache Zehenbox f\u00fcr einfaches Schalten<\/li>\n<li>3D-geformter Aufprallschaum \u00fcber den Kn\u00f6cheln f\u00fcr zus\u00e4tzlichen Schutz<\/li>\n<li>Fersengriff am Kn\u00f6chel f\u00fcr Stabilit\u00e4t, wenn Sie auf den Zehen stehen<\/li>\n<li>Sohle mit Enduro-Muster f\u00fcr mehr Grip beim Schieben des Motorrads<\/li>\n<li>DualZone-H\u00e4rte<\/li>\n<li>Verl\u00e4ngerter Fu\u00dfstollenbereich f\u00fcr Fu\u00dfgew\u00f6lbe und Zehentrenner<\/li>\n<li>Stahlschaft verst\u00e4rkt  <\/li>\n<li>Innenfutter: Atmungsaktives 3D-Mesh-Innenfutter mit rutschfester Verst\u00e4rkung f\u00fcr Null-Fersenhub<\/li>\n<\/ul>\n<\/div>\n<\/div>\n","protected":false},"excerpt":{"rendered":"<p>Leatt GPX 5.5 FlexLock ENDURO Stiefel<\/p>\n","protected":false},"featured_media":11165,"comment_status":"open","ping_status":"open","template":"","meta":{"_acf_changed":false},"brand":[2121],"gender":[2168],"product_brand":[],"product_cat":[1357,2028,2244],"product_tag":[],"class_list":{"0":"post-125011","1":"product","2":"type-product","3":"status-publish","4":"has-post-thumbnail","6":"brand-leatt-de","7":"gender-moski-de","8":"product_cat-ausrustung-fur-motorradfahrer","9":"product_cat-motocross-ausrustung","10":"product_cat-mx-stiefel","11":"pa_size-10445-de","12":"pa_size-11455-de","13":"pa_size-12-46-47-de","14":"pa_size-943-de","16":"first","17":"onbackorder","18":"sale","19":"taxable","20":"shipping-taxable","21":"purchasable","22":"product-type-variable"},"acf":[],"_links":{"self":[{"href":"https:\/\/moto-oprema.com\/de\/wp-json\/wp\/v2\/product\/125011","targetHints":{"allow":["GET"]}}],"collection":[{"href":"https:\/\/moto-oprema.com\/de\/wp-json\/wp\/v2\/product"}],"about":[{"href":"https:\/\/moto-oprema.com\/de\/wp-json\/wp\/v2\/types\/product"}],"replies":[{"embeddable":true,"href":"https:\/\/moto-oprema.com\/de\/wp-json\/wp\/v2\/comments?post=125011"}],"wp:featuredmedia":[{"embeddable":true,"href":"https:\/\/moto-oprema.com\/de\/wp-json\/wp\/v2\/media\/11165"}],"wp:attachment":[{"href":"https:\/\/moto-oprema.com\/de\/wp-json\/wp\/v2\/media?parent=125011"}],"wp:term":[{"taxonomy":"brand","embeddable":true,"href":"https:\/\/moto-oprema.com\/de\/wp-json\/wp\/v2\/brand?post=125011"},{"taxonomy":"gender","embeddable":true,"href":"https:\/\/moto-oprema.com\/de\/wp-json\/wp\/v2\/gender?post=125011"},{"taxonomy":"product_brand","embeddable":true,"href":"https:\/\/moto-oprema.com\/de\/wp-json\/wp\/v2\/product_brand?post=125011"},{"taxonomy":"product_cat","embeddable":true,"href":"https:\/\/moto-oprema.com\/de\/wp-json\/wp\/v2\/product_cat?post=125011"},{"taxonomy":"product_tag","embeddable":true,"href":"https:\/\/moto-oprema.com\/de\/wp-json\/wp\/v2\/product_tag?post=125011"}],"curies":[{"name":"wp","href":"https:\/\/api.w.org\/{rel}","templated":true}]}}