{"id":125006,"date":"2020-11-11T18:35:56","date_gmt":"2020-11-11T18:35:56","guid":{"rendered":"https:\/\/moto-oprema.com\/Artikel\/alpinestars-handschuhe-wr-1-v2-gore-tex\/"},"modified":"2020-11-11T18:35:56","modified_gmt":"2020-11-11T18:35:56","slug":"alpinestars-handschuhe-wr-1-v2-gore-tex","status":"publish","type":"product","link":"https:\/\/moto-oprema.com\/de\/Artikel\/alpinestars-handschuhe-wr-1-v2-gore-tex\/","title":{"rendered":"ALPINESTARS HANDSCHUHE WR-1 V2 GORE-TEX\u00ae"},"content":{"rendered":"<p xml_lang=\"sl-si\" lang=\"sl-si\"><span style=\"color:#222222;\"><span style=\"font-family:'Times New Roman', serif;\"><span style=\"font-size:medium;\"><span style=\"color:#000000;\"><span style=\"font-family:inherit;\"><span style=\"font-size:small;\">Allwetter-Reisehandschuh, Oberarm aus Leder und Softshell f\u00fcr hohe Strapazierf\u00e4higkeit und Komfort, robuster Schutz, Fingerbr\u00fccke zwischen drittem und viertem Finger, Zeigefinger kompatibel mit Touchscreen, wasserdicht und atmungsaktiv dank hochwertiger Gore-Tex-Membran, CE Level 1 EN 13594:2015, KP<\/span><\/span><\/span><\/span><\/span><\/span><\/p>\n","protected":false},"excerpt":{"rendered":"<p>Allwetter-Reisehandschuh, Oberarm aus Leder und Softshell f\u00fcr hohe Strapazierf\u00e4higkeit und Komfort, robuster Schutz, Fingerbr\u00fccke zwischen drittem&#8230;<\/p>\n","protected":false},"featured_media":11336,"comment_status":"open","ping_status":"closed","template":"","meta":{"_acf_changed":false},"brand":[2111],"gender":[2168],"product_brand":[],"product_cat":[1357,2086,2092],"product_tag":[],"class_list":{"0":"post-125006","1":"product","2":"type-product","3":"status-publish","4":"has-post-thumbnail","6":"brand-alpinestars-de","7":"gender-moski-de","8":"product_cat-ausrustung-fur-motorradfahrer","9":"product_cat-handschuhe","10":"product_cat-textil-handschuhe","11":"pa_velikost-st-l-de","12":"pa_velikost-st-m-de","13":"pa_velikost-st-s-de","14":"pa_velikost-st-xl-de","15":"pa_velikost-st-xxl-de","17":"first","18":"outofstock","19":"taxable","20":"shipping-taxable","21":"purchasable","22":"product-type-variable"},"acf":[],"_links":{"self":[{"href":"https:\/\/moto-oprema.com\/de\/wp-json\/wp\/v2\/product\/125006","targetHints":{"allow":["GET"]}}],"collection":[{"href":"https:\/\/moto-oprema.com\/de\/wp-json\/wp\/v2\/product"}],"about":[{"href":"https:\/\/moto-oprema.com\/de\/wp-json\/wp\/v2\/types\/product"}],"replies":[{"embeddable":true,"href":"https:\/\/moto-oprema.com\/de\/wp-json\/wp\/v2\/comments?post=125006"}],"wp:featuredmedia":[{"embeddable":true,"href":"https:\/\/moto-oprema.com\/de\/wp-json\/wp\/v2\/media\/11336"}],"wp:attachment":[{"href":"https:\/\/moto-oprema.com\/de\/wp-json\/wp\/v2\/media?parent=125006"}],"wp:term":[{"taxonomy":"brand","embeddable":true,"href":"https:\/\/moto-oprema.com\/de\/wp-json\/wp\/v2\/brand?post=125006"},{"taxonomy":"gender","embeddable":true,"href":"https:\/\/moto-oprema.com\/de\/wp-json\/wp\/v2\/gender?post=125006"},{"taxonomy":"product_brand","embeddable":true,"href":"https:\/\/moto-oprema.com\/de\/wp-json\/wp\/v2\/product_brand?post=125006"},{"taxonomy":"product_cat","embeddable":true,"href":"https:\/\/moto-oprema.com\/de\/wp-json\/wp\/v2\/product_cat?post=125006"},{"taxonomy":"product_tag","embeddable":true,"href":"https:\/\/moto-oprema.com\/de\/wp-json\/wp\/v2\/product_tag?post=125006"}],"curies":[{"name":"wp","href":"https:\/\/api.w.org\/{rel}","templated":true}]}}