{"id":124873,"date":"2021-04-20T09:49:29","date_gmt":"2021-04-20T09:49:29","guid":{"rendered":"https:\/\/moto-oprema.com\/Artikel\/spidi-damen-pathfinder-cargo-militaerhose\/"},"modified":"2021-04-20T09:49:29","modified_gmt":"2021-04-20T09:49:29","slug":"spidi-damen-pathfinder-cargo-militaerhose","status":"publish","type":"product","link":"https:\/\/moto-oprema.com\/de\/Artikel\/spidi-damen-pathfinder-cargo-militaerhose\/","title":{"rendered":"SPIDI DAMEN PATHFINDER CARGO MILIT\u00c4RHOSE"},"content":{"rendered":"<div id=\"tw-source-text-container\" class=\"tw-ta-container tw-nfl\">\n<div id=\"tw-target\">\n<div id=\"kAz1tf\" class=\"g9WsWb\">\n<div id=\"tw-target-text-container\" class=\"tw-ta-container tw-nfl\">\n<p id=\"tw-target-text\" class=\"tw-data-text tw-text-large tw-ta\" dir=\"ltr\" style=\"text-align: left\"><span lang=\"sl\" xml_lang=\"sl\">Hergestellt aus Cordura\/Baumwollmischung. Mit verstellbaren und herausnehmbaren Warrior lev.1-Knieschonern und tragbaren zus\u00e4tzlichen Warrior Lite-H\u00fcftpolstern. Zertifiziert nach Klasse A gem\u00e4\u00df (EU) 2016\/454.   <\/span><\/p>\n<\/div>\n<\/div>\n<\/div>\n<\/div>\n<p>Materialzusammensetzung: Cordura, Baumwolle<\/p>\n<p>Schlankes Modell.<\/p>\n","protected":false},"excerpt":{"rendered":"<p>Spidi Pathfinder Cargo Damenhose, sehr robuste Cargohose mit sechs Taschen.<\/p>\n","protected":false},"featured_media":124883,"comment_status":"open","ping_status":"closed","template":"","meta":{"_acf_changed":false},"brand":[2124],"gender":[2170],"product_brand":[],"product_cat":[1357,2189,2190,3406],"product_tag":[],"class_list":{"0":"post-124873","1":"product","2":"type-product","3":"status-publish","4":"has-post-thumbnail","6":"brand-spidi-de","7":"gender-zenska-de","8":"product_cat-ausrustung-fur-motorradfahrer","9":"product_cat-hose","10":"product_cat-jeans-hosen","11":"product_cat-outlet-de","12":"pa_size-26-de","13":"pa_size-27-de","14":"pa_size-28-de","15":"pa_size-29-de","16":"pa_size-30-de","17":"pa_size-31-de","18":"pa_size-32-de","19":"pa_size-33-de","20":"pa_size-34-de","22":"first","23":"onbackorder","24":"sale","25":"taxable","26":"shipping-taxable","27":"purchasable","28":"product-type-variable"},"acf":[],"_links":{"self":[{"href":"https:\/\/moto-oprema.com\/de\/wp-json\/wp\/v2\/product\/124873","targetHints":{"allow":["GET"]}}],"collection":[{"href":"https:\/\/moto-oprema.com\/de\/wp-json\/wp\/v2\/product"}],"about":[{"href":"https:\/\/moto-oprema.com\/de\/wp-json\/wp\/v2\/types\/product"}],"replies":[{"embeddable":true,"href":"https:\/\/moto-oprema.com\/de\/wp-json\/wp\/v2\/comments?post=124873"}],"wp:featuredmedia":[{"embeddable":true,"href":"https:\/\/moto-oprema.com\/de\/wp-json\/wp\/v2\/media\/124883"}],"wp:attachment":[{"href":"https:\/\/moto-oprema.com\/de\/wp-json\/wp\/v2\/media?parent=124873"}],"wp:term":[{"taxonomy":"brand","embeddable":true,"href":"https:\/\/moto-oprema.com\/de\/wp-json\/wp\/v2\/brand?post=124873"},{"taxonomy":"gender","embeddable":true,"href":"https:\/\/moto-oprema.com\/de\/wp-json\/wp\/v2\/gender?post=124873"},{"taxonomy":"product_brand","embeddable":true,"href":"https:\/\/moto-oprema.com\/de\/wp-json\/wp\/v2\/product_brand?post=124873"},{"taxonomy":"product_cat","embeddable":true,"href":"https:\/\/moto-oprema.com\/de\/wp-json\/wp\/v2\/product_cat?post=124873"},{"taxonomy":"product_tag","embeddable":true,"href":"https:\/\/moto-oprema.com\/de\/wp-json\/wp\/v2\/product_tag?post=124873"}],"curies":[{"name":"wp","href":"https:\/\/api.w.org\/{rel}","templated":true}]}}