{"id":124804,"date":"2021-04-20T09:14:09","date_gmt":"2021-04-20T09:14:09","guid":{"rendered":"https:\/\/moto-oprema.com\/Artikel\/spidi-laser-touring-leder-2tlg-schwarz\/"},"modified":"2021-04-20T09:14:09","modified_gmt":"2021-04-20T09:14:09","slug":"spidi-laser-touring-leder-2tlg-schwarz","status":"publish","type":"product","link":"https:\/\/moto-oprema.com\/de\/Artikel\/spidi-laser-touring-leder-2tlg-schwarz\/","title":{"rendered":"SPIDI LASER TOURING LEDER 2TLG. SCHWARZ"},"content":{"rendered":"<p><span class=\"VIiyi\" xml_lang=\"sl\" lang=\"sl\"><span class=\"JLqJ4b ChMk0b\"><span>Laser Touring hat den SPIDI speziell f\u00fcr Sportler und Sporttouring-Fahrer entwickelt.<\/span><\/span> <span class=\"JLqJ4b ChMk0b\"><span>Jeder Laser Touring ist CE-zertifiziert nach prEN 17092-2:2017 Klasse AAA und hat eine Au\u00dfenseite aus strapazierf\u00e4higem, 1,1 bis 1,3 mm dickem Leder mit elastischem Nylon in den flexiblen Bereichen &#8211; das bietet au\u00dfergew\u00f6hnliche Abriebfestigkeit.<\/span><\/span><\/span> <\/p>\n<p>Merkmale:<\/p>\n<ul>\n<li>aus Rindsleder (1,1 &#8211; 1,3 mm dick) und hoch abriebfestem Tenax-6.6-Nylon<\/li>\n<li>Praktischer zweiteiliger Anzug<\/li>\n<li>Fest vern\u00e4htes Netzfutter<\/li>\n<li>weiche Neopreneins\u00e4tze am Kragen<\/li>\n<li>weiche Beinabschl\u00fcsse<\/li>\n<li>Eins\u00e4tze aus Akkordeonstretchmaterial f\u00fcr bessere Bewegungsfreiheit<\/li>\n<li>entspricht der Norm f\u00fcr Motorradschutzkleidung nach EN 17092, Klasse AAA (2016\/454)<\/li>\n<li>R\u00fcckenprotektor kann nachger\u00fcstet werden (ist nicht im Lieferumfang enthalten und muss separat bestellt werden)<\/li>\n<li>Krieger-Schulterkappen<\/li>\n<li>Krieger-Protektoren nach EN 1621-1, Stufe 2 an Knien und Ellenbogen<\/li>\n<li>Krieger-Protektoren nach EN 1621-1, Stufe 1 an H\u00fcfte und Schultern<\/li>\n<\/ul>\n<p>Zusammensetzung des Rohmaterials: 85% Rindsleder, 15% Nylon<\/p>\n","protected":false},"excerpt":{"rendered":"<p>Laser Touring hat den SPIDI speziell f\u00fcr Sportler und Sporttouring-Fahrer entwickelt. Jeder Laser Touring ist CE-zertifiziert&#8230;<\/p>\n","protected":false},"featured_media":12773,"comment_status":"open","ping_status":"open","template":"","meta":{"_acf_changed":false},"brand":[2124],"gender":[2168],"product_brand":[],"product_cat":[2175,1357],"product_tag":[],"class_list":{"0":"post-124804","1":"product","2":"type-product","3":"status-publish","4":"has-post-thumbnail","6":"brand-spidi-de","7":"gender-moski-de","8":"product_cat-2-teilige-latzhose","9":"product_cat-ausrustung-fur-motorradfahrer","10":"pa_size-48-de","11":"pa_size-50-de","12":"pa_size-52-de","13":"pa_size-54-de","14":"pa_size-56-de","15":"pa_size-58-de","17":"first","18":"outofstock","19":"sale","20":"taxable","21":"shipping-taxable","22":"purchasable","23":"product-type-variable"},"acf":[],"_links":{"self":[{"href":"https:\/\/moto-oprema.com\/de\/wp-json\/wp\/v2\/product\/124804","targetHints":{"allow":["GET"]}}],"collection":[{"href":"https:\/\/moto-oprema.com\/de\/wp-json\/wp\/v2\/product"}],"about":[{"href":"https:\/\/moto-oprema.com\/de\/wp-json\/wp\/v2\/types\/product"}],"replies":[{"embeddable":true,"href":"https:\/\/moto-oprema.com\/de\/wp-json\/wp\/v2\/comments?post=124804"}],"wp:featuredmedia":[{"embeddable":true,"href":"https:\/\/moto-oprema.com\/de\/wp-json\/wp\/v2\/media\/12773"}],"wp:attachment":[{"href":"https:\/\/moto-oprema.com\/de\/wp-json\/wp\/v2\/media?parent=124804"}],"wp:term":[{"taxonomy":"brand","embeddable":true,"href":"https:\/\/moto-oprema.com\/de\/wp-json\/wp\/v2\/brand?post=124804"},{"taxonomy":"gender","embeddable":true,"href":"https:\/\/moto-oprema.com\/de\/wp-json\/wp\/v2\/gender?post=124804"},{"taxonomy":"product_brand","embeddable":true,"href":"https:\/\/moto-oprema.com\/de\/wp-json\/wp\/v2\/product_brand?post=124804"},{"taxonomy":"product_cat","embeddable":true,"href":"https:\/\/moto-oprema.com\/de\/wp-json\/wp\/v2\/product_cat?post=124804"},{"taxonomy":"product_tag","embeddable":true,"href":"https:\/\/moto-oprema.com\/de\/wp-json\/wp\/v2\/product_tag?post=124804"}],"curies":[{"name":"wp","href":"https:\/\/api.w.org\/{rel}","templated":true}]}}