{"id":124675,"date":"2021-03-30T11:18:56","date_gmt":"2021-03-30T11:18:56","guid":{"rendered":"https:\/\/moto-oprema.com\/Artikel\/alpinestars-smx-s-schwarz-weiss\/"},"modified":"2021-03-30T11:18:56","modified_gmt":"2021-03-30T11:18:56","slug":"alpinestars-smx-s-schwarz-weiss","status":"publish","type":"product","link":"https:\/\/moto-oprema.com\/de\/Artikel\/alpinestars-smx-s-schwarz-weiss\/","title":{"rendered":"ALPINESTARS SMX-S SCHWARZ-WEISS"},"content":{"rendered":"<p>Die Alpinestars SMX-S Stiefel haben ein strapazierf\u00e4higes Obermaterial aus Mikrofaser, das Komfort und eine hervorragende Passform bietet. Und f\u00fcr Ihre Sicherheit ist auch gesorgt. Die SMX-S Stiefel haben einen ergonomisch geformten Vorderfu\u00df, ein atmungsaktives Futter und eine exklusive Alpinestars Gummilaufsohle, die optimalen Halt und Leistung gew\u00e4hrleistet.   Die Stiefel sind CE-zertifiziert.<\/p>\n<p>Merkmale:<\/p>\n<ul>\n<li>Strapazierf\u00e4higes Obermaterial aus Mikrofaser, das ein H\u00f6chstma\u00df an Flexibilit\u00e4t und Komfort bietet.<\/li>\n<li>Ergonomischer neuer Leisten f\u00fcr einen stromlinienf\u00f6rmigen Vorfu\u00dfbereich f\u00fcr mehr Pr\u00e4zision bei der Steuerung des Fahrrads und f\u00fcr ein hervorragendes, breit gef\u00e4chertes Fu\u00dfprofil, Passform und Komfort.  <\/li>\n<li>Der neue, ergonomisch optimierte TPU-Schienbeinprotektor ist aus dem Rennsport abgeleitet und bietet \u00fcberlegene Sto\u00df- und Abriebfestigkeit.<\/li>\n<li>Die seitliche TPR-injizierte Kn\u00f6chelst\u00fctzkonstruktion bietet ein optimales Ma\u00df an Schutz und Stabilit\u00e4t.<\/li>\n<li>TPU-Kn\u00f6chelprotektoren mit doppelter Dichte sind sowohl auf der lateralen als auch auf der medialen Seite unter dem Obermaterial angebracht und bieten einen hervorragenden Rundumschutz.<\/li>\n<li>Atmungsaktives Innenfutter aus Textil mit rutschfester Wildlederverst\u00e4rkung im Fersenbereich.<\/li>\n<li>Der integrierte, austauschbare, bi-injizierte TPU-Schieber verf\u00fcgt \u00fcber ein neues Konzept zur einfachen Befestigung ohne Schrauben f\u00fcr einen schnelleren und einfacheren Austausch.  <\/li>\n<li>Schaltpad aus TPU mit technischer Textur f\u00fcr Schutz und Griffigkeit.<\/li>\n<li>Das \u00d6ffnungs-\/Verschlusssystem an der medialen Seite verf\u00fcgt \u00fcber einen elastisch angebrachten Rei\u00dfverschluss mit breitem Klettverschluss f\u00fcr Flexibilit\u00e4t und sicheren Sitz. Die \u00d6ffnung ist gro\u00df, um den Ein- und Ausstieg zu erleichtern. <\/li>\n<li>Ein interner Zehenschutz ist unter dem Obermaterial angebracht und sorgt f\u00fcr Strapazierf\u00e4higkeit, ein besseres Gef\u00fchl und mehr Leistung.<\/li>\n<li>Das neue, herausnehmbare anatomische Fu\u00dfbett aus EVA und Lycra sorgt f\u00fcr Leistung, Komfort und Halt.<\/li>\n<li>Die neue und exklusive Gummisohle von Alpinestars sorgt f\u00fcr mehr Gef\u00fchl und Grip, Wasserableitung und Haltbarkeit.<\/li>\n<li>Der SMX-S Boot ist CE-zertifiziert.<\/li>\n<\/ul>\n<p>Materialzusammensetzung: Mikrofaser, TPU<\/p>\n","protected":false},"excerpt":{"rendered":"<p>Die Alpinestars SMX-S Stiefel haben ein strapazierf\u00e4higes Obermaterial aus Mikrofaser, das Komfort und eine hervorragende Passform&#8230;<\/p>\n","protected":false},"featured_media":12569,"comment_status":"open","ping_status":"closed","template":"","meta":{"_acf_changed":false},"brand":[2111],"gender":[2168],"product_brand":[],"product_cat":[1357,2043,2051],"product_tag":[],"class_list":{"0":"post-124675","1":"product","2":"type-product","3":"status-publish","4":"has-post-thumbnail","6":"brand-alpinestars-de","7":"gender-moski-de","8":"product_cat-ausrustung-fur-motorradfahrer","9":"product_cat-schuhe","10":"product_cat-sportliches-schuhwerk","11":"pa_velikost-skornji-41-de","12":"pa_velikost-skornji-42-de","13":"pa_velikost-skornji-43-de","14":"pa_velikost-skornji-44-de","15":"pa_velikost-skornji-45-de","16":"pa_velikost-skornji-46-de","18":"first","19":"outofstock","20":"sale","21":"taxable","22":"shipping-taxable","23":"purchasable","24":"product-type-variable"},"acf":[],"_links":{"self":[{"href":"https:\/\/moto-oprema.com\/de\/wp-json\/wp\/v2\/product\/124675","targetHints":{"allow":["GET"]}}],"collection":[{"href":"https:\/\/moto-oprema.com\/de\/wp-json\/wp\/v2\/product"}],"about":[{"href":"https:\/\/moto-oprema.com\/de\/wp-json\/wp\/v2\/types\/product"}],"replies":[{"embeddable":true,"href":"https:\/\/moto-oprema.com\/de\/wp-json\/wp\/v2\/comments?post=124675"}],"wp:featuredmedia":[{"embeddable":true,"href":"https:\/\/moto-oprema.com\/de\/wp-json\/wp\/v2\/media\/12569"}],"wp:attachment":[{"href":"https:\/\/moto-oprema.com\/de\/wp-json\/wp\/v2\/media?parent=124675"}],"wp:term":[{"taxonomy":"brand","embeddable":true,"href":"https:\/\/moto-oprema.com\/de\/wp-json\/wp\/v2\/brand?post=124675"},{"taxonomy":"gender","embeddable":true,"href":"https:\/\/moto-oprema.com\/de\/wp-json\/wp\/v2\/gender?post=124675"},{"taxonomy":"product_brand","embeddable":true,"href":"https:\/\/moto-oprema.com\/de\/wp-json\/wp\/v2\/product_brand?post=124675"},{"taxonomy":"product_cat","embeddable":true,"href":"https:\/\/moto-oprema.com\/de\/wp-json\/wp\/v2\/product_cat?post=124675"},{"taxonomy":"product_tag","embeddable":true,"href":"https:\/\/moto-oprema.com\/de\/wp-json\/wp\/v2\/product_tag?post=124675"}],"curies":[{"name":"wp","href":"https:\/\/api.w.org\/{rel}","templated":true}]}}