{"id":124624,"date":"2021-03-30T10:42:54","date_gmt":"2021-03-30T10:42:54","guid":{"rendered":"https:\/\/moto-oprema.com\/Artikel\/red-bull-spect-strive-mx-brille-matt-rot\/"},"modified":"2021-03-30T10:42:54","modified_gmt":"2021-03-30T10:42:54","slug":"red-bull-spect-strive-mx-brille-matt-rot","status":"publish","type":"product","link":"https:\/\/moto-oprema.com\/de\/Artikel\/red-bull-spect-strive-mx-brille-matt-rot\/","title":{"rendered":"RED BULL SPECT STRIVE MX BRILLE MATT ROT"},"content":{"rendered":"<p><span style=\"font-family:arial, helvetica, sans-serif;font-size:small\"><span class=\"VIiyi\" xml_lang=\"sl\" lang=\"sl\"><span class=\"JLqJ4b ChMk0b\"><span>Das Glas besteht aus schlagfestem Polycarbonat mit neu entwickelter &#8222;BOOST&#8220;-Technologie f\u00fcr verbesserten Kontrast und reduzierte Blendung.<\/span><\/span> <span class=\"JLqJ4b ChMk0b\"><span>Der Rahmen ist aus TPU-Material gefertigt. Der Kunststoff bleibt bei jeder Umgebungstemperatur weich und passt sich perfekt an das Gesicht an, ohne einen Luftspalt zu bilden.<\/span><\/span> <span class=\"JLqJ4b ChMk0b\"><span>Die Doppelverglasung wurde f\u00fcr optimale Sichtbarkeit laminiert.<\/span><\/span> <span class=\"JLqJ4b ChMk0b\"><span>Dank ihres d\u00fcnnen Rahmens bietet die Strive Brille ein 15 % gr\u00f6\u00dferes Sichtfeld als andere Brillenhersteller.<\/span><\/span> <span class=\"JLqJ4b ChMk0b\"><span>Die Bel\u00fcftung wurde mit PU-Schaum abgedeckt, um eine ausreichende Bel\u00fcftung zu gew\u00e4hrleisten und die Brille vor dem Eindringen von Feuchtigkeit oder Schmutz zu sch\u00fctzen.<\/span><\/span> <span class=\"JLqJ4b ChMk0b\"><span>Die Ultrafog-Innenscheibe h\u00e4lt 180 Sekunden lang dem Beschlagen stand und \u00fcbertrifft damit die vorgeschriebenen 30 Sekunden um das 6-fache. Der Schaumstoff besteht aus 4 Schichten mit einer abnehmbaren Klettfunktion. <\/span><\/span> <span class=\"JLqJ4b ChMk0b\"><span>Damit ist sichergestellt, dass verschmutzter oder besch\u00e4digter Schaumstoff leicht zu ersetzen ist.<\/span><\/span><\/span>   <\/span><\/p>\n","protected":false},"excerpt":{"rendered":"<p>Das Glas besteht aus schlagfestem Polycarbonat mit neu entwickelter &#8222;BOOST&#8220;-Technologie f\u00fcr verbesserten Kontrast und reduzierte Blendung&#8230;.<\/p>\n","protected":false},"featured_media":12549,"comment_status":"open","ping_status":"open","template":"","meta":{"_acf_changed":false},"brand":[2332],"gender":[2173],"product_brand":[],"product_cat":[2028,2182],"product_tag":[],"class_list":{"0":"post-124624","1":"product","2":"type-product","3":"status-publish","4":"has-post-thumbnail","6":"brand-roter-bulle","7":"gender-unisex-de","8":"product_cat-motocross-ausrustung","9":"product_cat-mx-brille","11":"first","12":"instock","13":"taxable","14":"shipping-taxable","15":"purchasable","16":"product-type-simple"},"acf":[],"_links":{"self":[{"href":"https:\/\/moto-oprema.com\/de\/wp-json\/wp\/v2\/product\/124624","targetHints":{"allow":["GET"]}}],"collection":[{"href":"https:\/\/moto-oprema.com\/de\/wp-json\/wp\/v2\/product"}],"about":[{"href":"https:\/\/moto-oprema.com\/de\/wp-json\/wp\/v2\/types\/product"}],"replies":[{"embeddable":true,"href":"https:\/\/moto-oprema.com\/de\/wp-json\/wp\/v2\/comments?post=124624"}],"wp:featuredmedia":[{"embeddable":true,"href":"https:\/\/moto-oprema.com\/de\/wp-json\/wp\/v2\/media\/12549"}],"wp:attachment":[{"href":"https:\/\/moto-oprema.com\/de\/wp-json\/wp\/v2\/media?parent=124624"}],"wp:term":[{"taxonomy":"brand","embeddable":true,"href":"https:\/\/moto-oprema.com\/de\/wp-json\/wp\/v2\/brand?post=124624"},{"taxonomy":"gender","embeddable":true,"href":"https:\/\/moto-oprema.com\/de\/wp-json\/wp\/v2\/gender?post=124624"},{"taxonomy":"product_brand","embeddable":true,"href":"https:\/\/moto-oprema.com\/de\/wp-json\/wp\/v2\/product_brand?post=124624"},{"taxonomy":"product_cat","embeddable":true,"href":"https:\/\/moto-oprema.com\/de\/wp-json\/wp\/v2\/product_cat?post=124624"},{"taxonomy":"product_tag","embeddable":true,"href":"https:\/\/moto-oprema.com\/de\/wp-json\/wp\/v2\/product_tag?post=124624"}],"curies":[{"name":"wp","href":"https:\/\/api.w.org\/{rel}","templated":true}]}}