{"id":124596,"date":"2021-03-17T10:20:05","date_gmt":"2021-03-17T10:20:05","guid":{"rendered":"https:\/\/moto-oprema.com\/Artikel\/alpinestars-maedchen-kapuze-banshee-schwarz\/"},"modified":"2021-03-17T10:20:05","modified_gmt":"2021-03-17T10:20:05","slug":"alpinestars-maedchen-kapuze-banshee-schwarz","status":"publish","type":"product","link":"https:\/\/moto-oprema.com\/de\/Artikel\/alpinestars-maedchen-kapuze-banshee-schwarz\/","title":{"rendered":"ALPINESTARS M\u00c4DCHEN KAPUZE BANSHEE SCHWARZ"},"content":{"rendered":"<p>Die Alpinestars Girl Hoody Banshee ist eine vielseitige, urbane Tech-Jacke f\u00fcr Damen<\/p>\n<p>100% Polyester<\/p>\n<div class=\"accordion-main\">\n<div class=\"product-info-accordion\" id=\"jq-product-info-accordion\">\n<div class=\"product-info-inner\">\n<div class=\"accordion-main\">\n<div class=\"product-info-accordion\">\n<div class=\"product-info-inner\">\n<div class=\"product-block-1\">\n<div class=\"accordion-block\">\n<div class=\"info-title allow active\">\n<h3>KONSTRUKTION<\/h3>\n<\/div>\n<div class=\"info-content\">\n<p>&#8211; Anatomisch geformt f\u00fcr eine optimierte weibliche Passform.<\/p>\n<p>&#8211; Das Gestell besteht aus hochwertiger Baumwolle und Polyester mit Elastan f\u00fcr mehr Fahrkomfort.<\/p>\n<p>&#8211; Stretch-Rippstoff an Kragen, Manschette und Po f\u00fcr eine optimale Passform.<\/p>\n<p>&#8211; Kevlar\u00ae an Schulter und Ellbogen f\u00fcr hohe Abriebfestigkeit.<\/p>\n<\/div>\n<\/div>\n<div class=\"accordion-block\">\n<div class=\"info-title allow active\">\n<h3>SCHL\u00dcSSEL-MERKMALE<\/h3>\n<\/div>\n<div class=\"info-content\">\n<p>&#8211; Dehnbare Rippstrickb\u00fcndchen am R\u00fccken und an der Unterseite der Jacke sorgen f\u00fcr eine optimale Passform und Leistung.<\/p>\n<p>&#8211; YKK-Rei\u00dfverschluss auf der Vorderseite mit Kratzschutz f\u00fcr einen sicheren Verschluss.<\/p>\n<p>&#8211; Die elastische Daumenschlaufe sorgt daf\u00fcr, dass der \u00c4rmel w\u00e4hrend der Fahrt in der richtigen Position bleibt.<\/p>\n<p>&#8211; Gestreckter Rippkragen f\u00fcr erh\u00f6hten Tragekomfort mit Druckknopfverschluss.<\/p>\n<p>&#8211; Reflektierende Details.<\/p>\n<\/div>\n<\/div>\n<\/div>\n<div class=\"product-block-2\">\n<div class=\"accordion-block\">\n<div class=\"info-title allow active\">\n<h3>SCHUTZ<\/h3>\n<\/div>\n<div class=\"info-content\">\n<p>&#8211; Nach europ\u00e4ischem Recht ist die CE-Kennzeichnung eine Konformit\u00e4tsvoraussetzung f\u00fcr das Inverkehrbringen dieses Produkts. F\u00fcr dieses Produkt gelten die folgenden Normen: <\/p>\n<p>&#8211; CE Kategorie II PSA Verordnung (EU) 2016\/425 &#8211; Klasse A.<\/p>\n<p>&#8211; CE Level 2 EN1621-2:2014 Alpinestars Nucleon R\u00fcckenprotektor, erh\u00e4ltlich als Zubeh\u00f6r-Upgrade.<\/p>\n<p>&#8211; CE Level 1 EN1621-1:2012 Alpinestars Nucleon Flex Plus Schulter- und Ellbogenprotektoren.<\/p>\n<p>&#8211; Zwei Rei\u00dfverschlusstaschen, eine wasserdichte Innentasche f\u00fcr Dokumente und eine Innentasche f\u00fcr das Innenfutter zur sicheren Aufbewahrung.<\/p>\n<p>&#8211; Alpinestars Level 1 Nucleon Flex Plus Panzerung an Schulter und Ellbogen (Nucleon Level 1 und Level 2 R\u00fcckenprotektor als Zubeh\u00f6r-Upgrade erh\u00e4ltlich).<\/p>\n<\/div>\n<\/div>\n<\/div>\n<\/div>\n<\/div>\n<\/div>\n<\/div>\n<\/div>\n<\/div>\n","protected":false},"excerpt":{"rendered":"<p>Die Alpinestars Girl Hoody Banshee ist eine vielseitige, urbane Tech-Jacke f\u00fcr Damen 100% Polyester KONSTRUKTION &#8211;&#8230;<\/p>\n","protected":false},"featured_media":12392,"comment_status":"open","ping_status":"closed","template":"","meta":{"_acf_changed":false},"brand":[2111],"gender":[2170],"product_brand":[],"product_cat":[1357,2045,2048],"product_tag":[],"class_list":{"0":"post-124596","1":"product","2":"type-product","3":"status-publish","4":"has-post-thumbnail","6":"brand-alpinestars-de","7":"gender-zenska-de","8":"product_cat-ausrustung-fur-motorradfahrer","9":"product_cat-jakne-de","10":"product_cat-textil-jacken","11":"pa_size-l-de","12":"pa_size-m-de","13":"pa_size-s-de","14":"pa_size-xl-de","15":"pa_size-xs-de","17":"first","18":"outofstock","19":"sale","20":"taxable","21":"shipping-taxable","22":"purchasable","23":"product-type-variable"},"acf":[],"_links":{"self":[{"href":"https:\/\/moto-oprema.com\/de\/wp-json\/wp\/v2\/product\/124596","targetHints":{"allow":["GET"]}}],"collection":[{"href":"https:\/\/moto-oprema.com\/de\/wp-json\/wp\/v2\/product"}],"about":[{"href":"https:\/\/moto-oprema.com\/de\/wp-json\/wp\/v2\/types\/product"}],"replies":[{"embeddable":true,"href":"https:\/\/moto-oprema.com\/de\/wp-json\/wp\/v2\/comments?post=124596"}],"wp:featuredmedia":[{"embeddable":true,"href":"https:\/\/moto-oprema.com\/de\/wp-json\/wp\/v2\/media\/12392"}],"wp:attachment":[{"href":"https:\/\/moto-oprema.com\/de\/wp-json\/wp\/v2\/media?parent=124596"}],"wp:term":[{"taxonomy":"brand","embeddable":true,"href":"https:\/\/moto-oprema.com\/de\/wp-json\/wp\/v2\/brand?post=124596"},{"taxonomy":"gender","embeddable":true,"href":"https:\/\/moto-oprema.com\/de\/wp-json\/wp\/v2\/gender?post=124596"},{"taxonomy":"product_brand","embeddable":true,"href":"https:\/\/moto-oprema.com\/de\/wp-json\/wp\/v2\/product_brand?post=124596"},{"taxonomy":"product_cat","embeddable":true,"href":"https:\/\/moto-oprema.com\/de\/wp-json\/wp\/v2\/product_cat?post=124596"},{"taxonomy":"product_tag","embeddable":true,"href":"https:\/\/moto-oprema.com\/de\/wp-json\/wp\/v2\/product_tag?post=124596"}],"curies":[{"name":"wp","href":"https:\/\/api.w.org\/{rel}","templated":true}]}}