{"id":124492,"date":"2021-03-16T11:19:36","date_gmt":"2021-03-16T11:19:36","guid":{"rendered":"https:\/\/moto-oprema.com\/Artikel\/alpinestars-gp-force-chaser-2-pc-b-r\/"},"modified":"2021-03-16T11:19:36","modified_gmt":"2021-03-16T11:19:36","slug":"alpinestars-gp-force-chaser-2-pc-b-r","status":"publish","type":"product","link":"https:\/\/moto-oprema.com\/de\/Artikel\/alpinestars-gp-force-chaser-2-pc-b-r\/","title":{"rendered":"ALPINESTARS GP FORCE CHASER 2 PC B\/R"},"content":{"rendered":"<p>Der Alpinestars GP Force Anzug ist sehr vielseitig und bequem. Hergestellt aus hochwertigem Leder f\u00fcr maximale Haltbarkeit und Abriebfestigkeit. Zahlreiche Stretch &#8211; Stretchbereiche bieten Komfort, auch in einer Rennposition. Und f\u00fcr ausgezeichnete Sicherheit sorgen CE-zertifizierte Schulterpolster und externe Verst\u00e4rkungen an den Schultern. Die Schieber an den Knien sind austauschbar. F\u00fcr noch mehr Sicherheit k\u00f6nnen Sie auch Alpinestars Nukleon Pads f\u00fcr verschiedene K\u00f6rperbereiche erwerben.     <\/p>\n<p>Zusammensetzung des Rohmaterials: 100% Rindsleder<\/p>\n<p align=\"left\">\n<p>Konstruktion:<\/p>\n<p>Hochwertiges 1,3 mm dickes Vollnarbenleder (extrem haltbar) f\u00fcr hervorragenden Komfort und Abriebfestigkeit.<\/p>\n<p>Strategisch platzierte perforierte Platten mit hoher Dichte f\u00fcr eine bessere Bel\u00fcftung.<\/p>\n<p>Sch\u00fctzende Eigenschaften<\/p>\n<p>Bio-Armor-Schutz an Schultern und Ellbogen mit CE-Zertifizierung.<\/p>\n<p>PE-Schaumstoff gepolstertes R\u00fcckenfach, f\u00fcr die Montage des Alpinestars Nucleon R\u00fcckenprotektors (nicht enthalten).<\/p>\n<p>Mit Polyschaum gepolsterte Brust f\u00fcr die Montage des Alpinestars Nucleon Brustprotektors (nicht im Lieferumfang enthalten).<\/p>\n<p>Kniekonstruktion aus mehreren Schichten, die auf der Rennstrecke entwickelt wurde, mit abnehmbaren und verstellbaren PU-Sportgleitern.<\/p>\n<p>Das Druckknopf-Verbindungssystem erm\u00f6glicht die Integration des Level 2 Nucleon R\u00fcckenprotektors mit CE-Zertifizierung (nicht im Lieferumfang enthalten).<\/p>\n<p>Einteiliger GP-R-Schutz f\u00fcr Knie, Schienbein und Schienbein (CE-zertifiziert) mit einer schwimmenden Konstruktion f\u00fcr eine vielseitige und pr\u00e4zise Passform. Auswechselbare Knieschleifer. <\/p>\n<p>Eingespritzte TPU GP LITE-Verst\u00e4rkungen an der Schulter, die mit Leder \u00fcberzogen sind, bieten zus\u00e4tzliche Abriebfestigkeit.<\/p>\n<p>Hochwertige Passform<\/p>\n<p>Vorgeformte \u00c4rmel und Beine f\u00fcr mehr Komfort in der Fahrposition.<\/p>\n<p>Die Konstruktion mit mehreren Paneelen umfasst Bereiche aus dehnbarem Akkordeon-Polygewebe, die strategisch auf dem R\u00fccken platziert sind und f\u00fcr mehr Bewegungsfreiheit sorgen, sowie Akkordeon-Paneele aus dehnbarem Leder an den Knien, Ellbogen und im Lendenbereich f\u00fcr eine enge, praktische Passform in verschiedenen Fahrpositionen.<\/p>\n<p>Reichlich Stretcheins\u00e4tze an \u00c4rmeln, Schritt und Brust f\u00fcr eine bessere Passform und Bewegungsfreiheit.<\/p>\n<p>Aerodynamischer H\u00f6cker zur Verbesserung der aerodynamischen Leistung und Bel\u00fcftung.<\/p>\n<p>Komfortable PE-Polsterung an strategischen Stellen f\u00fcr mehr Komfort und Schutz. Mesh-Futter f\u00fcr hervorragende Atmungsaktivit\u00e4t und Komfort. <\/p>\n<p>Kragen aus strukturiertem 3D-Stoff f\u00fcr mehr Komfort.<\/p>\n<p>Wasserdichte Innentasche zur sicheren Aufbewahrung.<\/p>\n<p>Erweiterbarer Teil mit Rei\u00dfverschluss an der Wade, der die Passform und den Komfort beim Reiten verbessert. Details auf der Vorderseite aufgedruckt. <\/p><\/p>\n","protected":false},"excerpt":{"rendered":"<p>Farbe: Schwarz<\/p>\n","protected":false},"featured_media":12338,"comment_status":"open","ping_status":"open","template":"","meta":{"_acf_changed":false},"brand":[2111],"gender":[2168],"product_brand":[],"product_cat":[2175,1357],"product_tag":[],"class_list":{"0":"post-124492","1":"product","2":"type-product","3":"status-publish","4":"has-post-thumbnail","6":"brand-alpinestars-de","7":"gender-moski-de","8":"product_cat-2-teilige-latzhose","9":"product_cat-ausrustung-fur-motorradfahrer","10":"pa_size-48-de","11":"pa_size-50-de","12":"pa_size-52-de","13":"pa_size-54-de","14":"pa_size-56-de","15":"pa_size-58-de","17":"first","18":"onbackorder","19":"sale","20":"taxable","21":"shipping-taxable","22":"purchasable","23":"product-type-variable"},"acf":[],"_links":{"self":[{"href":"https:\/\/moto-oprema.com\/de\/wp-json\/wp\/v2\/product\/124492","targetHints":{"allow":["GET"]}}],"collection":[{"href":"https:\/\/moto-oprema.com\/de\/wp-json\/wp\/v2\/product"}],"about":[{"href":"https:\/\/moto-oprema.com\/de\/wp-json\/wp\/v2\/types\/product"}],"replies":[{"embeddable":true,"href":"https:\/\/moto-oprema.com\/de\/wp-json\/wp\/v2\/comments?post=124492"}],"wp:featuredmedia":[{"embeddable":true,"href":"https:\/\/moto-oprema.com\/de\/wp-json\/wp\/v2\/media\/12338"}],"wp:attachment":[{"href":"https:\/\/moto-oprema.com\/de\/wp-json\/wp\/v2\/media?parent=124492"}],"wp:term":[{"taxonomy":"brand","embeddable":true,"href":"https:\/\/moto-oprema.com\/de\/wp-json\/wp\/v2\/brand?post=124492"},{"taxonomy":"gender","embeddable":true,"href":"https:\/\/moto-oprema.com\/de\/wp-json\/wp\/v2\/gender?post=124492"},{"taxonomy":"product_brand","embeddable":true,"href":"https:\/\/moto-oprema.com\/de\/wp-json\/wp\/v2\/product_brand?post=124492"},{"taxonomy":"product_cat","embeddable":true,"href":"https:\/\/moto-oprema.com\/de\/wp-json\/wp\/v2\/product_cat?post=124492"},{"taxonomy":"product_tag","embeddable":true,"href":"https:\/\/moto-oprema.com\/de\/wp-json\/wp\/v2\/product_tag?post=124492"}],"curies":[{"name":"wp","href":"https:\/\/api.w.org\/{rel}","templated":true}]}}