{"id":124295,"date":"2021-03-22T08:59:51","date_gmt":"2021-03-22T08:59:51","guid":{"rendered":"https:\/\/moto-oprema.com\/Artikel\/alpinestars-enduro-tech-3-schwarz\/"},"modified":"2021-03-22T08:59:51","modified_gmt":"2021-03-22T08:59:51","slug":"alpinestars-enduro-tech-3-schwarz","status":"publish","type":"product","link":"https:\/\/moto-oprema.com\/de\/Artikel\/alpinestars-enduro-tech-3-schwarz\/","title":{"rendered":"ALPINESTARS ENDURO TECH 3 SCHWARZ"},"content":{"rendered":"<p>Der Alpinestars Enduro Tech 3 Stiefel wurde f\u00fcr jedes Terrain entwickelt und ist extrem vielseitig. Sie bieten erstklassigen Schutz f\u00fcr eine sportlichere Fahrt im Gel\u00e4nde. Die speziell entwickelte Au\u00dfensohle bietet Ihnen den zus\u00e4tzlichen Grip und die Haltbarkeit, die Enduro- und ATV-Fahrer ben\u00f6tigen.  <\/p>\n<p>Eigenschaften: Obermaterial aus Action Leather f\u00fcr verbesserte Haltbarkeit und Abriebfestigkeit.<br \/>&#8211; Das fortschrittliche, vom Tech 10 inspirierte Verschlusssystem verf\u00fcgt \u00fcber starke Techno-Polymer-Schnallen f\u00fcr eine einfache Verstellbarkeit mit einer pr\u00e4zisen, sicheren und stromlinienf\u00f6rmigen Passform.<br \/>&#8211; Umfassende Unterst\u00fctzung und Sicherheit, die in die \u00e4u\u00dfere und innere Struktur des Stiefels integriert sind, minimieren die seitliche Biegung und das Risiko einer \u00dcberdehnung.<br \/>&#8211; Verst\u00e4rkte Lederplatte auf der R\u00fcckseite des Stiefels f\u00fcr zus\u00e4tzlichen Halt und Schutz.<br \/>&#8211; Die speziell entwickelte Sohle bietet ATV- und Endurofahrern \u00fcberlegene Strapazierf\u00e4higkeit, Grip, Gef\u00fchl und ein hohes Ma\u00df an struktureller Steifigkeit.  <br \/>&#8211; Die antibakterielle Innensohle sorgt f\u00fcr zus\u00e4tzlichen Halt und verbesserten Komfort.<br \/>&#8211; Gespritztes Hochmodul-PU mit einem Profil, das ein hohes Ma\u00df an Sto\u00df- und Abriebfestigkeit bietet.  <br \/>&#8211; Die Oberseite des Stiefels ist mit einem Klettverschluss und dehnbarem PVC-beschichtetem Gewebe verschlossen.<br \/>&#8211; Die verl\u00e4ngerte Gamasche verhindert das Eindringen von Wasser und Schmutz in den Stiefel.<br \/>&#8211; Das herausnehmbare anatomische Fu\u00dfbett sorgt f\u00fcr eine bequemere Haltung des Fu\u00dfes beim Fahren.<br \/>&#8211; Der Tech 3 All Terrain Boot ist CE-zertifiziert.  <\/p>\n<p>Zusammensetzung des Rohmaterials: Action Leder<\/p>\n","protected":false},"excerpt":{"rendered":"<p>Der Alpinestars Enduro Tech 3 Stiefel ist f\u00fcr jedes Terrain geeignet und extrem vielseitig.<\/p>\n","protected":false},"featured_media":12422,"comment_status":"open","ping_status":"closed","template":"","meta":{"_acf_changed":false},"brand":[2111],"gender":[2168],"product_brand":[],"product_cat":[2028,2244],"product_tag":[],"class_list":{"0":"post-124295","1":"product","2":"type-product","3":"status-publish","4":"has-post-thumbnail","6":"brand-alpinestars-de","7":"gender-moski-de","8":"product_cat-motocross-ausrustung","9":"product_cat-mx-stiefel","10":"pa_size-10445-de","11":"pa_size-12-46-47-de","12":"pa_size-1348-de","13":"pa_size-639-de","14":"pa_size-7405-de","15":"pa_size-8-542-de","16":"pa_size-943-de","18":"first","19":"onbackorder","20":"sale","21":"taxable","22":"shipping-taxable","23":"purchasable","24":"product-type-variable"},"acf":[],"_links":{"self":[{"href":"https:\/\/moto-oprema.com\/de\/wp-json\/wp\/v2\/product\/124295","targetHints":{"allow":["GET"]}}],"collection":[{"href":"https:\/\/moto-oprema.com\/de\/wp-json\/wp\/v2\/product"}],"about":[{"href":"https:\/\/moto-oprema.com\/de\/wp-json\/wp\/v2\/types\/product"}],"replies":[{"embeddable":true,"href":"https:\/\/moto-oprema.com\/de\/wp-json\/wp\/v2\/comments?post=124295"}],"wp:featuredmedia":[{"embeddable":true,"href":"https:\/\/moto-oprema.com\/de\/wp-json\/wp\/v2\/media\/12422"}],"wp:attachment":[{"href":"https:\/\/moto-oprema.com\/de\/wp-json\/wp\/v2\/media?parent=124295"}],"wp:term":[{"taxonomy":"brand","embeddable":true,"href":"https:\/\/moto-oprema.com\/de\/wp-json\/wp\/v2\/brand?post=124295"},{"taxonomy":"gender","embeddable":true,"href":"https:\/\/moto-oprema.com\/de\/wp-json\/wp\/v2\/gender?post=124295"},{"taxonomy":"product_brand","embeddable":true,"href":"https:\/\/moto-oprema.com\/de\/wp-json\/wp\/v2\/product_brand?post=124295"},{"taxonomy":"product_cat","embeddable":true,"href":"https:\/\/moto-oprema.com\/de\/wp-json\/wp\/v2\/product_cat?post=124295"},{"taxonomy":"product_tag","embeddable":true,"href":"https:\/\/moto-oprema.com\/de\/wp-json\/wp\/v2\/product_tag?post=124295"}],"curies":[{"name":"wp","href":"https:\/\/api.w.org\/{rel}","templated":true}]}}