{"id":124265,"date":"2021-03-17T10:27:08","date_gmt":"2021-03-17T10:27:08","guid":{"rendered":"https:\/\/moto-oprema.com\/Artikel\/alpinestars-smx-1-air-v2-handschuhe-b-r\/"},"modified":"2021-03-17T10:27:08","modified_gmt":"2021-03-17T10:27:08","slug":"alpinestars-smx-1-air-v2-handschuhe-b-r","status":"publish","type":"product","link":"https:\/\/moto-oprema.com\/de\/Artikel\/alpinestars-smx-1-air-v2-handschuhe-b-r\/","title":{"rendered":"ALPINESTARS SMX-1 AIR V2 HANDSCHUHE B\/R"},"content":{"rendered":"<p>Die Alpinestars SMX-1 Air V2 Handschuhe haben ein innovatives Design. Sie sind aus neuen Materialien gefertigt, wodurch sie die h\u00f6chste Stufe der CE-Zertifizierung erreichen. Sie sind besonders f\u00fcr den Einsatz an hei\u00dfen Sommertagen geeignet.  <\/p>\n<p>Merkmale:<\/p>\n<div class=\"ui-tabs-panel ui-widget-content ui-corner-bottom\" id=\"tab-product-description-original\">\n<div class=\"description\">\n<ul>\n<li>Hauptteil aus hochwertigem Leder und Mesh-Chassis-Konstruktion, plus strategische Perforationszonen und Air-Mesh f\u00fcr verbesserte Atmungsaktivit\u00e4t<\/li>\n<li>Synthetische Wildlederzonen und verst\u00e4rkte Seitenpolsterung f\u00fcr Strapazierf\u00e4higkeit, zus\u00e4tzliche Abriebfestigkeit und Komfort<\/li>\n<li>Kn\u00f6chelschutzsystem aus Hartpolymer f\u00fcr \u00fcberragende Sto\u00df- und Abriebfestigkeit<\/li>\n<li>Dehnungszone an Fingern und Oberhand f\u00fcr Komfort und verbesserte Bewegungsfreiheit der Hand<\/li>\n<li>Der Handgelenkverschluss mit B\u00fcgel und Schlaufe sorgt f\u00fcr einen sicheren Sitz des Handschuhs<\/li>\n<li>Ergonomischer Stretcheinsatz zwischen Daumen und Handfl\u00e4che bietet Flexibilit\u00e4t und verbessert die Bewegungsfreiheit der Hand erheblich<\/li>\n<li>Integrierte Polsterung an den Fingern verbessert Passform und Komfort<\/li>\n<li>Hochentwickelte Poly-Mix-Verst\u00e4rkungen mit Schaumstoffpolsterung an Daumen und Handfl\u00e4che f\u00fcr \u00fcberlegene<\/li>\n<li>Touchscreen-kompatible Fingerspitze f\u00fcr die Verwendung mit Smartphones und GPS-Systemen<\/li>\n<li>Dieses Kleidungsst\u00fcck ist Level 1 zertifiziert<\/li>\n<\/ul>\n<\/div>\n<\/div>\n<p>75% Leder, 25% Mikrofaser<\/p>\n","protected":false},"excerpt":{"rendered":"<p>Die Alpinestars SMX-2 Air Carbon V2 Handschuhe haben ein innovatives Design. Sie sind aus neuen Materialien&#8230;<\/p>\n","protected":false},"featured_media":12400,"comment_status":"open","ping_status":"open","template":"","meta":{"_acf_changed":false},"brand":[2111],"gender":[2168],"product_brand":[],"product_cat":[1357,2086,2188],"product_tag":[],"class_list":{"0":"post-124265","1":"product","2":"type-product","3":"status-publish","4":"has-post-thumbnail","6":"brand-alpinestars-de","7":"gender-moski-de","8":"product_cat-ausrustung-fur-motorradfahrer","9":"product_cat-handschuhe","10":"product_cat-lederhandschuhe","11":"pa_size-l-de","12":"pa_size-m-de","13":"pa_size-s-de","14":"pa_size-xl-de","15":"pa_size-xxl-de","17":"first","18":"instock","19":"taxable","20":"shipping-taxable","21":"purchasable","22":"product-type-variable"},"acf":[],"_links":{"self":[{"href":"https:\/\/moto-oprema.com\/de\/wp-json\/wp\/v2\/product\/124265","targetHints":{"allow":["GET"]}}],"collection":[{"href":"https:\/\/moto-oprema.com\/de\/wp-json\/wp\/v2\/product"}],"about":[{"href":"https:\/\/moto-oprema.com\/de\/wp-json\/wp\/v2\/types\/product"}],"replies":[{"embeddable":true,"href":"https:\/\/moto-oprema.com\/de\/wp-json\/wp\/v2\/comments?post=124265"}],"wp:featuredmedia":[{"embeddable":true,"href":"https:\/\/moto-oprema.com\/de\/wp-json\/wp\/v2\/media\/12400"}],"wp:attachment":[{"href":"https:\/\/moto-oprema.com\/de\/wp-json\/wp\/v2\/media?parent=124265"}],"wp:term":[{"taxonomy":"brand","embeddable":true,"href":"https:\/\/moto-oprema.com\/de\/wp-json\/wp\/v2\/brand?post=124265"},{"taxonomy":"gender","embeddable":true,"href":"https:\/\/moto-oprema.com\/de\/wp-json\/wp\/v2\/gender?post=124265"},{"taxonomy":"product_brand","embeddable":true,"href":"https:\/\/moto-oprema.com\/de\/wp-json\/wp\/v2\/product_brand?post=124265"},{"taxonomy":"product_cat","embeddable":true,"href":"https:\/\/moto-oprema.com\/de\/wp-json\/wp\/v2\/product_cat?post=124265"},{"taxonomy":"product_tag","embeddable":true,"href":"https:\/\/moto-oprema.com\/de\/wp-json\/wp\/v2\/product_tag?post=124265"}],"curies":[{"name":"wp","href":"https:\/\/api.w.org\/{rel}","templated":true}]}}