{"id":124238,"date":"2020-11-20T10:38:53","date_gmt":"2020-11-20T10:38:53","guid":{"rendered":"https:\/\/moto-oprema.com\/Artikel\/leatt-velocity-6-5-iriz-schutzbrille-3\/"},"modified":"2020-11-20T10:38:53","modified_gmt":"2020-11-20T10:38:53","slug":"leatt-velocity-6-5-iriz-schutzbrille-3","status":"publish","type":"product","link":"https:\/\/moto-oprema.com\/de\/Artikel\/leatt-velocity-6-5-iriz-schutzbrille-3\/","title":{"rendered":"LEATT VELOCITY 6.5 IRIZ SCHUTZBRILLE"},"content":{"rendered":"<p>Nicht korrosionsbest\u00e4ndig in \u00dcbereinstimmung mit ANSI Z87.1-2015 und der milit\u00e4rischen ballistischen Aufprallnorm (MIL-DTL-43511D), 50mm \u00e4u\u00dfere Bandbefestigung mit Anti-Rutsch-Beschichtung, 170\u00b0 WideVision-Doppelscheibe versiegelt, permanente Anti-Beschlag-Funktion, selbsttrocknendes Scheibendesign, einfacher Scheibenwechsel, Rahmen mit doppelter H\u00e4rte, auch f\u00fcr schwerste Helme geeignet, OTG &#8211; over goggles &#8211; geeignet f\u00fcr Brillentr\u00e4ger, dreilagiger Schaumstoff in verschiedenen Viskosit\u00e4ten und Vliesbeschichtung ), Tear-Off ready mit Pins (inklusive Tear-Off-Paket), abnehmbarer Nasenschutz, Cactus Red verspiegelt 28%<\/p>\n","protected":false},"excerpt":{"rendered":"<p>Nicht korrosionsbest\u00e4ndig in \u00dcbereinstimmung mit ANSI Z87.1-2015 und der milit\u00e4rischen ballistischen Aufprallnorm (MIL-DTL-43511D), 50mm \u00e4u\u00dfere Bandbefestigung&#8230;<\/p>\n","protected":false},"featured_media":12214,"comment_status":"open","ping_status":"open","template":"","meta":{"_acf_changed":false},"brand":[2121],"gender":[2173],"product_brand":[],"product_cat":[2028,2182],"product_tag":[],"class_list":{"0":"post-124238","1":"product","2":"type-product","3":"status-publish","4":"has-post-thumbnail","6":"brand-leatt-de","7":"gender-unisex-de","8":"product_cat-motocross-ausrustung","9":"product_cat-mx-brille","11":"first","12":"onbackorder","13":"taxable","14":"shipping-taxable","15":"purchasable","16":"product-type-simple"},"acf":[],"_links":{"self":[{"href":"https:\/\/moto-oprema.com\/de\/wp-json\/wp\/v2\/product\/124238","targetHints":{"allow":["GET"]}}],"collection":[{"href":"https:\/\/moto-oprema.com\/de\/wp-json\/wp\/v2\/product"}],"about":[{"href":"https:\/\/moto-oprema.com\/de\/wp-json\/wp\/v2\/types\/product"}],"replies":[{"embeddable":true,"href":"https:\/\/moto-oprema.com\/de\/wp-json\/wp\/v2\/comments?post=124238"}],"wp:featuredmedia":[{"embeddable":true,"href":"https:\/\/moto-oprema.com\/de\/wp-json\/wp\/v2\/media\/12214"}],"wp:attachment":[{"href":"https:\/\/moto-oprema.com\/de\/wp-json\/wp\/v2\/media?parent=124238"}],"wp:term":[{"taxonomy":"brand","embeddable":true,"href":"https:\/\/moto-oprema.com\/de\/wp-json\/wp\/v2\/brand?post=124238"},{"taxonomy":"gender","embeddable":true,"href":"https:\/\/moto-oprema.com\/de\/wp-json\/wp\/v2\/gender?post=124238"},{"taxonomy":"product_brand","embeddable":true,"href":"https:\/\/moto-oprema.com\/de\/wp-json\/wp\/v2\/product_brand?post=124238"},{"taxonomy":"product_cat","embeddable":true,"href":"https:\/\/moto-oprema.com\/de\/wp-json\/wp\/v2\/product_cat?post=124238"},{"taxonomy":"product_tag","embeddable":true,"href":"https:\/\/moto-oprema.com\/de\/wp-json\/wp\/v2\/product_tag?post=124238"}],"curies":[{"name":"wp","href":"https:\/\/api.w.org\/{rel}","templated":true}]}}