{"id":124207,"date":"2021-10-18T11:45:44","date_gmt":"2021-10-18T11:45:44","guid":{"rendered":"https:\/\/moto-oprema.com\/Artikel\/oneal-mx-knieschuetzer-redeema\/"},"modified":"2021-10-18T11:45:44","modified_gmt":"2021-10-18T11:45:44","slug":"oneal-mx-knieschuetzer-redeema","status":"publish","type":"product","link":"https:\/\/moto-oprema.com\/de\/Artikel\/oneal-mx-knieschuetzer-redeema\/","title":{"rendered":"O&#8217;NEAL MX KNIESCH\u00dcTZER REDEEMA"},"content":{"rendered":"<p>\u00dcberlegener Knieschutz. Gleicherma\u00dfen geeignet f\u00fcr ganzt\u00e4gige Endurofahrten und MX-Rennen. Der IPX\u00ae-Funktionsschaum ist w\u00e4hrend der Fahrt weich und flexibel, h\u00e4rtet aber bei einem Sturz aus. Eng genug, um unter Ihrer Hose getragen zu werden. Atmungsaktives Material, das Schwei\u00df absorbiert und schnell trocknet. 2 Oberschenkelriemen mit Klettverschluss (links und rechts) sorgen f\u00fcr eine optimale Passform. Anti-Rutsch-Silikon oben und unten f\u00fcr sicheren Halt bei einem Sturz. Offenzellige Wabenstruktur an der Innen- und Au\u00dfenseite der Beine f\u00fcr Bel\u00fcftung und Komfort. Zus\u00e4tzliche Bel\u00fcftung in der Kniekehle. Weiches Innenfutter f\u00fcr mehr Komfort. Zertifiziert nach EN 1621-1 Stufe 2          <\/p>\n<p>Zusammensetzung: 100% Polyester<\/p>\n","protected":false},"excerpt":{"rendered":"<p>\u00dcberlegener Knieschutz. Gleicherma\u00dfen geeignet f\u00fcr ganzt\u00e4gige Endurofahrten und MX-Rennen. Der IPX\u00ae-Funktionsschaum ist w\u00e4hrend der Fahrt weich&#8230;<\/p>\n","protected":false},"featured_media":14085,"comment_status":"open","ping_status":"open","template":"","meta":{"_acf_changed":false},"brand":[2177],"gender":[2173],"product_brand":[],"product_cat":[2028,2267,2079],"product_tag":[],"class_list":{"0":"post-124207","1":"product","2":"type-product","3":"status-publish","4":"has-post-thumbnail","6":"brand-oneal-de","7":"gender-unisex-de","8":"product_cat-motocross-ausrustung","9":"product_cat-mx-knieschoner","10":"product_cat-mx-schilder","11":"pa_size-l-de","12":"pa_size-m-de","13":"pa_size-s-de","14":"pa_size-xl-de","16":"first","17":"onbackorder","18":"sale","19":"taxable","20":"shipping-taxable","21":"purchasable","22":"product-type-variable"},"acf":[],"_links":{"self":[{"href":"https:\/\/moto-oprema.com\/de\/wp-json\/wp\/v2\/product\/124207","targetHints":{"allow":["GET"]}}],"collection":[{"href":"https:\/\/moto-oprema.com\/de\/wp-json\/wp\/v2\/product"}],"about":[{"href":"https:\/\/moto-oprema.com\/de\/wp-json\/wp\/v2\/types\/product"}],"replies":[{"embeddable":true,"href":"https:\/\/moto-oprema.com\/de\/wp-json\/wp\/v2\/comments?post=124207"}],"wp:featuredmedia":[{"embeddable":true,"href":"https:\/\/moto-oprema.com\/de\/wp-json\/wp\/v2\/media\/14085"}],"wp:attachment":[{"href":"https:\/\/moto-oprema.com\/de\/wp-json\/wp\/v2\/media?parent=124207"}],"wp:term":[{"taxonomy":"brand","embeddable":true,"href":"https:\/\/moto-oprema.com\/de\/wp-json\/wp\/v2\/brand?post=124207"},{"taxonomy":"gender","embeddable":true,"href":"https:\/\/moto-oprema.com\/de\/wp-json\/wp\/v2\/gender?post=124207"},{"taxonomy":"product_brand","embeddable":true,"href":"https:\/\/moto-oprema.com\/de\/wp-json\/wp\/v2\/product_brand?post=124207"},{"taxonomy":"product_cat","embeddable":true,"href":"https:\/\/moto-oprema.com\/de\/wp-json\/wp\/v2\/product_cat?post=124207"},{"taxonomy":"product_tag","embeddable":true,"href":"https:\/\/moto-oprema.com\/de\/wp-json\/wp\/v2\/product_tag?post=124207"}],"curies":[{"name":"wp","href":"https:\/\/api.w.org\/{rel}","templated":true}]}}