{"id":124193,"date":"2021-10-18T11:35:39","date_gmt":"2021-10-18T11:35:39","guid":{"rendered":"https:\/\/moto-oprema.com\/Artikel\/oneal-mx-elbow-protector-redeema\/"},"modified":"2021-10-18T11:35:39","modified_gmt":"2021-10-18T11:35:39","slug":"oneal-mx-elbow-protector-redeema","status":"publish","type":"product","link":"https:\/\/moto-oprema.com\/de\/Artikel\/oneal-mx-elbow-protector-redeema\/","title":{"rendered":"O&#8217;NEAL MX ELBOW PROTECTOR REDEEMA"},"content":{"rendered":"<p>Komfortabler Ellbogenschutz mit Aufprallschutz aus IPX\u00ae-Polyurethanschaum f\u00fcr stundenlanges Fahren. Der IPX\u00ae-Schutz ist w\u00e4hrend der Fahrt weich und flexibel und verh\u00e4rtet sich im Falle eines Sturzes. So d\u00fcnn, dass Sie ihn unter Ihrem Hemd tragen k\u00f6nnen. Atmungsaktives, schnell trocknendes Material, das den Schwei\u00df schnell ableitet. Rutschfeste Velcro\u00ae-Riemen sorgen daf\u00fcr, dass die Polsterung im Falle eines Sturzes sicher bleibt. Perforiertes Neopren innen f\u00fcr Bel\u00fcftung und Komfort. Weiches, reibungsfreies Innenfutter f\u00fcr Anti-Scuffing und mehr Komfort w\u00e4hrend der Fahrt. CE-zertifiziert nach EN 1621-1 (Ellenbogen)       <\/p>\n<p>Zusammensetzung: 100% Polyester<\/p>\n","protected":false},"excerpt":{"rendered":"<p>Komfortabler Ellbogenschutz mit Aufprallschutz aus IPX\u00ae-Polyurethanschaum f\u00fcr stundenlanges Fahren. Der IPX\u00ae-Schutz ist w\u00e4hrend der Fahrt weich&#8230;<\/p>\n","protected":false},"featured_media":14079,"comment_status":"open","ping_status":"open","template":"","meta":{"_acf_changed":false},"brand":[2177],"gender":[2173],"product_brand":[],"product_cat":[2028,2080,2079],"product_tag":[],"class_list":{"0":"post-124193","1":"product","2":"type-product","3":"status-publish","4":"has-post-thumbnail","6":"brand-oneal-de","7":"gender-unisex-de","8":"product_cat-motocross-ausrustung","9":"product_cat-mx-ellbogenschoner","10":"product_cat-mx-schilder","11":"pa_size-l-de","12":"pa_size-m-de","13":"pa_size-s-de","14":"pa_size-xl-de","16":"first","17":"onbackorder","18":"taxable","19":"shipping-taxable","20":"purchasable","21":"product-type-variable"},"acf":[],"_links":{"self":[{"href":"https:\/\/moto-oprema.com\/de\/wp-json\/wp\/v2\/product\/124193","targetHints":{"allow":["GET"]}}],"collection":[{"href":"https:\/\/moto-oprema.com\/de\/wp-json\/wp\/v2\/product"}],"about":[{"href":"https:\/\/moto-oprema.com\/de\/wp-json\/wp\/v2\/types\/product"}],"replies":[{"embeddable":true,"href":"https:\/\/moto-oprema.com\/de\/wp-json\/wp\/v2\/comments?post=124193"}],"wp:featuredmedia":[{"embeddable":true,"href":"https:\/\/moto-oprema.com\/de\/wp-json\/wp\/v2\/media\/14079"}],"wp:attachment":[{"href":"https:\/\/moto-oprema.com\/de\/wp-json\/wp\/v2\/media?parent=124193"}],"wp:term":[{"taxonomy":"brand","embeddable":true,"href":"https:\/\/moto-oprema.com\/de\/wp-json\/wp\/v2\/brand?post=124193"},{"taxonomy":"gender","embeddable":true,"href":"https:\/\/moto-oprema.com\/de\/wp-json\/wp\/v2\/gender?post=124193"},{"taxonomy":"product_brand","embeddable":true,"href":"https:\/\/moto-oprema.com\/de\/wp-json\/wp\/v2\/product_brand?post=124193"},{"taxonomy":"product_cat","embeddable":true,"href":"https:\/\/moto-oprema.com\/de\/wp-json\/wp\/v2\/product_cat?post=124193"},{"taxonomy":"product_tag","embeddable":true,"href":"https:\/\/moto-oprema.com\/de\/wp-json\/wp\/v2\/product_tag?post=124193"}],"curies":[{"name":"wp","href":"https:\/\/api.w.org\/{rel}","templated":true}]}}