{"id":124185,"date":"2021-11-05T10:02:47","date_gmt":"2021-11-05T10:02:47","guid":{"rendered":"https:\/\/moto-oprema.com\/Artikel\/tld-mtb-sprint-trikot-dyeno-burgundy\/"},"modified":"2021-11-05T10:02:47","modified_gmt":"2021-11-05T10:02:47","slug":"tld-mtb-sprint-trikot-dyeno-burgundy","status":"publish","type":"product","link":"https:\/\/moto-oprema.com\/de\/Artikel\/tld-mtb-sprint-trikot-dyeno-burgundy\/","title":{"rendered":"TLD MTB SPRINT TRIKOT DYENO BURGUNDY"},"content":{"rendered":"<p>SPRINT Gear ist ein einzigartiges Trikot, genauso wie die Anzahl der Downhill- und BMX-Rennen, die es im Laufe der Jahre gewonnen hat. Jetzt ist es zur\u00fcck mit einer Reihe von wichtigen \u00c4nderungen, die den Wettbewerb nicht einfacher machen. Das Hauptaugenmerk liegt auf der Passform und dem Tragegef\u00fchl der Ausr\u00fcstung auf dem Rad.  <\/p>\n<p>ZUSAMMENSETZUNG DES ROHSTOFFS:<\/p>\n<p>-100% POLYESTER<\/p>\n","protected":false},"excerpt":{"rendered":"<p>SPRINT Gear ist ein einzigartiges Trikot, genauso wie die Anzahl der Downhill- und BMX-Rennen, die es&#8230;<\/p>\n","protected":false},"featured_media":14251,"comment_status":"open","ping_status":"open","template":"","meta":{"_acf_changed":false},"brand":[2657],"gender":[2168],"product_brand":[],"product_cat":[2075,2663],"product_tag":[],"class_list":{"0":"post-124185","1":"product","2":"type-product","3":"status-publish","4":"has-post-thumbnail","6":"brand-tld-de","7":"gender-moski-de","8":"product_cat-mtb-radfahren-ausrustung","9":"product_cat-mtb-dresi-de","10":"pa_size-l-de","11":"pa_size-m-de","12":"pa_size-s-de","13":"pa_size-xl-de","14":"pa_size-xxl-de","16":"first","17":"onbackorder","18":"taxable","19":"shipping-taxable","20":"purchasable","21":"product-type-variable"},"acf":[],"_links":{"self":[{"href":"https:\/\/moto-oprema.com\/de\/wp-json\/wp\/v2\/product\/124185","targetHints":{"allow":["GET"]}}],"collection":[{"href":"https:\/\/moto-oprema.com\/de\/wp-json\/wp\/v2\/product"}],"about":[{"href":"https:\/\/moto-oprema.com\/de\/wp-json\/wp\/v2\/types\/product"}],"replies":[{"embeddable":true,"href":"https:\/\/moto-oprema.com\/de\/wp-json\/wp\/v2\/comments?post=124185"}],"wp:featuredmedia":[{"embeddable":true,"href":"https:\/\/moto-oprema.com\/de\/wp-json\/wp\/v2\/media\/14251"}],"wp:attachment":[{"href":"https:\/\/moto-oprema.com\/de\/wp-json\/wp\/v2\/media?parent=124185"}],"wp:term":[{"taxonomy":"brand","embeddable":true,"href":"https:\/\/moto-oprema.com\/de\/wp-json\/wp\/v2\/brand?post=124185"},{"taxonomy":"gender","embeddable":true,"href":"https:\/\/moto-oprema.com\/de\/wp-json\/wp\/v2\/gender?post=124185"},{"taxonomy":"product_brand","embeddable":true,"href":"https:\/\/moto-oprema.com\/de\/wp-json\/wp\/v2\/product_brand?post=124185"},{"taxonomy":"product_cat","embeddable":true,"href":"https:\/\/moto-oprema.com\/de\/wp-json\/wp\/v2\/product_cat?post=124185"},{"taxonomy":"product_tag","embeddable":true,"href":"https:\/\/moto-oprema.com\/de\/wp-json\/wp\/v2\/product_tag?post=124185"}],"curies":[{"name":"wp","href":"https:\/\/api.w.org\/{rel}","templated":true}]}}