{"id":124135,"date":"2021-12-02T10:26:31","date_gmt":"2021-12-02T10:26:31","guid":{"rendered":"https:\/\/moto-oprema.com\/Artikel\/alpinestars-mtb-elbow-pad-paragon-lite\/"},"modified":"2021-12-02T10:26:31","modified_gmt":"2021-12-02T10:26:31","slug":"alpinestars-mtb-elbow-pad-paragon-lite","status":"publish","type":"product","link":"https:\/\/moto-oprema.com\/de\/Artikel\/alpinestars-mtb-elbow-pad-paragon-lite\/","title":{"rendered":"ALPINESTARS MTB ELBOW PAD PARAGON LITE"},"content":{"rendered":"<div class=\"rte\">\n<div id=\"collapse1One\" class=\"accordion-body collapse in\">\n<div class=\"field field-name-body field-type-text-with-summary field-label-hidden\">\n<div class=\"field-items\">\n<div class=\"field-item even\">Ellbogensch\u00fctzer &#8211; EN 1621-1: 2012 Level 1. Extrem leichter, haltbarer und flexibler Ellbogensch\u00fctzer aus atmungsaktivem Stretch-Mesh. Slip-on-Design mit elastischen B\u00fcndchen und Silikonaufdruck. Vorderteil aus abriebfestem Gewebe.   <\/div>\n<\/div>\n<\/div>\n<\/div>\n<\/div>\n","protected":false},"excerpt":{"rendered":"<p>Ellbogensch\u00fctzer &#8211; EN 1621-1: 2012 Level 1. Extrem leichter, haltbarer und flexibler Ellbogensch\u00fctzer aus atmungsaktivem Stretch-Mesh&#8230;.<\/p>\n","protected":false},"featured_media":14936,"comment_status":"open","ping_status":"open","template":"","meta":{"_acf_changed":false},"brand":[2111],"gender":[],"product_brand":[],"product_cat":[2225],"product_tag":[],"class_list":{"0":"post-124135","1":"product","2":"type-product","3":"status-publish","4":"has-post-thumbnail","6":"brand-alpinestars-de","7":"product_cat-uncategorized-de","8":"pa_size-l-de","9":"pa_size-m-de","10":"pa_size-s-de","11":"pa_size-xl-de","12":"pa_size-xs-de","14":"first","15":"onbackorder","16":"taxable","17":"shipping-taxable","18":"purchasable","19":"product-type-variable"},"acf":[],"_links":{"self":[{"href":"https:\/\/moto-oprema.com\/de\/wp-json\/wp\/v2\/product\/124135","targetHints":{"allow":["GET"]}}],"collection":[{"href":"https:\/\/moto-oprema.com\/de\/wp-json\/wp\/v2\/product"}],"about":[{"href":"https:\/\/moto-oprema.com\/de\/wp-json\/wp\/v2\/types\/product"}],"replies":[{"embeddable":true,"href":"https:\/\/moto-oprema.com\/de\/wp-json\/wp\/v2\/comments?post=124135"}],"wp:featuredmedia":[{"embeddable":true,"href":"https:\/\/moto-oprema.com\/de\/wp-json\/wp\/v2\/media\/14936"}],"wp:attachment":[{"href":"https:\/\/moto-oprema.com\/de\/wp-json\/wp\/v2\/media?parent=124135"}],"wp:term":[{"taxonomy":"brand","embeddable":true,"href":"https:\/\/moto-oprema.com\/de\/wp-json\/wp\/v2\/brand?post=124135"},{"taxonomy":"gender","embeddable":true,"href":"https:\/\/moto-oprema.com\/de\/wp-json\/wp\/v2\/gender?post=124135"},{"taxonomy":"product_brand","embeddable":true,"href":"https:\/\/moto-oprema.com\/de\/wp-json\/wp\/v2\/product_brand?post=124135"},{"taxonomy":"product_cat","embeddable":true,"href":"https:\/\/moto-oprema.com\/de\/wp-json\/wp\/v2\/product_cat?post=124135"},{"taxonomy":"product_tag","embeddable":true,"href":"https:\/\/moto-oprema.com\/de\/wp-json\/wp\/v2\/product_tag?post=124135"}],"curies":[{"name":"wp","href":"https:\/\/api.w.org\/{rel}","templated":true}]}}