{"id":124071,"date":"2021-12-02T10:40:13","date_gmt":"2021-12-02T10:40:13","guid":{"rendered":"https:\/\/moto-oprema.com\/Artikel\/alpinestars-socken-paragon-lite-schwarz\/"},"modified":"2021-12-02T10:40:13","modified_gmt":"2021-12-02T10:40:13","slug":"alpinestars-socken-paragon-lite-schwarz","status":"publish","type":"product","link":"https:\/\/moto-oprema.com\/de\/Artikel\/alpinestars-socken-paragon-lite-schwarz\/","title":{"rendered":"ALPINESTARS SOCKEN PARAGON LITE SCHWARZ"},"content":{"rendered":"<p><span style=\"font-family:arial, helvetica, sans-serif;font-size:small;\">Einlagige Konstruktion f\u00fcr hohe Atmungsaktivit\u00e4t. Rippenkonstruktion f\u00fcr verbesserte Dehnbarkeit. Primaloft-Material leitet Feuchtigkeit von der Haut weg und trocknet schnell. L\u00e4nge: 19 cm.   <\/p>\n<p><\/span><span style=\"font-family:arial, helvetica, sans-serif;font-size:small;\"><span style=\"font-family:arial, helvetica, sans-serif;font-size:small;\">Zusammensetzung des Rohmaterials: <\/span><span style=\"font-family:arial, helvetica, sans-serif;font-size:small;\"><span class=\"VIiyi\" xml_lang=\"sl\" lang=\"sl\"><span class=\"JLqJ4b ChMk0b\"><span>50% Polyester, 45% Polyamid, 5% Elasthan<\/span><\/span><\/span> <\/span> <br \/><\/span><\/p>\n<p><span style=\"font-family:arial, helvetica, sans-serif;font-size:small;\"><span style=\"font-family:arial, helvetica, sans-serif;font-size:small;\">&#8211; Klein (38 &#8211; 40.5)<br \/> &#8211; Mittel (41 &#8211; 43.5)<br \/> &#8211; Gro\u00df (44-47)<\/span><\/span><\/p>\n","protected":false},"excerpt":{"rendered":"<p>Einlagige Konstruktion f\u00fcr hohe Atmungsaktivit\u00e4t. Rippenkonstruktion f\u00fcr verbesserte Dehnbarkeit. Primaloft-Material leitet Feuchtigkeit von der Haut weg&#8230;<\/p>\n","protected":false},"featured_media":14944,"comment_status":"open","ping_status":"open","template":"","meta":{"_acf_changed":false},"brand":[2111],"gender":[],"product_brand":[],"product_cat":[2028],"product_tag":[],"class_list":{"0":"post-124071","1":"product","2":"type-product","3":"status-publish","4":"has-post-thumbnail","6":"brand-alpinestars-de","7":"product_cat-motocross-ausrustung","8":"pa_size-l-de","9":"pa_size-m-de","10":"pa_size-s-de","12":"first","13":"onbackorder","14":"taxable","15":"shipping-taxable","16":"purchasable","17":"product-type-variable"},"acf":[],"_links":{"self":[{"href":"https:\/\/moto-oprema.com\/de\/wp-json\/wp\/v2\/product\/124071","targetHints":{"allow":["GET"]}}],"collection":[{"href":"https:\/\/moto-oprema.com\/de\/wp-json\/wp\/v2\/product"}],"about":[{"href":"https:\/\/moto-oprema.com\/de\/wp-json\/wp\/v2\/types\/product"}],"replies":[{"embeddable":true,"href":"https:\/\/moto-oprema.com\/de\/wp-json\/wp\/v2\/comments?post=124071"}],"wp:featuredmedia":[{"embeddable":true,"href":"https:\/\/moto-oprema.com\/de\/wp-json\/wp\/v2\/media\/14944"}],"wp:attachment":[{"href":"https:\/\/moto-oprema.com\/de\/wp-json\/wp\/v2\/media?parent=124071"}],"wp:term":[{"taxonomy":"brand","embeddable":true,"href":"https:\/\/moto-oprema.com\/de\/wp-json\/wp\/v2\/brand?post=124071"},{"taxonomy":"gender","embeddable":true,"href":"https:\/\/moto-oprema.com\/de\/wp-json\/wp\/v2\/gender?post=124071"},{"taxonomy":"product_brand","embeddable":true,"href":"https:\/\/moto-oprema.com\/de\/wp-json\/wp\/v2\/product_brand?post=124071"},{"taxonomy":"product_cat","embeddable":true,"href":"https:\/\/moto-oprema.com\/de\/wp-json\/wp\/v2\/product_cat?post=124071"},{"taxonomy":"product_tag","embeddable":true,"href":"https:\/\/moto-oprema.com\/de\/wp-json\/wp\/v2\/product_tag?post=124071"}],"curies":[{"name":"wp","href":"https:\/\/api.w.org\/{rel}","templated":true}]}}