{"id":124012,"date":"2021-11-05T10:35:35","date_gmt":"2021-11-05T10:35:35","guid":{"rendered":"https:\/\/moto-oprema.com\/Artikel\/tld-mtb-jersey-flowline-service-gruen\/"},"modified":"2021-11-05T10:35:35","modified_gmt":"2021-11-05T10:35:35","slug":"tld-mtb-jersey-flowline-service-gruen","status":"publish","type":"product","link":"https:\/\/moto-oprema.com\/de\/Artikel\/tld-mtb-jersey-flowline-service-gruen\/","title":{"rendered":"TLD MTB JERSEY FLOWLINE SERVICE GR\u00dcN"},"content":{"rendered":"<p>FLOWLINE ist eine der neuesten Ver\u00f6ffentlichungen in der Kategorie MTB-Trail. Wir haben unsere neueste Generation technischer Innovationen aus unserer Premium-MTB-Bekleidung \u00fcbernommen und ein noch komfortableres und dennoch technisch ausgereiftes Kleidungsst\u00fcck entwickelt, das perfekt f\u00fcr Fahrer ist, die Wert auf Passform und Komfort legen. Feuchtigkeitsregulierende und schnell trocknende Oberfl\u00e4chen. Die Grafiken sind von Sporttrikots inspiriert und werden im Siebdruckverfahren aufgebracht. 100% Polyester.     <\/p>\n<p>ZUSAMMENSETZUNG DES ROHSTOFFS:<\/p>\n<p>-100% POLYESTER<\/p>\n","protected":false},"excerpt":{"rendered":"<p>FLOWLINE ist eine der neuesten Ver\u00f6ffentlichungen in der Kategorie MTB-Trail. Wir haben unsere neueste Generation technischer&#8230;<\/p>\n","protected":false},"featured_media":14275,"comment_status":"open","ping_status":"open","template":"","meta":{"_acf_changed":false},"brand":[2657],"gender":[2168],"product_brand":[],"product_cat":[2075,2663],"product_tag":[],"class_list":{"0":"post-124012","1":"product","2":"type-product","3":"status-publish","4":"has-post-thumbnail","6":"brand-tld-de","7":"gender-moski-de","8":"product_cat-mtb-radfahren-ausrustung","9":"product_cat-mtb-dresi-de","10":"pa_size-l-de","11":"pa_size-m-de","12":"pa_size-s-de","13":"pa_size-xl-de","14":"pa_size-xxl-de","16":"first","17":"onbackorder","18":"taxable","19":"shipping-taxable","20":"purchasable","21":"product-type-variable"},"acf":[],"_links":{"self":[{"href":"https:\/\/moto-oprema.com\/de\/wp-json\/wp\/v2\/product\/124012","targetHints":{"allow":["GET"]}}],"collection":[{"href":"https:\/\/moto-oprema.com\/de\/wp-json\/wp\/v2\/product"}],"about":[{"href":"https:\/\/moto-oprema.com\/de\/wp-json\/wp\/v2\/types\/product"}],"replies":[{"embeddable":true,"href":"https:\/\/moto-oprema.com\/de\/wp-json\/wp\/v2\/comments?post=124012"}],"wp:featuredmedia":[{"embeddable":true,"href":"https:\/\/moto-oprema.com\/de\/wp-json\/wp\/v2\/media\/14275"}],"wp:attachment":[{"href":"https:\/\/moto-oprema.com\/de\/wp-json\/wp\/v2\/media?parent=124012"}],"wp:term":[{"taxonomy":"brand","embeddable":true,"href":"https:\/\/moto-oprema.com\/de\/wp-json\/wp\/v2\/brand?post=124012"},{"taxonomy":"gender","embeddable":true,"href":"https:\/\/moto-oprema.com\/de\/wp-json\/wp\/v2\/gender?post=124012"},{"taxonomy":"product_brand","embeddable":true,"href":"https:\/\/moto-oprema.com\/de\/wp-json\/wp\/v2\/product_brand?post=124012"},{"taxonomy":"product_cat","embeddable":true,"href":"https:\/\/moto-oprema.com\/de\/wp-json\/wp\/v2\/product_cat?post=124012"},{"taxonomy":"product_tag","embeddable":true,"href":"https:\/\/moto-oprema.com\/de\/wp-json\/wp\/v2\/product_tag?post=124012"}],"curies":[{"name":"wp","href":"https:\/\/api.w.org\/{rel}","templated":true}]}}