{"id":124011,"date":"2021-11-30T11:06:34","date_gmt":"2021-11-30T11:06:34","guid":{"rendered":"https:\/\/moto-oprema.com\/Artikel\/alpinestars-sequence-ellbogenschuetzer\/"},"modified":"2021-11-30T11:06:34","modified_gmt":"2021-11-30T11:06:34","slug":"alpinestars-sequence-ellbogenschuetzer","status":"publish","type":"product","link":"https:\/\/moto-oprema.com\/de\/Artikel\/alpinestars-sequence-ellbogenschuetzer\/","title":{"rendered":"ALPINESTARS SEQUENCE Ellbogensch\u00fctzer"},"content":{"rendered":"<div id=\"collapse1One\" class=\"accordion-body collapse in\">\n<p style=\"text-align:left;\">Alpinestars Sequence Ellbogensch\u00fctzer bieten Schutz vor St\u00f6\u00dfen und Absch\u00fcrfungen. Sie sind so konzipiert, dass sie eng anliegen und volle Bewegungsfreiheit beim Fahren erm\u00f6glichen. <\/p>\n<div class=\"field field-name-body field-type-text-with-summary field-label-hidden\">\n<div class=\"field-items\">\n<div class=\"field-item even\">\n<p style=\"text-align:left;\">Spezifikationen:<\/p>\n<p>-CE-zertifiziert (EN 1621_1:2012 LEVEL 1)<br \/>-extrem atmungsaktiv und leicht<br \/>-erh\u00e4lt Form und Struktur<br \/>-sch\u00fctzt vor Absch\u00fcrfungen und St\u00f6\u00dfen<br \/>-gef\u00fcttert mit PE-Schaum<\/p>\n<\/div>\n<\/div>\n<\/div>\n<\/div>\n","protected":false},"excerpt":{"rendered":"<p>Alpinestars Sequence Ellbogensch\u00fctzer bieten Schutz vor St\u00f6\u00dfen und Absch\u00fcrfungen. Sie sind so konzipiert, dass sie eng&#8230;<\/p>\n","protected":false},"featured_media":14872,"comment_status":"open","ping_status":"open","template":"","meta":{"_acf_changed":false},"brand":[2111],"gender":[],"product_brand":[],"product_cat":[1357,2028],"product_tag":[],"class_list":{"0":"post-124011","1":"product","2":"type-product","3":"status-publish","4":"has-post-thumbnail","6":"brand-alpinestars-de","7":"product_cat-ausrustung-fur-motorradfahrer","8":"product_cat-motocross-ausrustung","9":"pa_size-l-xl-de","10":"pa_size-s-m-de","12":"first","13":"onbackorder","14":"taxable","15":"shipping-taxable","16":"purchasable","17":"product-type-variable"},"acf":[],"_links":{"self":[{"href":"https:\/\/moto-oprema.com\/de\/wp-json\/wp\/v2\/product\/124011","targetHints":{"allow":["GET"]}}],"collection":[{"href":"https:\/\/moto-oprema.com\/de\/wp-json\/wp\/v2\/product"}],"about":[{"href":"https:\/\/moto-oprema.com\/de\/wp-json\/wp\/v2\/types\/product"}],"replies":[{"embeddable":true,"href":"https:\/\/moto-oprema.com\/de\/wp-json\/wp\/v2\/comments?post=124011"}],"wp:featuredmedia":[{"embeddable":true,"href":"https:\/\/moto-oprema.com\/de\/wp-json\/wp\/v2\/media\/14872"}],"wp:attachment":[{"href":"https:\/\/moto-oprema.com\/de\/wp-json\/wp\/v2\/media?parent=124011"}],"wp:term":[{"taxonomy":"brand","embeddable":true,"href":"https:\/\/moto-oprema.com\/de\/wp-json\/wp\/v2\/brand?post=124011"},{"taxonomy":"gender","embeddable":true,"href":"https:\/\/moto-oprema.com\/de\/wp-json\/wp\/v2\/gender?post=124011"},{"taxonomy":"product_brand","embeddable":true,"href":"https:\/\/moto-oprema.com\/de\/wp-json\/wp\/v2\/product_brand?post=124011"},{"taxonomy":"product_cat","embeddable":true,"href":"https:\/\/moto-oprema.com\/de\/wp-json\/wp\/v2\/product_cat?post=124011"},{"taxonomy":"product_tag","embeddable":true,"href":"https:\/\/moto-oprema.com\/de\/wp-json\/wp\/v2\/product_tag?post=124011"}],"curies":[{"name":"wp","href":"https:\/\/api.w.org\/{rel}","templated":true}]}}