{"id":123971,"date":"2021-11-05T09:58:36","date_gmt":"2021-11-05T09:58:36","guid":{"rendered":"https:\/\/moto-oprema.com\/Artikel\/tld-mtb-trikot-skyline-formula-sram\/"},"modified":"2021-11-05T09:58:36","modified_gmt":"2021-11-05T09:58:36","slug":"tld-mtb-trikot-skyline-formula-sram","status":"publish","type":"product","link":"https:\/\/moto-oprema.com\/de\/Artikel\/tld-mtb-trikot-skyline-formula-sram\/","title":{"rendered":"TLD MTB TRIKOT SKYLINE FORMULA SRAM"},"content":{"rendered":"<p>Nicht zu leger, nicht zu rassig &#8211; das SKYLINE Jersey ist aus gutem Grund ein Bestseller. Unser Anliegen war es, das Gesamtpaket mit einem umweltfreundlichen, von Bluesign\u00ae zertifizierten Stoff zu perfektionieren. Mit einem leichteren, feuchtigkeitsableitenden Material ist das SKYLINE Trikot bequemer als je zuvor und beh\u00e4lt gleichzeitig die ideale lockere Passform. Die lockere Passform f\u00fchlt sich l\u00e4ssig an, bietet aber f\u00fchrende technische Designmerkmale. Hergestellt aus 92% Polyester \/ 8% Spandex\u00ae Bluesign\u00ae zertifiziertem Material mit feuchtigkeitsableitenden und schnell trocknenden Eigenschaften. Der neu gestaltete Halsausschnitt und die \u00c4rmel sind mit &#8218;SE PRO&#8216;-Designmerkmalen ausgestattet, die f\u00fcr mehr Bewegungsfreiheit und Komfort sorgen. Neue kompakte R\u00fcckentasche. Verstecktes Reinigungstuch in der R\u00fcckentasche zur Reinigung der Brille. Bluesign\u00ae-zertifizierter Stoff.        <\/p>\n<p>ZUSAMMENSETZUNG DES ROHSTOFFS:<\/p>\n<p>-98% POLYESTER, 8% Elasthan\u00ae.<\/p>\n","protected":false},"excerpt":{"rendered":"<p>Nicht zu leger, nicht zu rassig &#8211; das SKYLINE Jersey ist aus gutem Grund ein Bestseller&#8230;.<\/p>\n","protected":false},"featured_media":14244,"comment_status":"open","ping_status":"open","template":"","meta":{"_acf_changed":false},"brand":[2657],"gender":[2168],"product_brand":[],"product_cat":[2075,2663],"product_tag":[],"class_list":{"0":"post-123971","1":"product","2":"type-product","3":"status-publish","4":"has-post-thumbnail","6":"brand-tld-de","7":"gender-moski-de","8":"product_cat-mtb-radfahren-ausrustung","9":"product_cat-mtb-dresi-de","10":"pa_size-l-de","11":"pa_size-m-de","12":"pa_size-s-de","13":"pa_size-xl-de","15":"first","16":"onbackorder","17":"taxable","18":"shipping-taxable","19":"purchasable","20":"product-type-variable"},"acf":[],"_links":{"self":[{"href":"https:\/\/moto-oprema.com\/de\/wp-json\/wp\/v2\/product\/123971","targetHints":{"allow":["GET"]}}],"collection":[{"href":"https:\/\/moto-oprema.com\/de\/wp-json\/wp\/v2\/product"}],"about":[{"href":"https:\/\/moto-oprema.com\/de\/wp-json\/wp\/v2\/types\/product"}],"replies":[{"embeddable":true,"href":"https:\/\/moto-oprema.com\/de\/wp-json\/wp\/v2\/comments?post=123971"}],"wp:featuredmedia":[{"embeddable":true,"href":"https:\/\/moto-oprema.com\/de\/wp-json\/wp\/v2\/media\/14244"}],"wp:attachment":[{"href":"https:\/\/moto-oprema.com\/de\/wp-json\/wp\/v2\/media?parent=123971"}],"wp:term":[{"taxonomy":"brand","embeddable":true,"href":"https:\/\/moto-oprema.com\/de\/wp-json\/wp\/v2\/brand?post=123971"},{"taxonomy":"gender","embeddable":true,"href":"https:\/\/moto-oprema.com\/de\/wp-json\/wp\/v2\/gender?post=123971"},{"taxonomy":"product_brand","embeddable":true,"href":"https:\/\/moto-oprema.com\/de\/wp-json\/wp\/v2\/product_brand?post=123971"},{"taxonomy":"product_cat","embeddable":true,"href":"https:\/\/moto-oprema.com\/de\/wp-json\/wp\/v2\/product_cat?post=123971"},{"taxonomy":"product_tag","embeddable":true,"href":"https:\/\/moto-oprema.com\/de\/wp-json\/wp\/v2\/product_tag?post=123971"}],"curies":[{"name":"wp","href":"https:\/\/api.w.org\/{rel}","templated":true}]}}