{"id":123928,"date":"2021-10-20T12:14:11","date_gmt":"2021-10-20T12:14:11","guid":{"rendered":"https:\/\/moto-oprema.com\/Artikel\/alpinestars-mtb-jacke-nevada\/"},"modified":"2021-10-20T12:14:11","modified_gmt":"2021-10-20T12:14:11","slug":"alpinestars-mtb-jacke-nevada","status":"publish","type":"product","link":"https:\/\/moto-oprema.com\/de\/Artikel\/alpinestars-mtb-jacke-nevada\/","title":{"rendered":"ALPINESTARS MTB JACKE NEVADA"},"content":{"rendered":"<p>Ultraleichtes, winddichtes, wasserabweisendes Material, Mesh-Eins\u00e4tze am R\u00fccken und an den Unterarmen f\u00fcr eine bessere Luftzirkulation, verl\u00e4ngerter R\u00fcckenstoff f\u00fcr mehr Abdeckung im Lendenbereich, integrierte Aufbewahrungstasche zum einfachen Verstauen der Jacke.<\/p>\n<p>95% Nylon, 5% Elasthan<\/p>\n","protected":false},"excerpt":{"rendered":"<p>Ultraleichtes, winddichtes, wasserabweisendes Material, Mesh-Eins\u00e4tze am R\u00fccken und an den Unterarmen f\u00fcr eine bessere Luftzirkulation, verl\u00e4ngerter&#8230;<\/p>\n","protected":false},"featured_media":14121,"comment_status":"open","ping_status":"closed","template":"","meta":{"_acf_changed":false},"brand":[2111],"gender":[2168],"product_brand":[],"product_cat":[2075,2671],"product_tag":[],"class_list":{"0":"post-123928","1":"product","2":"type-product","3":"status-publish","4":"has-post-thumbnail","6":"brand-alpinestars-de","7":"gender-moski-de","8":"product_cat-mtb-radfahren-ausrustung","9":"product_cat-mtb-jakne-de","10":"pa_size-l-de","11":"pa_size-m-de","12":"pa_size-s-de","13":"pa_size-xl-de","14":"pa_size-xxl-de","16":"first","17":"outofstock","18":"taxable","19":"shipping-taxable","20":"purchasable","21":"product-type-variable"},"acf":[],"_links":{"self":[{"href":"https:\/\/moto-oprema.com\/de\/wp-json\/wp\/v2\/product\/123928","targetHints":{"allow":["GET"]}}],"collection":[{"href":"https:\/\/moto-oprema.com\/de\/wp-json\/wp\/v2\/product"}],"about":[{"href":"https:\/\/moto-oprema.com\/de\/wp-json\/wp\/v2\/types\/product"}],"replies":[{"embeddable":true,"href":"https:\/\/moto-oprema.com\/de\/wp-json\/wp\/v2\/comments?post=123928"}],"wp:featuredmedia":[{"embeddable":true,"href":"https:\/\/moto-oprema.com\/de\/wp-json\/wp\/v2\/media\/14121"}],"wp:attachment":[{"href":"https:\/\/moto-oprema.com\/de\/wp-json\/wp\/v2\/media?parent=123928"}],"wp:term":[{"taxonomy":"brand","embeddable":true,"href":"https:\/\/moto-oprema.com\/de\/wp-json\/wp\/v2\/brand?post=123928"},{"taxonomy":"gender","embeddable":true,"href":"https:\/\/moto-oprema.com\/de\/wp-json\/wp\/v2\/gender?post=123928"},{"taxonomy":"product_brand","embeddable":true,"href":"https:\/\/moto-oprema.com\/de\/wp-json\/wp\/v2\/product_brand?post=123928"},{"taxonomy":"product_cat","embeddable":true,"href":"https:\/\/moto-oprema.com\/de\/wp-json\/wp\/v2\/product_cat?post=123928"},{"taxonomy":"product_tag","embeddable":true,"href":"https:\/\/moto-oprema.com\/de\/wp-json\/wp\/v2\/product_tag?post=123928"}],"curies":[{"name":"wp","href":"https:\/\/api.w.org\/{rel}","templated":true}]}}