{"id":123911,"date":"2021-10-19T10:56:48","date_gmt":"2021-10-19T10:56:48","guid":{"rendered":"https:\/\/moto-oprema.com\/Artikel\/alpinestars-mtb-trikot-nevada\/"},"modified":"2021-10-19T10:56:48","modified_gmt":"2021-10-19T10:56:48","slug":"alpinestars-mtb-trikot-nevada","status":"publish","type":"product","link":"https:\/\/moto-oprema.com\/de\/Artikel\/alpinestars-mtb-trikot-nevada\/","title":{"rendered":"ALPINESTARS MTB TRIKOT NEVADA"},"content":{"rendered":"<p><span class=\"VIiyi\" xml_lang=\"sl\" lang=\"sl\"><span class=\"JLqJ4b ChMk0b\"><span>Das leichte Nevada T-Shirt sch\u00fctzt bei allen Wetterbedingungen, insbesondere bei K\u00e4lte und leichtem Regen.<\/span><\/span> <span class=\"JLqJ4b ChMk0b\"><span>Das Trikot hat einen halben Rei\u00dfverschluss auf der Brust, um das Eindringen von Wind effektiv zu verhindern, und einen verl\u00e4ngerten R\u00fccken, um den R\u00fccken in der Hocke besser zu sch\u00fctzen.<\/span><\/span> <span class=\"JLqJ4b ChMk0b\"><span>Dank seiner weichen Materialien und seines Kragens bietet das Jersey Nevada Schutz und Komfort bei kaltem Wetter.<\/span><\/span> <span class=\"JLqJ4b ChMk0b\"><span>Die einzelne Rei\u00dfverschlusstasche auf der Vorderseite des T-Shirts ist ebenfalls praktisch und kann zum sicheren Verstauen pers\u00f6nlicher Gegenst\u00e4nde verwendet werden.<\/span><\/span><span class=\"JLqJ4b\"><span> <\/span><\/span><span class=\"JLqJ4b ChMk0b\"><span><\/span><\/span><\/span><\/p>\n<p><span class=\"VIiyi\" xml_lang=\"sl\" lang=\"sl\"><span class=\"JLqJ4b ChMk0b\"><span>88% Polyester und 12% Elastan.<\/span><\/span><\/span><\/p>\n","protected":false},"excerpt":{"rendered":"<p>Das leichte Nevada T-Shirt sch\u00fctzt bei allen Wetterbedingungen, insbesondere bei K\u00e4lte und leichtem Regen. Das Trikot&#8230;<\/p>\n","protected":false},"featured_media":14104,"comment_status":"open","ping_status":"open","template":"","meta":{"_acf_changed":false},"brand":[2111],"gender":[2168],"product_brand":[],"product_cat":[2075,2663],"product_tag":[],"class_list":{"0":"post-123911","1":"product","2":"type-product","3":"status-publish","4":"has-post-thumbnail","6":"brand-alpinestars-de","7":"gender-moski-de","8":"product_cat-mtb-radfahren-ausrustung","9":"product_cat-mtb-dresi-de","10":"pa_size-l-de","11":"pa_size-m-de","12":"pa_size-s-de","13":"pa_size-xl-de","14":"pa_size-xxl-de","16":"first","17":"onbackorder","18":"taxable","19":"shipping-taxable","20":"purchasable","21":"product-type-variable"},"acf":[],"_links":{"self":[{"href":"https:\/\/moto-oprema.com\/de\/wp-json\/wp\/v2\/product\/123911","targetHints":{"allow":["GET"]}}],"collection":[{"href":"https:\/\/moto-oprema.com\/de\/wp-json\/wp\/v2\/product"}],"about":[{"href":"https:\/\/moto-oprema.com\/de\/wp-json\/wp\/v2\/types\/product"}],"replies":[{"embeddable":true,"href":"https:\/\/moto-oprema.com\/de\/wp-json\/wp\/v2\/comments?post=123911"}],"wp:featuredmedia":[{"embeddable":true,"href":"https:\/\/moto-oprema.com\/de\/wp-json\/wp\/v2\/media\/14104"}],"wp:attachment":[{"href":"https:\/\/moto-oprema.com\/de\/wp-json\/wp\/v2\/media?parent=123911"}],"wp:term":[{"taxonomy":"brand","embeddable":true,"href":"https:\/\/moto-oprema.com\/de\/wp-json\/wp\/v2\/brand?post=123911"},{"taxonomy":"gender","embeddable":true,"href":"https:\/\/moto-oprema.com\/de\/wp-json\/wp\/v2\/gender?post=123911"},{"taxonomy":"product_brand","embeddable":true,"href":"https:\/\/moto-oprema.com\/de\/wp-json\/wp\/v2\/product_brand?post=123911"},{"taxonomy":"product_cat","embeddable":true,"href":"https:\/\/moto-oprema.com\/de\/wp-json\/wp\/v2\/product_cat?post=123911"},{"taxonomy":"product_tag","embeddable":true,"href":"https:\/\/moto-oprema.com\/de\/wp-json\/wp\/v2\/product_tag?post=123911"}],"curies":[{"name":"wp","href":"https:\/\/api.w.org\/{rel}","templated":true}]}}