{"id":123888,"date":"2021-10-18T10:40:28","date_gmt":"2021-10-18T10:40:28","guid":{"rendered":"https:\/\/moto-oprema.com\/Artikel\/oneal-kinder-mx-ellbogenschuetzer-peewee\/"},"modified":"2021-10-18T10:40:28","modified_gmt":"2021-10-18T10:40:28","slug":"oneal-kinder-mx-ellbogenschuetzer-peewee","status":"publish","type":"product","link":"https:\/\/moto-oprema.com\/de\/Artikel\/oneal-kinder-mx-ellbogenschuetzer-peewee\/","title":{"rendered":"O&#8217;NEAL KINDER MX ELLBOGENSCH\u00dcTZER PEEWEE"},"content":{"rendered":"<p>Der Oneal Peewee ist ein spezieller Ellbogensch\u00fctzer f\u00fcr Kinder, der speziell entwickelt wurde, um den Ellbogen vor St\u00f6\u00dfen und Prellungen zu sch\u00fctzen. Dank seines ergonomischen Designs und der verstellbaren Klettverschl\u00fcsse ist der Ellenbogenschutz garantiert optimal stabil. <\/p>\n<p>Zusammensetzung: 100% Polyester<\/p>\n","protected":false},"excerpt":{"rendered":"<p>Der Oneal Peewee ist ein spezieller Ellbogensch\u00fctzer f\u00fcr Kinder, der speziell entwickelt wurde, um den Ellbogen&#8230;<\/p>\n","protected":false},"featured_media":14059,"comment_status":"open","ping_status":"closed","template":"","meta":{"_acf_changed":false},"brand":[2177],"gender":[],"product_brand":[],"product_cat":[2216,2028,2330],"product_tag":[],"class_list":{"0":"post-123888","1":"product","2":"type-product","3":"status-publish","4":"has-post-thumbnail","6":"brand-oneal-de","7":"product_cat-fur-die-jungsten-de","8":"product_cat-motocross-ausrustung","9":"product_cat-mx-protektoren","10":"pa_size-m-l-de","11":"pa_size-xs-s-de","13":"first","14":"outofstock","15":"taxable","16":"shipping-taxable","17":"purchasable","18":"product-type-variable"},"acf":[],"_links":{"self":[{"href":"https:\/\/moto-oprema.com\/de\/wp-json\/wp\/v2\/product\/123888","targetHints":{"allow":["GET"]}}],"collection":[{"href":"https:\/\/moto-oprema.com\/de\/wp-json\/wp\/v2\/product"}],"about":[{"href":"https:\/\/moto-oprema.com\/de\/wp-json\/wp\/v2\/types\/product"}],"replies":[{"embeddable":true,"href":"https:\/\/moto-oprema.com\/de\/wp-json\/wp\/v2\/comments?post=123888"}],"wp:featuredmedia":[{"embeddable":true,"href":"https:\/\/moto-oprema.com\/de\/wp-json\/wp\/v2\/media\/14059"}],"wp:attachment":[{"href":"https:\/\/moto-oprema.com\/de\/wp-json\/wp\/v2\/media?parent=123888"}],"wp:term":[{"taxonomy":"brand","embeddable":true,"href":"https:\/\/moto-oprema.com\/de\/wp-json\/wp\/v2\/brand?post=123888"},{"taxonomy":"gender","embeddable":true,"href":"https:\/\/moto-oprema.com\/de\/wp-json\/wp\/v2\/gender?post=123888"},{"taxonomy":"product_brand","embeddable":true,"href":"https:\/\/moto-oprema.com\/de\/wp-json\/wp\/v2\/product_brand?post=123888"},{"taxonomy":"product_cat","embeddable":true,"href":"https:\/\/moto-oprema.com\/de\/wp-json\/wp\/v2\/product_cat?post=123888"},{"taxonomy":"product_tag","embeddable":true,"href":"https:\/\/moto-oprema.com\/de\/wp-json\/wp\/v2\/product_tag?post=123888"}],"curies":[{"name":"wp","href":"https:\/\/api.w.org\/{rel}","templated":true}]}}