{"id":123824,"date":"2021-10-01T10:01:49","date_gmt":"2021-10-01T10:01:49","guid":{"rendered":"https:\/\/moto-oprema.com\/Artikel\/shoei-nxr2-matt-rot\/"},"modified":"2021-10-01T10:01:49","modified_gmt":"2021-10-01T10:01:49","slug":"shoei-nxr2-matt-rot","status":"publish","type":"product","link":"https:\/\/moto-oprema.com\/de\/Artikel\/shoei-nxr2-matt-rot\/","title":{"rendered":"SHOEI NXR2 MATT ROT"},"content":{"rendered":"<p><span class=\"VIiyi\" xml_lang=\"sl\" lang=\"sl\"><span class=\"JLqJ4b\"><span>NXR2 &#8211; Verfeinerte Reinheit  <\/span><\/span><\/span><\/p>\n<p><span class=\"VIiyi\" xml_lang=\"sl\" lang=\"sl\"><span class=\"JLqJ4b\"><span>Sportlicher Stra\u00dfenhelm  <\/span><\/span><\/span><\/p>\n<p><span class=\"VIiyi\" xml_lang=\"sl\" lang=\"sl\"><span class=\"JLqJ4b\"><span>Das Ganze ist immer mehr als die Summe seiner Teile. Unsere jahrzehntelange Erfahrung in der Herstellung hochwertiger Helme, unsere kompromisslos hohe Verarbeitungsqualit\u00e4t und unser forschungsbasierter Blick auf die Anforderungen des Motorradfahrers von heute und morgen machen aus den Komponenten einer bequemen Passform und hocheffizienten Bel\u00fcftung, bew\u00e4hrter Aerodynamik, zuverl\u00e4ssiger Sicherheit und maximalem Tragekomfort den ultimativen Sporthelm.   <\/span><\/span><\/span><\/p>\n<p><span class=\"VIiyi\" xml_lang=\"sl\" lang=\"sl\"><span class=\"JLqJ4b\"><span>Kompakter und leichter SHOEI NXR2 Sporthelm.  <\/span><\/span><\/span><\/p>\n<p><span class=\"VIiyi\" xml_lang=\"sl\" lang=\"sl\"><span class=\"JLqJ4b\"><span>Sicherheit:<\/span><\/span><\/span><\/p>\n<p><span class=\"VIiyi\" xml_lang=\"sl\" lang=\"sl\"><span class=\"JLqJ4b\"><span>Die AIM-Au\u00dfenschale (Advanced Integrated Matrix) in Kombination mit einem Polystyrol-Kernsystem, das aus mehreren Elementen mit unterschiedlichem Absorptionsverm\u00f6gen besteht, bietet optimalen Aufprallschutz.  <\/span><\/span><\/span><\/p>\n<p><span class=\"VIiyi\" xml_lang=\"sl\" lang=\"sl\"><span class=\"JLqJ4b\"><span>Das f\u00fcr den SHOEI NXR2 neu entwickelte Visier CWR-F2 mit seinem zweidimensionalen Design erm\u00f6glicht eine verzerrungsfreie und sehr nat\u00fcrliche Sicht.  <\/span><\/span><\/span><\/p>\n<p><span class=\"VIiyi\" xml_lang=\"sl\" lang=\"sl\"><span class=\"JLqJ4b\"><span>Verst\u00e4rkungen an der Ober- und Unterkante des Visiers erh\u00f6hen die Torsionssteifigkeit und ein Verriegelungsmechanismus, der jetzt zentral angeordnet ist, verhindert ein ungewolltes \u00d6ffnen des Visiers. Das Visier kann dank des weiterentwickelten Mechanismus des Vorg\u00e4ngermodells schnell und ohne Werkzeug gewechselt und eingestellt werden.   <\/span><\/span><\/span><\/p>\n<p><span class=\"VIiyi\" xml_lang=\"sl\" lang=\"sl\"><span class=\"JLqJ4b\"><span>Die vergr\u00f6\u00dferte, beschlagsfreie PINLOCK\u00aeEVO-Sichtscheibe des Helms erm\u00f6glicht dank der weit nach hinten versetzten Befestigungsstifte eine klare Sicht auf einen gro\u00dfen Teil des nutzbaren Sichtfeldes, selbst bei schwierigen Wetterbedingungen.  <\/span><\/span><\/span><\/p>\n<p><span class=\"VIiyi\" xml_lang=\"sl\" lang=\"sl\"><span class=\"JLqJ4b\"><span>Der Befestigungsriemen mit Doppel-D-Verschluss ist leicht verstellbar und h\u00e4lt den Helm sicher. Im Notfall k\u00f6nnen die Gesichtspolster dank des EQRS-Systems (Emergency Quick Release System) leicht abgenommen werden, da der Helm leicht abnehmbar ist.   <\/span><\/span><\/span><\/p>\n<p><span class=\"VIiyi\" xml_lang=\"sl\" lang=\"sl\"><span class=\"JLqJ4b\"><span>Tragekomfort &#8211; 4 verschiedene Au\u00dfenschalengr\u00f6\u00dfen (XXS-S | M | L | XL-XXL) machen den NXR2 zu einem kompakten, leichten Sporthelm mit einer gro\u00dfen Auswahl an Gr\u00f6\u00dfen. Sein geringes Gewicht entlastet die Nackenmuskulatur, um Erm\u00fcdungserscheinungen zu verringern, ob beim sportlichen Einsatz auf der Rennstrecke oder auf l\u00e4ngeren Fahrten. Das dreidimensional geformte Mittelpolster, die vorgeformten Gesichtspolster und das Kinnpolster sind vollst\u00e4ndig herausnehmbar und waschbar. Leicht raue, aber weiche, schnell trocknende Bezugsmaterialien reduzieren die Reibung der Polster auf der Haut und sorgen f\u00fcr ein angenehmes Tragegef\u00fchl. Neu gestaltete Wangenpolster erleichtern das Auf- und Absetzen des Helms. Sie reduzieren die L\u00e4rmbelastung durch die st\u00e4rker ausgepr\u00e4gte Unterseite des Fahrers. Die Kopf- und Wangenpolster sind in verschiedenen St\u00e4rken f\u00fcr eine individuelle Anpassung des Helms erh\u00e4ltlich. Herausnehmbare Polster im Ohrbereich tragen effektiv zur Ger\u00e4uschreduzierung bei. Die Aussparungen im Ohrbereich erm\u00f6glichen den Anschluss einer Gegensprechanlage.          <\/span><\/span><\/span><\/p>\n<p><span class=\"VIiyi\" xml_lang=\"sl\" lang=\"sl\"><span class=\"JLqJ4b\"><span>Bel\u00fcftung: Die 6 Lufteinl\u00e4sse und 4 Luftausl\u00e4sse des SHOEI NXR2 sind \u00fcber ein verzweigtes Bel\u00fcftungssystem im Inneren der Helmschale verbunden und reduzieren die Temperatur und Feuchtigkeit im Inneren des Helms erheblich. Sie versorgen den Fahrer stets mit ausreichend Frischluft, ohne den Ger\u00e4uschpegel zu erh\u00f6hen. Das Ergebnis ist eine angenehme Temperatur im Inneren des Helms f\u00fcr konzentriertes, erm\u00fcdungsfreies Fahren, sowohl beim sportlichen Fahren auf der Rennstrecke als auch bei Motorradreisen in warme Gegenden. Die Bel\u00fcftungs\u00f6ffnungen lassen sich auch mit Handschuhen leicht verstellen.     <\/span><\/span><\/span><\/p>\n<p><span class=\"VIiyi\" xml_lang=\"sl\" lang=\"sl\"><span class=\"JLqJ4b\"><span>Aerodynamik:  <\/span><\/span><\/span><\/p>\n<p><span class=\"VIiyi\" xml_lang=\"sl\" lang=\"sl\"><span class=\"JLqJ4b\"><span>Ein eingebauter Spoiler am Hinterkopf stabilisiert den Helm bei h\u00f6heren Geschwindigkeiten. Das kompakte und aerodynamisch optimierte Design des SHOEI NXR2 reduziert den Windwiderstand und die Auftriebstendenz im Vergleich zu den bereits niedrigen Werten des Vorg\u00e4ngermodells weiter. Dadurch wird die Nackenmuskulatur des Fahrers effektiv entlastet und die Erm\u00fcdungserscheinungen werden auch bei l\u00e4ngeren Fahrten reduziert.    <br \/><\/span><\/span><\/span><\/p>\n","protected":false},"excerpt":{"rendered":"<p>NXR2 &#8211; Reinheit verfeinert Farbe: Mattes Rot<\/p>\n","protected":false},"featured_media":13948,"comment_status":"open","ping_status":"open","template":"","meta":{"_acf_changed":false},"brand":[2126],"gender":[2173],"product_brand":[],"product_cat":[1357,1360,1361],"product_tag":[],"class_list":{"0":"post-123824","1":"product","2":"type-product","3":"status-publish","4":"has-post-thumbnail","6":"brand-shoei-de","7":"gender-unisex-de","8":"product_cat-ausrustung-fur-motorradfahrer","9":"product_cat-helme","10":"product_cat-integral","11":"pa_size-l-de","12":"pa_size-m-de","13":"pa_size-s-de","14":"pa_size-xl-de","15":"pa_size-xs-de","16":"pa_size-xxl-de","18":"first","19":"onbackorder","20":"taxable","21":"shipping-taxable","22":"purchasable","23":"product-type-variable"},"acf":[],"_links":{"self":[{"href":"https:\/\/moto-oprema.com\/de\/wp-json\/wp\/v2\/product\/123824","targetHints":{"allow":["GET"]}}],"collection":[{"href":"https:\/\/moto-oprema.com\/de\/wp-json\/wp\/v2\/product"}],"about":[{"href":"https:\/\/moto-oprema.com\/de\/wp-json\/wp\/v2\/types\/product"}],"replies":[{"embeddable":true,"href":"https:\/\/moto-oprema.com\/de\/wp-json\/wp\/v2\/comments?post=123824"}],"wp:featuredmedia":[{"embeddable":true,"href":"https:\/\/moto-oprema.com\/de\/wp-json\/wp\/v2\/media\/13948"}],"wp:attachment":[{"href":"https:\/\/moto-oprema.com\/de\/wp-json\/wp\/v2\/media?parent=123824"}],"wp:term":[{"taxonomy":"brand","embeddable":true,"href":"https:\/\/moto-oprema.com\/de\/wp-json\/wp\/v2\/brand?post=123824"},{"taxonomy":"gender","embeddable":true,"href":"https:\/\/moto-oprema.com\/de\/wp-json\/wp\/v2\/gender?post=123824"},{"taxonomy":"product_brand","embeddable":true,"href":"https:\/\/moto-oprema.com\/de\/wp-json\/wp\/v2\/product_brand?post=123824"},{"taxonomy":"product_cat","embeddable":true,"href":"https:\/\/moto-oprema.com\/de\/wp-json\/wp\/v2\/product_cat?post=123824"},{"taxonomy":"product_tag","embeddable":true,"href":"https:\/\/moto-oprema.com\/de\/wp-json\/wp\/v2\/product_tag?post=123824"}],"curies":[{"name":"wp","href":"https:\/\/api.w.org\/{rel}","templated":true}]}}