{"id":123810,"date":"2021-09-22T11:49:49","date_gmt":"2021-09-22T11:49:49","guid":{"rendered":"https:\/\/moto-oprema.com\/Artikel\/fox-mtb-shorts-ranger-schwarz-2\/"},"modified":"2021-09-22T11:49:49","modified_gmt":"2021-09-22T11:49:49","slug":"fox-mtb-shorts-ranger-schwarz-2","status":"publish","type":"product","link":"https:\/\/moto-oprema.com\/de\/Artikel\/fox-mtb-shorts-ranger-schwarz-2\/","title":{"rendered":"FOX MTB SHORTS RANGER SCHWARZ"},"content":{"rendered":"<p lang=\"de-de\" xml_lang=\"de-de\"><span lang=\"sl-si\" xml_lang=\"sl-si\">Wir von Fox haben die legend\u00e4ren Fox RANGER MTB-Radhosen verbessert. Sie sind noch bequemer, weicher und strapazierf\u00e4higer. Der neue Bundverschluss mit verstellbarer FOX LINK-Schnalle sorgt f\u00fcr eine perfekte Passform. Zwei Seitentaschen sorgen daf\u00fcr, dass Sie Ihre wichtigsten Utensilien immer griffbereit haben.   <\/span><\/p>\n<p lang=\"de-de\" xml_lang=\"de-de\"><span lang=\"sl-si\" xml_lang=\"sl-si\">Behaarung:<\/span><\/p>\n<ul>\n<li style=\"margin: 0px;padding: 0px\">Herausnehmbares und waschbares Dual-Density-Futter<\/li>\n<li style=\"margin: 0px;padding: 0px\">Der FOX-Link-Taillenverschluss bietet eine perfekte Passform.<\/li>\n<li style=\"margin: 0px;padding: 0px\">TruDri-Material um die Taille trocknet schneller und leitet Feuchtigkeit vom K\u00f6rper weg<\/li>\n<li style=\"margin: 0px;padding: 0px\">Dehnbares und strapazierf\u00e4higes RipStop-Material<\/li>\n<li style=\"margin: 0px;padding: 0px\">2-Wege-Stretchmaterial f\u00fcr maximalen Komfort w\u00e4hrend der Fahrt selbst.<\/li>\n<li style=\"margin: 0px;padding: 0px\">RAP (Rider Attack Position) Schnitt f\u00fcr eine perfekte Passform auf Ihrem Motorrad.<\/li>\n<li style=\"margin: 0px;padding: 0px\">Zwei Fronttaschen.<\/li>\n<li style=\"margin: 0px;padding: 0px\">Herausnehmbarer Innenhimmel<\/li>\n<\/ul>\n<p lang=\"de-de\" style=\"font-style: normal;font-weight: normal;text-decoration: none\" xml_lang=\"de-de\"><span style=\"color: #000000\"><strong><span style=\"text-decoration: none\"><span style=\"font-family: 'Times New Roman', serif\"><span style=\"font-size: medium\"><span lang=\"sl-si\" xml_lang=\"sl-si\">Zusammensetzung des Rohmaterials:<\/span><\/span><\/span><\/span><\/strong><\/span><\/p>\n<ul>\n<li>\n<p style=\"margin-bottom: 0cm\">92% Polyester, 8% Elastan, Futter: 83% Polyester, 17% Elastan.<\/p>\n<\/li>\n<li>Futter: 83% Polyester, 17% Elasthan<\/li>\n<\/ul>\n<p lang=\"de-de\" style=\"font-style: normal;font-weight: normal;text-decoration: none\" xml_lang=\"de-de\">\n","protected":false},"excerpt":{"rendered":"<p>Wir von Fox haben die legend\u00e4ren Fox RANGER MTB-Radhosen verbessert. Sie sind noch bequemer, weicher und&#8230;<\/p>\n","protected":false},"featured_media":13912,"comment_status":"open","ping_status":"closed","template":"","meta":{"_acf_changed":false},"brand":[],"gender":[2168],"product_brand":[],"product_cat":[2075,2664],"product_tag":[],"class_list":{"0":"post-123810","1":"product","2":"type-product","3":"status-publish","4":"has-post-thumbnail","6":"gender-moski-de","7":"product_cat-mtb-radfahren-ausrustung","8":"product_cat-mtb-hosen","9":"pa_size-28-de","10":"pa_size-30-de","11":"pa_size-32-de","12":"pa_size-34-de","13":"pa_size-36-de","14":"pa_size-38-de","15":"pa_size-40-de","16":"pa_size-42-de","18":"first","19":"onbackorder","20":"taxable","21":"shipping-taxable","22":"purchasable","23":"product-type-variable"},"acf":[],"_links":{"self":[{"href":"https:\/\/moto-oprema.com\/de\/wp-json\/wp\/v2\/product\/123810","targetHints":{"allow":["GET"]}}],"collection":[{"href":"https:\/\/moto-oprema.com\/de\/wp-json\/wp\/v2\/product"}],"about":[{"href":"https:\/\/moto-oprema.com\/de\/wp-json\/wp\/v2\/types\/product"}],"replies":[{"embeddable":true,"href":"https:\/\/moto-oprema.com\/de\/wp-json\/wp\/v2\/comments?post=123810"}],"wp:featuredmedia":[{"embeddable":true,"href":"https:\/\/moto-oprema.com\/de\/wp-json\/wp\/v2\/media\/13912"}],"wp:attachment":[{"href":"https:\/\/moto-oprema.com\/de\/wp-json\/wp\/v2\/media?parent=123810"}],"wp:term":[{"taxonomy":"brand","embeddable":true,"href":"https:\/\/moto-oprema.com\/de\/wp-json\/wp\/v2\/brand?post=123810"},{"taxonomy":"gender","embeddable":true,"href":"https:\/\/moto-oprema.com\/de\/wp-json\/wp\/v2\/gender?post=123810"},{"taxonomy":"product_brand","embeddable":true,"href":"https:\/\/moto-oprema.com\/de\/wp-json\/wp\/v2\/product_brand?post=123810"},{"taxonomy":"product_cat","embeddable":true,"href":"https:\/\/moto-oprema.com\/de\/wp-json\/wp\/v2\/product_cat?post=123810"},{"taxonomy":"product_tag","embeddable":true,"href":"https:\/\/moto-oprema.com\/de\/wp-json\/wp\/v2\/product_tag?post=123810"}],"curies":[{"name":"wp","href":"https:\/\/api.w.org\/{rel}","templated":true}]}}