{"id":123804,"date":"2022-01-05T10:18:01","date_gmt":"2022-01-05T10:18:01","guid":{"rendered":"https:\/\/moto-oprema.com\/Artikel\/alpinestars-stella-t-kira-v2-jacke-schwarz\/"},"modified":"2022-01-05T10:18:01","modified_gmt":"2022-01-05T10:18:01","slug":"alpinestars-stella-t-kira-v2-jacke-schwarz","status":"publish","type":"product","link":"https:\/\/moto-oprema.com\/de\/Artikel\/alpinestars-stella-t-kira-v2-jacke-schwarz\/","title":{"rendered":"ALPINESTARS STELLA T-KIRA V2 JACKE SCHWARZ"},"content":{"rendered":"<p>Die Stella Kira v2 Air Jacket wurde speziell f\u00fcr eine optimierte weibliche Passform entworfen und verf\u00fcgt \u00fcber Bel\u00fcftungs\u00f6ffnungen und gro\u00dfe Netzeins\u00e4tze an Brust, R\u00fccken und Armen.<\/p>\n<p>Eigenschaften:<\/p>\n<ul>\n<li>  Speziell entwickelt f\u00fcr eine optimale Passform f\u00fcr Frauen.<\/li>\n<li>  Hergestellt aus strapazierf\u00e4higem 600 Denier Polyester mit einer doppelten Polyurethan-Beschichtung f\u00fcr zus\u00e4tzlichen Schutz.<\/li>\n<li>  Gro\u00dfe Triebwerke vorne, hinten und am Unterarm f\u00fcr optimale Luftzirkulation.<\/li>\n<li>  Klettverschluss am Bund und am B\u00fcndchen f\u00fcr einen sicheren Verschluss.<\/li>\n<li>  Weich gef\u00fctterte Kragenkonstruktion f\u00fcr verbesserten Reiterkomfort.<\/li>\n<li>  Die R\u00fcckseite der Jacke ist verl\u00e4ngert, um eine bessere Abdeckung beim Fahren zu gew\u00e4hrleisten.<\/li>\n<li>  Zwei Vordertaschen mit Rei\u00dfverschl\u00fcssen, eine wasserdichte Innentasche f\u00fcr Dokumente und zwei Innentaschen zur sicheren Aufbewahrung.<\/li>\n<li>  Reflektierende Dekorationen.<\/li>\n<\/ul>\n<p>Spezifikationen:<\/p>\n<ul>\n<li>  Nucleon Flex Plus Level 1 Schulter- und Ellbogenpolster (EN 1621-1: 2012).<\/li>\n<li>  bereit f\u00fcr den Alpinestars Nucleon R\u00fcckenprotektor (separat erh\u00e4ltlich).<\/li>\n<li>  Kompatibel mit dem Alpinestars Tech-Air\u00ae 5 Airbagsystem (separat erh\u00e4ltlich).<\/li>\n<li>  Schutzkleidung f\u00fcr Motorr\u00e4der der Klasse A (gem\u00e4\u00df Kategorie II der prEN 17092).<\/li>\n<\/ul>\n<p>100% Polyester<\/p>\n","protected":false},"excerpt":{"rendered":"<p>Die Stella Kira v2 Air Jacket wurde speziell f\u00fcr eine optimierte weibliche Passform entworfen und verf\u00fcgt&#8230;<\/p>\n","protected":false},"featured_media":15797,"comment_status":"open","ping_status":"open","template":"","meta":{"_acf_changed":false},"brand":[2111],"gender":[],"product_brand":[],"product_cat":[1357,2045,2048],"product_tag":[],"class_list":{"0":"post-123804","1":"product","2":"type-product","3":"status-publish","4":"has-post-thumbnail","6":"brand-alpinestars-de","7":"product_cat-ausrustung-fur-motorradfahrer","8":"product_cat-jakne-de","9":"product_cat-textil-jacken","10":"pa_size-l-de","11":"pa_size-m-de","12":"pa_size-s-de","14":"first","15":"onbackorder","16":"sale","17":"taxable","18":"shipping-taxable","19":"purchasable","20":"product-type-variable"},"acf":[],"_links":{"self":[{"href":"https:\/\/moto-oprema.com\/de\/wp-json\/wp\/v2\/product\/123804","targetHints":{"allow":["GET"]}}],"collection":[{"href":"https:\/\/moto-oprema.com\/de\/wp-json\/wp\/v2\/product"}],"about":[{"href":"https:\/\/moto-oprema.com\/de\/wp-json\/wp\/v2\/types\/product"}],"replies":[{"embeddable":true,"href":"https:\/\/moto-oprema.com\/de\/wp-json\/wp\/v2\/comments?post=123804"}],"wp:featuredmedia":[{"embeddable":true,"href":"https:\/\/moto-oprema.com\/de\/wp-json\/wp\/v2\/media\/15797"}],"wp:attachment":[{"href":"https:\/\/moto-oprema.com\/de\/wp-json\/wp\/v2\/media?parent=123804"}],"wp:term":[{"taxonomy":"brand","embeddable":true,"href":"https:\/\/moto-oprema.com\/de\/wp-json\/wp\/v2\/brand?post=123804"},{"taxonomy":"gender","embeddable":true,"href":"https:\/\/moto-oprema.com\/de\/wp-json\/wp\/v2\/gender?post=123804"},{"taxonomy":"product_brand","embeddable":true,"href":"https:\/\/moto-oprema.com\/de\/wp-json\/wp\/v2\/product_brand?post=123804"},{"taxonomy":"product_cat","embeddable":true,"href":"https:\/\/moto-oprema.com\/de\/wp-json\/wp\/v2\/product_cat?post=123804"},{"taxonomy":"product_tag","embeddable":true,"href":"https:\/\/moto-oprema.com\/de\/wp-json\/wp\/v2\/product_tag?post=123804"}],"curies":[{"name":"wp","href":"https:\/\/api.w.org\/{rel}","templated":true}]}}