{"id":123776,"date":"2022-01-05T11:05:48","date_gmt":"2022-01-05T11:05:48","guid":{"rendered":"https:\/\/moto-oprema.com\/Artikel\/alpinestars-maedchen-tech-hoody-sektor-v2\/"},"modified":"2022-01-05T11:05:48","modified_gmt":"2022-01-05T11:05:48","slug":"alpinestars-maedchen-tech-hoody-sektor-v2","status":"publish","type":"product","link":"https:\/\/moto-oprema.com\/de\/Artikel\/alpinestars-maedchen-tech-hoody-sektor-v2\/","title":{"rendered":"ALPINESTARS M\u00c4DCHEN TECH HOODY SEKTOR V2"},"content":{"rendered":"<p>Die Alpinestars Sector V2 Tech ist eine vielseitige, technische, urbane Kapuzenjacke f\u00fcr Damen. Sie ist aus einem Stoff gefertigt, der an den Schultern und Ellbogen mit Aramidfasern verst\u00e4rkt ist. Die Kapuze ist abnehmbar.    <\/p>\n<p>100% Polyester<\/p>\n<div class=\"accordion-main\">\n<div class=\"product-info-accordion\" id=\"jq-product-info-accordion\">\n<div class=\"product-info-inner\">\n<p>Die Sektor v2 Tech Hoodie ist f\u00fcr das Fahren in der Stadt optimiert und mit Aramidfaser-Verst\u00e4rkungen an Schultern und Ellbogen ausgestattet, die f\u00fcr eine hohe Abriebfestigkeit sorgen, w\u00e4hrend die abnehmbare Kapuze es den Fahrerinnen erm\u00f6glicht, die Jacke an die Bedingungen anzupassen. Das anatomische Profil sorgt f\u00fcr eine optimierte weibliche Passform f\u00fcr erh\u00f6hten Fahrkomfort. <\/p>\n<div class=\"accordion-main\">\n<div class=\"product-info-accordion\">\n<div class=\"product-info-inner\">\n<div class=\"product-block-1\">\n<div class=\"accordion-block\">\n<div class=\"info-title allow active\">\n<h3>KONSTRUKTION<\/h3>\n<\/div>\n<div class=\"info-content\">\n<p>&#8211; Anatomisch geformt f\u00fcr eine optimierte weibliche Passform.<\/p>\n<p>&#8211; Das Fahrgestell besteht aus einer 3L-Softshell mit Windschutz f\u00fcr Fahrerkomfort.<\/p>\n<p>&#8211; Stretch-Rippmaterial an den B\u00fcndchen und am Ges\u00e4\u00df f\u00fcr eine optimale Passform.<\/p>\n<p>&#8211; Aramidfaserverst\u00e4rkung an Schulter und Ellbogen f\u00fcr hohe Abriebfestigkeit.<\/p>\n<p>&#8211; Abnehmbare Kapuze mit Coulisse-System zum Einstellen des Volumens, mit Druckknopf auf der R\u00fcckseite, um sicherzustellen, dass sie w\u00e4hrend der Fahrt in Position bleibt.<\/p>\n<p>&#8211; YKK-Rei\u00dfverschluss auf der Vorderseite mit Kratzschutz f\u00fcr einen sicheren Verschluss.<\/p>\n<\/div>\n<\/div>\n<div class=\"accordion-block\">\n<div class=\"info-title allow active\">\n<h3>SCHL\u00dcSSEL-MERKMALE<\/h3>\n<\/div>\n<div class=\"info-content\">\n<p>&#8211; Die elastische Daumenschlaufe sorgt daf\u00fcr, dass der \u00c4rmel w\u00e4hrend der Fahrt in der richtigen Position bleibt.<\/p>\n<p>&#8211; Komfortfutter am Kragen f\u00fcr verbesserten Reiterkomfort.<\/p>\n<p>&#8211; Zwei Handtaschen mit Rei\u00dfverschluss, eine wasserdichte Innentasche f\u00fcr Dokumente, eine Innentasche und zwei Taschen auf dem Innenfutter zur sicheren Aufbewahrung.<\/p>\n<p>&#8211; Reflektierende Details.<\/p>\n<\/div>\n<\/div>\n<\/div>\n<div class=\"product-block-2\">\n<div class=\"accordion-block\">\n<div class=\"info-title allow active\">\n<h3>SCHUTZ<\/h3>\n<\/div>\n<div class=\"info-content\">\n<p>&#8211; Nach europ\u00e4ischem Recht ist die CE-Kennzeichnung eine Konformit\u00e4tsvoraussetzung f\u00fcr das Inverkehrbringen dieses Produkts. F\u00fcr dieses Produkt gelten die folgenden Normen: <\/p>\n<p>&#8211; CE Kategorie II PSA Verordnung (EU) 2016\/425 &#8211; Klasse A.<\/p>\n<p>&#8211; CE Level 2 EN1621-2:2014 Alpinestars Nucleon R\u00fcckenprotektor, erh\u00e4ltlich als Zubeh\u00f6r-Upgrade.<\/p>\n<p>&#8211; CE Level 1 EN1621-1:2012 Alpinestars Nucleon Flex Plus Schulter- und Ellbogenprotektoren.<\/p>\n<p>&#8211; Alpinestars Level 1 Nucleon Flex Plus Panzerung an Schulter und Ellbogen (Nucleon Brustprotektor Level 1 und Nucleon R\u00fcckenprotektor Level 1 und 2 als Zubeh\u00f6r erh\u00e4ltlich).<\/p>\n<\/div>\n<\/div>\n<\/div>\n<\/div>\n<\/div>\n<\/div>\n<\/div>\n<\/div>\n<\/div>\n","protected":false},"excerpt":{"rendered":"<p>Die Alpinestars Sector V2 Tech ist eine vielseitige, technische, urbane Kapuzenjacke f\u00fcr Damen. Sie ist aus&#8230;<\/p>\n","protected":false},"featured_media":15825,"comment_status":"open","ping_status":"open","template":"","meta":{"_acf_changed":false},"brand":[2111],"gender":[2170],"product_brand":[],"product_cat":[1357,2045,2048],"product_tag":[],"class_list":{"0":"post-123776","1":"product","2":"type-product","3":"status-publish","4":"has-post-thumbnail","6":"brand-alpinestars-de","7":"gender-zenska-de","8":"product_cat-ausrustung-fur-motorradfahrer","9":"product_cat-jakne-de","10":"product_cat-textil-jacken","11":"pa_size-l-de","12":"pa_size-m-de","13":"pa_size-s-de","15":"first","16":"onbackorder","17":"sale","18":"taxable","19":"shipping-taxable","20":"purchasable","21":"product-type-variable"},"acf":[],"_links":{"self":[{"href":"https:\/\/moto-oprema.com\/de\/wp-json\/wp\/v2\/product\/123776","targetHints":{"allow":["GET"]}}],"collection":[{"href":"https:\/\/moto-oprema.com\/de\/wp-json\/wp\/v2\/product"}],"about":[{"href":"https:\/\/moto-oprema.com\/de\/wp-json\/wp\/v2\/types\/product"}],"replies":[{"embeddable":true,"href":"https:\/\/moto-oprema.com\/de\/wp-json\/wp\/v2\/comments?post=123776"}],"wp:featuredmedia":[{"embeddable":true,"href":"https:\/\/moto-oprema.com\/de\/wp-json\/wp\/v2\/media\/15825"}],"wp:attachment":[{"href":"https:\/\/moto-oprema.com\/de\/wp-json\/wp\/v2\/media?parent=123776"}],"wp:term":[{"taxonomy":"brand","embeddable":true,"href":"https:\/\/moto-oprema.com\/de\/wp-json\/wp\/v2\/brand?post=123776"},{"taxonomy":"gender","embeddable":true,"href":"https:\/\/moto-oprema.com\/de\/wp-json\/wp\/v2\/gender?post=123776"},{"taxonomy":"product_brand","embeddable":true,"href":"https:\/\/moto-oprema.com\/de\/wp-json\/wp\/v2\/product_brand?post=123776"},{"taxonomy":"product_cat","embeddable":true,"href":"https:\/\/moto-oprema.com\/de\/wp-json\/wp\/v2\/product_cat?post=123776"},{"taxonomy":"product_tag","embeddable":true,"href":"https:\/\/moto-oprema.com\/de\/wp-json\/wp\/v2\/product_tag?post=123776"}],"curies":[{"name":"wp","href":"https:\/\/api.w.org\/{rel}","templated":true}]}}