{"id":123668,"date":"2021-12-14T11:41:30","date_gmt":"2021-12-14T11:41:30","guid":{"rendered":"https:\/\/moto-oprema.com\/Artikel\/alpinestars-t-sp-5-rideknit-hose-schwarz\/"},"modified":"2021-12-14T11:41:30","modified_gmt":"2021-12-14T11:41:30","slug":"alpinestars-t-sp-5-rideknit-hose-schwarz","status":"publish","type":"product","link":"https:\/\/moto-oprema.com\/de\/Artikel\/alpinestars-t-sp-5-rideknit-hose-schwarz\/","title":{"rendered":"ALPINESTARS T SP-5 RIDEKNIT HOSE SCHWARZ"},"content":{"rendered":"<p>Die T-SP5 Rideknit\u00ae Hose hat eine moderne Silhouette und ist auf sportliche Motorradstiefel zugeschnitten. Sie besteht aus einem extrem strapazierf\u00e4higen, abriebfesten Polygewebe mit raffinierten integrierten Protektoren. <\/p>\n<p>Merkmale:<\/p>\n<ul>\n<li>  Hergestellt aus strapazierf\u00e4higem Polygewebe f\u00fcr Komfort, Haltbarkeit und Abriebfestigkeit.<\/li>\n<li>  Die f\u00fcr Komfort und Leistung optimierte Hose wurde so entworfen, dass sie nahtlos \u00fcber sportliche Motorradstiefel passt.<\/li>\n<li>  Technologisches Gestrick im Nahtbereich f\u00fcr maximale Dehnbarkeit und zur Optimierung von Passform und Komfort.<\/li>\n<li>  Eine einfache, abgestufte Plattform f\u00fcr mehr Fahrerkomfort.<\/li>\n<li>  Die R\u00fcckseite der Hose ist verl\u00e4ngert und bietet dank des hohen R\u00fcckenprofils eine bessere Abdeckung w\u00e4hrend der Fahrt.<\/li>\n<li>  Das ergonomische, vorgekr\u00fcmmte Kniedesign reduziert die Erm\u00fcdung des Fahrers.<\/li>\n<li>  Klettverschluss im Bund f\u00fcr einen sicheren Verschluss.<\/li>\n<li>  Zwei vordere Oberschenkeltaschen f\u00fcr praktische Handhabung.<\/li>\n<li>  Elastischer Kn\u00f6chelbereich f\u00fcr schnelles und einfaches An- und Ausziehen.<\/li>\n<li>  Vorderer Umschlag mit Knopf f\u00fcr sicheren Verschluss.<\/li>\n<li>  Ausgestattet mit einem kurzen Kordelzug, um die Wade enger zu schn\u00fcren, so dass der Reiter die Passform optimieren kann.<\/li>\n<li>  hochentwickelte, klassenf\u00fchrende Nucleon Flex Knie- und H\u00fcftpolster Bio Flex<\/li>\n<li>  Schutzkleidung f\u00fcr Motorr\u00e4der der Klasse A (gem\u00e4\u00df Kategorie II der prEN 17092).<\/li>\n<\/ul>\n<p>Stoffzusammensetzung:86% Polyester, 14% Baumwolle<\/p>\n","protected":false},"excerpt":{"rendered":"<p>Die Andes V2 Pant ist vielseitig, 100% wasserdicht und hochgradig atmungsaktiv.<\/p>\n","protected":false},"featured_media":15435,"comment_status":"open","ping_status":"closed","template":"","meta":{"_acf_changed":false},"brand":[2111],"gender":[2168],"product_brand":[],"product_cat":[1357,2189,2211],"product_tag":[],"class_list":{"0":"post-123668","1":"product","2":"type-product","3":"status-publish","4":"has-post-thumbnail","6":"brand-alpinestars-de","7":"gender-moski-de","8":"product_cat-ausrustung-fur-motorradfahrer","9":"product_cat-hose","10":"product_cat-textil-hose","11":"pa_size-l-de","12":"pa_size-m-de","13":"pa_size-s-de","14":"pa_size-xl-de","16":"first","17":"onbackorder","18":"sale","19":"taxable","20":"shipping-taxable","21":"purchasable","22":"product-type-variable"},"acf":[],"_links":{"self":[{"href":"https:\/\/moto-oprema.com\/de\/wp-json\/wp\/v2\/product\/123668","targetHints":{"allow":["GET"]}}],"collection":[{"href":"https:\/\/moto-oprema.com\/de\/wp-json\/wp\/v2\/product"}],"about":[{"href":"https:\/\/moto-oprema.com\/de\/wp-json\/wp\/v2\/types\/product"}],"replies":[{"embeddable":true,"href":"https:\/\/moto-oprema.com\/de\/wp-json\/wp\/v2\/comments?post=123668"}],"wp:featuredmedia":[{"embeddable":true,"href":"https:\/\/moto-oprema.com\/de\/wp-json\/wp\/v2\/media\/15435"}],"wp:attachment":[{"href":"https:\/\/moto-oprema.com\/de\/wp-json\/wp\/v2\/media?parent=123668"}],"wp:term":[{"taxonomy":"brand","embeddable":true,"href":"https:\/\/moto-oprema.com\/de\/wp-json\/wp\/v2\/brand?post=123668"},{"taxonomy":"gender","embeddable":true,"href":"https:\/\/moto-oprema.com\/de\/wp-json\/wp\/v2\/gender?post=123668"},{"taxonomy":"product_brand","embeddable":true,"href":"https:\/\/moto-oprema.com\/de\/wp-json\/wp\/v2\/product_brand?post=123668"},{"taxonomy":"product_cat","embeddable":true,"href":"https:\/\/moto-oprema.com\/de\/wp-json\/wp\/v2\/product_cat?post=123668"},{"taxonomy":"product_tag","embeddable":true,"href":"https:\/\/moto-oprema.com\/de\/wp-json\/wp\/v2\/product_tag?post=123668"}],"curies":[{"name":"wp","href":"https:\/\/api.w.org\/{rel}","templated":true}]}}