{"id":123631,"date":"2021-12-10T12:45:49","date_gmt":"2021-12-10T12:45:49","guid":{"rendered":"https:\/\/moto-oprema.com\/Artikel\/leatt-schutzweste-5-5\/"},"modified":"2021-12-10T12:45:49","modified_gmt":"2021-12-10T12:45:49","slug":"leatt-schutzweste-5-5","status":"publish","type":"product","link":"https:\/\/moto-oprema.com\/de\/Artikel\/leatt-schutzweste-5-5\/","title":{"rendered":"LEATT SCHUTZWESTE 5.5"},"content":{"rendered":"<p>Der Protektor hat eine Hartschale und bietet Schutz f\u00fcr R\u00fccken, Brust, Ellbogen, Schultern und H\u00fcfte. Er ist CE-zertifiziert und getestet und erreicht 25 Punkte im Leatt-Test. Der h\u00f6chstm\u00f6gliche Oberk\u00f6rperschutz, den Leatt derzeit anbietet. Geeignet f\u00fcr alle Fahrer.   <\/p>\n<p>Merkmale:<\/p>\n<ul>\n<li>LEATT maximiert den Schutz<\/li>\n<li>Sicherheit auf der Vorderseite, dem R\u00fccken, der Schulter, den Flanken und den Ellbogen<\/li>\n<li>Mehrschichtiges, gelenkiges Design mit mehreren Platten.<\/li>\n<li>Tolle Passform und sehr komfortabel durch 3D-Design  <\/li>\n<li>L\u00fcftungsschlitze f\u00fcr maximalen Luftstrom.  <\/li>\n<li>MoistureCool feuchtigkeitstransportierendes Material h\u00e4lt Sie k\u00fchler<\/li>\n<li>BraceOn System zur Anpassung der Halskrause  <\/li>\n<li>Die neue FlipFit-Funktion auf der Vorder- und R\u00fcckseite erm\u00f6glicht die Anpassung \u00fcber und unter dem Hemd mit einer Leatt-Halskrause<\/li>\n<li>Der absolut sch\u00fctzendste und komfortabelste K\u00f6rperschutz aller Zeiten.<\/li>\n<li>Auch in XXL erh\u00e4ltlich<\/li>\n<li>LEATT\u00ae HDPE High Density Poly Ethylene Hardshell Au\u00dfenschutzschild<\/li>\n<li>LEATT 3DF Schaumstoff f\u00fcr Sto\u00dfd\u00e4mpfung  <\/li>\n<li>CE-zertifiziert f\u00fcr Aufprallschutz:\n<ul>\n<li>CE EN1621-2 Stufe 2 R\u00fcckseite<\/li>\n<li>CE EN1621-3 Stufe 2 Vorderseite<\/li>\n<li>CE EN 1621-1 Ellenbogen + Schulter<\/li>\n<\/ul>\n<\/li>\n<\/ul>\n","protected":false},"excerpt":{"rendered":"<p>Leatt 5.5 Sicherheitsweste<\/p>\n","protected":false},"featured_media":15285,"comment_status":"open","ping_status":"open","template":"","meta":{"_acf_changed":false},"brand":[2121],"gender":[],"product_brand":[],"product_cat":[2028],"product_tag":[],"class_list":{"0":"post-123631","1":"product","2":"type-product","3":"status-publish","4":"has-post-thumbnail","6":"brand-leatt-de","7":"product_cat-motocross-ausrustung","8":"pa_size-l-xl-de","9":"pa_size-s-m-de","10":"pa_size-xxl-de","12":"first","13":"onbackorder","14":"sale","15":"taxable","16":"shipping-taxable","17":"purchasable","18":"product-type-variable"},"acf":[],"_links":{"self":[{"href":"https:\/\/moto-oprema.com\/de\/wp-json\/wp\/v2\/product\/123631","targetHints":{"allow":["GET"]}}],"collection":[{"href":"https:\/\/moto-oprema.com\/de\/wp-json\/wp\/v2\/product"}],"about":[{"href":"https:\/\/moto-oprema.com\/de\/wp-json\/wp\/v2\/types\/product"}],"replies":[{"embeddable":true,"href":"https:\/\/moto-oprema.com\/de\/wp-json\/wp\/v2\/comments?post=123631"}],"wp:featuredmedia":[{"embeddable":true,"href":"https:\/\/moto-oprema.com\/de\/wp-json\/wp\/v2\/media\/15285"}],"wp:attachment":[{"href":"https:\/\/moto-oprema.com\/de\/wp-json\/wp\/v2\/media?parent=123631"}],"wp:term":[{"taxonomy":"brand","embeddable":true,"href":"https:\/\/moto-oprema.com\/de\/wp-json\/wp\/v2\/brand?post=123631"},{"taxonomy":"gender","embeddable":true,"href":"https:\/\/moto-oprema.com\/de\/wp-json\/wp\/v2\/gender?post=123631"},{"taxonomy":"product_brand","embeddable":true,"href":"https:\/\/moto-oprema.com\/de\/wp-json\/wp\/v2\/product_brand?post=123631"},{"taxonomy":"product_cat","embeddable":true,"href":"https:\/\/moto-oprema.com\/de\/wp-json\/wp\/v2\/product_cat?post=123631"},{"taxonomy":"product_tag","embeddable":true,"href":"https:\/\/moto-oprema.com\/de\/wp-json\/wp\/v2\/product_tag?post=123631"}],"curies":[{"name":"wp","href":"https:\/\/api.w.org\/{rel}","templated":true}]}}