{"id":123554,"date":"2021-11-04T11:00:16","date_gmt":"2021-11-04T11:00:16","guid":{"rendered":"https:\/\/moto-oprema.com\/Artikel\/tld-mtb-sprint-burgunderfarbene-hose\/"},"modified":"2021-11-04T11:00:16","modified_gmt":"2021-11-04T11:00:16","slug":"tld-mtb-sprint-burgunderfarbene-hose","status":"publish","type":"product","link":"https:\/\/moto-oprema.com\/de\/Artikel\/tld-mtb-sprint-burgunderfarbene-hose\/","title":{"rendered":"TLD MTB SPRINT BURGUNDERFARBENE HOSE"},"content":{"rendered":"<p>SPRINT Gear ist einzigartig, ebenso wie die Anzahl der Siege bei Downhill- und BMX-Rennen, die es im Laufe der Jahre errungen hat.  <\/p>\n<p>Das Hauptaugenmerk lag auf der Passform und dem Komfort der Ausr\u00fcstung auf dem Rad. So wurden der Halsausschnitt und die B\u00fcgelfalten \u00fcberarbeitet und leichtere, noch strapazierf\u00e4higere Materialien f\u00fcr die Hosen verwendet.<\/p>\n<p>All das tr\u00e4gt dazu bei, dass SPRINT Gear noch renntauglicher wird. Das Material aus 90% Polyester \/ 10% Spandex\u00ae ist leicht und strapazierf\u00e4hig. Ein neu gestalteter Kniebereich bietet ein schlankeres Profil, ohne den Schutz zu beeintr\u00e4chtigen, und bietet gleichzeitig eine verbesserte Flexibilit\u00e4t f\u00fcr bessere Bewegungs- und Schrittseigenschaften. Strapazierf\u00e4higes Stretchmaterial im Oberschenkel- und Ges\u00e4\u00dfbereich bietet zus\u00e4tzliche Abriebfestigkeit im Falle eines Sturzes. Optimierte Netzeins\u00e4tze entlang der Waden verbessern die Bewegungsfreiheit und erh\u00f6hen die Bel\u00fcftung. Erh\u00f6hte Abriebfestigkeit an der Kette dank des akustisch verschwei\u00dften, hitzebest\u00e4ndigen Spigots im rechten Kn\u00f6chelbereich. Neue seitliche Taillenversteller mit Klettverschluss im Bund erm\u00f6glichen eine schnelle und unmerkliche Passformanpassung. Die Konstruktion mit Rei\u00dfverschluss sch\u00fctzt vor Schmutz und Steinen. Die flache TLD-Schnalle mit Klettverschluss sorgt f\u00fcr einen festen Verschluss ohne zus\u00e4tzlichen Ballast. 2 strategisch platzierte Rei\u00dfverschlusstaschen: 1x am oberen linken Bein, 1x im unteren rechten Oberschenkelbereich. Die konische Form des unteren Beins h\u00e4lt die Hose von den Ketten\/Sitzen fern. Die renntaugliche Passform wurde entwickelt, um Platz f\u00fcr eine Basisschicht und Knieschoner zu bieten und gleichzeitig maximale Bewegungsfreiheit und einen sicheren Sitz zu gew\u00e4hrleisten. Der Stoff ist Bluesign\u00ae-zertifiziert.            <\/p>\n<p>Zusammensetzung des Rohstoffs:<\/p>\n<p>-90% Polyester\/10% Elasthan<\/p>\n","protected":false},"excerpt":{"rendered":"<p>SPRINT Gear ist einzigartig, ebenso wie die Anzahl der Siege bei Downhill- und BMX-Rennen, die es&#8230;<\/p>\n","protected":false},"featured_media":14202,"comment_status":"open","ping_status":"open","template":"","meta":{"_acf_changed":false},"brand":[2657],"gender":[2168],"product_brand":[],"product_cat":[2075,2664],"product_tag":[],"class_list":{"0":"post-123554","1":"product","2":"type-product","3":"status-publish","4":"has-post-thumbnail","6":"brand-tld-de","7":"gender-moski-de","8":"product_cat-mtb-radfahren-ausrustung","9":"product_cat-mtb-hosen","10":"pa_size-30-de","11":"pa_size-32-de","12":"pa_size-34-de","13":"pa_size-36-de","14":"pa_size-38-de","16":"first","17":"onbackorder","18":"taxable","19":"shipping-taxable","20":"purchasable","21":"product-type-variable"},"acf":[],"_links":{"self":[{"href":"https:\/\/moto-oprema.com\/de\/wp-json\/wp\/v2\/product\/123554","targetHints":{"allow":["GET"]}}],"collection":[{"href":"https:\/\/moto-oprema.com\/de\/wp-json\/wp\/v2\/product"}],"about":[{"href":"https:\/\/moto-oprema.com\/de\/wp-json\/wp\/v2\/types\/product"}],"replies":[{"embeddable":true,"href":"https:\/\/moto-oprema.com\/de\/wp-json\/wp\/v2\/comments?post=123554"}],"wp:featuredmedia":[{"embeddable":true,"href":"https:\/\/moto-oprema.com\/de\/wp-json\/wp\/v2\/media\/14202"}],"wp:attachment":[{"href":"https:\/\/moto-oprema.com\/de\/wp-json\/wp\/v2\/media?parent=123554"}],"wp:term":[{"taxonomy":"brand","embeddable":true,"href":"https:\/\/moto-oprema.com\/de\/wp-json\/wp\/v2\/brand?post=123554"},{"taxonomy":"gender","embeddable":true,"href":"https:\/\/moto-oprema.com\/de\/wp-json\/wp\/v2\/gender?post=123554"},{"taxonomy":"product_brand","embeddable":true,"href":"https:\/\/moto-oprema.com\/de\/wp-json\/wp\/v2\/product_brand?post=123554"},{"taxonomy":"product_cat","embeddable":true,"href":"https:\/\/moto-oprema.com\/de\/wp-json\/wp\/v2\/product_cat?post=123554"},{"taxonomy":"product_tag","embeddable":true,"href":"https:\/\/moto-oprema.com\/de\/wp-json\/wp\/v2\/product_tag?post=123554"}],"curies":[{"name":"wp","href":"https:\/\/api.w.org\/{rel}","templated":true}]}}