{"id":123479,"date":"2022-01-14T10:54:57","date_gmt":"2022-01-14T10:54:57","guid":{"rendered":"https:\/\/moto-oprema.com\/Artikel\/dainese-tempest-3-d-dry-frauen-jacke-schwarz-schwarz-ebenholz\/"},"modified":"2022-01-14T10:54:57","modified_gmt":"2022-01-14T10:54:57","slug":"dainese-tempest-3-d-dry-frauen-jacke-schwarz-schwarz-ebenholz","status":"publish","type":"product","link":"https:\/\/moto-oprema.com\/de\/Artikel\/dainese-tempest-3-d-dry-frauen-jacke-schwarz-schwarz-ebenholz\/","title":{"rendered":"DAINESE TEMPEST 3 D-DRY FRAUEN JACKE SCHWARZ SCHWARZ EBENHOLZ"},"content":{"rendered":"<p>Die Tempest 3 D-Dry\u00ae ist eine Reisejacke f\u00fcr Damen, die das ganze Jahr \u00fcber f\u00fcr Sicherheit und Komfort auf Reisen sorgt. Mit der wasserdichten D-Dry\u00ae-Membran ist sie perfekt f\u00fcr jeden Tag, Regen und Wetter sind kein Problem mehr. Das herausnehmbare Thermofutter sorgt f\u00fcr Komfort an den k\u00e4ltesten Tagen und bei allen Bedingungen.   In hei\u00dfen Klimazonen und zur Gew\u00e4hrleistung eines angemessenen thermischen Komforts erm\u00f6glichen zwei Bel\u00fcftungsrei\u00dfverschl\u00fcsse an den \u00c4rmeln, zwei Bel\u00fcftungs\u00f6ffnungen an der Brust und zwei Bel\u00fcftungsrei\u00dfverschl\u00fcsse am R\u00fccken dem Tr\u00e4ger eine effiziente und genaue Regulierung des Luftstroms zum K\u00f6rper. Die Pro Armor Ellbogen- und Schulterpolster erf\u00fcllen die h\u00f6chsten Sicherheitsstandards von Dainese. Dies ist die h\u00f6chste Zertifizierungsstufe f\u00fcr den Schutz von Gliedma\u00dfen mit dem gr\u00f6\u00dftm\u00f6glichen Abdeckungsbereich. Inspiriert von der Geometrie nat\u00fcrlicher Fraktale, bietet die Dainese Pro-Armor-Technologie maximalen Schutz mit der Beweglichkeit eines weichen Protektors und idealer Bel\u00fcftung dank einer auf 40% der Oberfl\u00e4che perforierten Oberfl\u00e4che.   <\/p>\n<p>Merkmale:<\/p>\n<ul>\n<li>  Reisejacke<\/li>\n<li>  Wasserdichte D-Dry\u00ae-Membran<\/li>\n<li>  Herausnehmbares Thermofutter<\/li>\n<li>  Ganzj\u00e4hrige Nutzung<\/li>\n<li>  kurze, sportliche Form<\/li>\n<li>  2 Bel\u00fcftungs\u00f6ffnungen mit Rei\u00dfverschluss auf der Brust<\/li>\n<li>  2 Bel\u00fcftungs\u00f6ffnungen mit Rei\u00dfverschluss auf der R\u00fcckseite<\/li>\n<li>  Abnehmbare 2-in-1-Thermojacke (130 g) (kann separat verwendet werden)<\/li>\n<li>  Verschluss-System f\u00fcr Jacke und Hose<\/li>\n<li>  Anpassung von \u00c4rmeln, Taille und Hals<\/li>\n<li>  Haken am Halsband<\/li>\n<li>  2 Au\u00dfentaschen<\/li>\n<li>  Reflektierende Eins\u00e4tze<\/li>\n<li>  1 Cargo-Tasche auf der R\u00fcckseite<\/li>\n<li>  1 wasserdichtes Innenfach<\/li>\n<li>  Idraflap-Verschluss auf der Vorderseite<\/li>\n<li>  Motorradschutzweste nach prEN 17092<\/li>\n<li>  Tasten mit Gummiabdeckung<\/li>\n<li>  Schulter- und Ellbogenpolster aus Verbundwerkstoff (EN 1621.1, Stufe 2, Typ B)<\/li>\n<li>  R\u00fcckenschutztasche G1 und G2<\/li>\n<li>  Pro Armor Brustprotektor Tasche (2 St\u00fcck)<\/li>\n<\/ul>\n<p>100% Polyester<\/p>\n","protected":false},"excerpt":{"rendered":"<p>Die Tempest 3 D-Dry\u00ae ist eine Reisejacke f\u00fcr Damen, die das ganze Jahr \u00fcber f\u00fcr Sicherheit&#8230;<\/p>\n","protected":false},"featured_media":16255,"comment_status":"open","ping_status":"open","template":"","meta":{"_acf_changed":false},"brand":[2113],"gender":[2170],"product_brand":[],"product_cat":[1357,2045,2048],"product_tag":[],"class_list":{"0":"post-123479","1":"product","2":"type-product","3":"status-publish","4":"has-post-thumbnail","6":"brand-dainese-de","7":"gender-zenska-de","8":"product_cat-ausrustung-fur-motorradfahrer","9":"product_cat-jakne-de","10":"product_cat-textil-jacken","11":"pa_size-40-de","12":"pa_size-42-de","13":"pa_size-44-de","14":"pa_size-46-de","15":"pa_size-48-de","16":"pa_size-50-de","18":"first","19":"onbackorder","20":"taxable","21":"shipping-taxable","22":"purchasable","23":"product-type-variable"},"acf":[],"_links":{"self":[{"href":"https:\/\/moto-oprema.com\/de\/wp-json\/wp\/v2\/product\/123479","targetHints":{"allow":["GET"]}}],"collection":[{"href":"https:\/\/moto-oprema.com\/de\/wp-json\/wp\/v2\/product"}],"about":[{"href":"https:\/\/moto-oprema.com\/de\/wp-json\/wp\/v2\/types\/product"}],"replies":[{"embeddable":true,"href":"https:\/\/moto-oprema.com\/de\/wp-json\/wp\/v2\/comments?post=123479"}],"wp:featuredmedia":[{"embeddable":true,"href":"https:\/\/moto-oprema.com\/de\/wp-json\/wp\/v2\/media\/16255"}],"wp:attachment":[{"href":"https:\/\/moto-oprema.com\/de\/wp-json\/wp\/v2\/media?parent=123479"}],"wp:term":[{"taxonomy":"brand","embeddable":true,"href":"https:\/\/moto-oprema.com\/de\/wp-json\/wp\/v2\/brand?post=123479"},{"taxonomy":"gender","embeddable":true,"href":"https:\/\/moto-oprema.com\/de\/wp-json\/wp\/v2\/gender?post=123479"},{"taxonomy":"product_brand","embeddable":true,"href":"https:\/\/moto-oprema.com\/de\/wp-json\/wp\/v2\/product_brand?post=123479"},{"taxonomy":"product_cat","embeddable":true,"href":"https:\/\/moto-oprema.com\/de\/wp-json\/wp\/v2\/product_cat?post=123479"},{"taxonomy":"product_tag","embeddable":true,"href":"https:\/\/moto-oprema.com\/de\/wp-json\/wp\/v2\/product_tag?post=123479"}],"curies":[{"name":"wp","href":"https:\/\/api.w.org\/{rel}","templated":true}]}}