{"id":123394,"date":"2022-01-11T10:30:12","date_gmt":"2022-01-11T10:30:12","guid":{"rendered":"https:\/\/moto-oprema.com\/Artikel\/dainese-mirage-2pc-lady-schwarz\/"},"modified":"2022-01-11T10:30:12","modified_gmt":"2022-01-11T10:30:12","slug":"dainese-mirage-2pc-lady-schwarz","status":"publish","type":"product","link":"https:\/\/moto-oprema.com\/de\/Artikel\/dainese-mirage-2pc-lady-schwarz\/","title":{"rendered":"DAINESE MIRAGE 2PC LADY SCHWARZ"},"content":{"rendered":"<p>Die Dainese Mirage ist eine zweiteilige Damen-Motorradlederkombi aus feinem Rindsleder-Tutu mit einem ergonomischen Schnitt, der sich optimal an die Anatomie des weiblichen K\u00f6rpers anpasst. Der Anzug eignet sich f\u00fcr den sportlichen Einsatz und ist speziell f\u00fcr das Fahren auf der Stra\u00dfe optimiert. Maximaler Schutz wird durch Protektoren aus Verbundmaterial an den Knien, Ellbogen und Schultern und weiche Pro-Shape 2.0-Protektoren an den H\u00fcften geboten und kann durch Innentaschen zum Einsetzen von Brustprotektoren weiter verbessert werden. Der Mirage ist mit abnehmbaren und austauschbaren Gleitern an den Knien und austauschbaren Aluminiumplatten an den Schultern ausgestattet: eine spezielle Technologie von Dainese, die das Gleiten im Falle eines Sturzes unterst\u00fctzt und so ein gef\u00e4hrliches Rollen auf dem Asphalt verhindert. Der H\u00f6cker hat eine aerodynamische Funktion. F\u00fcr mehr Komfort w\u00e4hrend der Fahrt verf\u00fcgt die zweiteilige Lederkombi \u00fcber breite S1-Stretch-Stoffeins\u00e4tze an der Innenseite des Arms, des R\u00fcckens und der R\u00fcckseite des Beins und ein Nanofeel\u00ae-Futter mit antibakterieller Silberionenbehandlung.     <\/p>\n<p>Merkmale:<\/p>\n<ul>\n<li>  aus doppelt elastischem S1-Stoff und Tutu-Rindsleder<\/li>\n<li>  Nanofeel\u00ae atmungsaktives Futter mit Silberionenbehandlung<\/li>\n<li>  1 Innentasche<\/li>\n<li>  1 Rei\u00dfverschluss an den Waden<\/li>\n<li>  Reflektierende Eins\u00e4tze auf der R\u00fcckseite<\/li>\n<li>  Kragen mit elastischem Einsatz<\/li>\n<li>  seitliche L\u00fcftungsschlitze mit Rei\u00dfverschluss<\/li>\n<li>  aerodynamischer Spoiler<\/li>\n<li>  Ellbogen-, Schulter- und Knieschoner aus Verbundwerkstoff (EN 1621.1)<\/li>\n<li>  weiche ProShape-H\u00fcftprotektoren (EN 1621.1)<\/li>\n<li>  austauschbare Knieschleifer<\/li>\n<\/ul>\n<p>Zusammensetzung des Rohmaterials: 100% Rindsleder<\/p>\n","protected":false},"excerpt":{"rendered":"<p>Dainese Mirage zweiteiliger Lederoverall. Lieferung September 2022<\/p>\n","protected":false},"featured_media":16022,"comment_status":"open","ping_status":"closed","template":"","meta":{"_acf_changed":false},"brand":[2113],"gender":[2170],"product_brand":[],"product_cat":[2175,1357,2176],"product_tag":[],"class_list":{"0":"post-123394","1":"product","2":"type-product","3":"status-publish","4":"has-post-thumbnail","6":"brand-dainese-de","7":"gender-zenska-de","8":"product_cat-2-teilige-latzhose","9":"product_cat-ausrustung-fur-motorradfahrer","10":"product_cat-latzhose","11":"pa_size-40-de","12":"pa_size-42-de","13":"pa_size-44-de","14":"pa_size-46-de","15":"pa_size-48-de","16":"pa_size-50-de","17":"pa_size-52-de","19":"first","20":"onbackorder","21":"sale","22":"taxable","23":"shipping-taxable","24":"purchasable","25":"product-type-variable"},"acf":[],"_links":{"self":[{"href":"https:\/\/moto-oprema.com\/de\/wp-json\/wp\/v2\/product\/123394","targetHints":{"allow":["GET"]}}],"collection":[{"href":"https:\/\/moto-oprema.com\/de\/wp-json\/wp\/v2\/product"}],"about":[{"href":"https:\/\/moto-oprema.com\/de\/wp-json\/wp\/v2\/types\/product"}],"replies":[{"embeddable":true,"href":"https:\/\/moto-oprema.com\/de\/wp-json\/wp\/v2\/comments?post=123394"}],"wp:featuredmedia":[{"embeddable":true,"href":"https:\/\/moto-oprema.com\/de\/wp-json\/wp\/v2\/media\/16022"}],"wp:attachment":[{"href":"https:\/\/moto-oprema.com\/de\/wp-json\/wp\/v2\/media?parent=123394"}],"wp:term":[{"taxonomy":"brand","embeddable":true,"href":"https:\/\/moto-oprema.com\/de\/wp-json\/wp\/v2\/brand?post=123394"},{"taxonomy":"gender","embeddable":true,"href":"https:\/\/moto-oprema.com\/de\/wp-json\/wp\/v2\/gender?post=123394"},{"taxonomy":"product_brand","embeddable":true,"href":"https:\/\/moto-oprema.com\/de\/wp-json\/wp\/v2\/product_brand?post=123394"},{"taxonomy":"product_cat","embeddable":true,"href":"https:\/\/moto-oprema.com\/de\/wp-json\/wp\/v2\/product_cat?post=123394"},{"taxonomy":"product_tag","embeddable":true,"href":"https:\/\/moto-oprema.com\/de\/wp-json\/wp\/v2\/product_tag?post=123394"}],"curies":[{"name":"wp","href":"https:\/\/api.w.org\/{rel}","templated":true}]}}