{"id":123369,"date":"2022-01-10T11:58:07","date_gmt":"2022-01-10T11:58:07","guid":{"rendered":"https:\/\/moto-oprema.com\/Artikel\/dainese-racing-4-lederjacke-schwarz\/"},"modified":"2022-01-10T11:58:07","modified_gmt":"2022-01-10T11:58:07","slug":"dainese-racing-4-lederjacke-schwarz","status":"publish","type":"product","link":"https:\/\/moto-oprema.com\/de\/Artikel\/dainese-racing-4-lederjacke-schwarz\/","title":{"rendered":"DAINESE RACING 4 LEDERJACKE SCHWARZ"},"content":{"rendered":"<p>Die Dainese Racing 4 ist eine Motorradlederjacke, die sich perfekt an den K\u00f6rper anpasst. Mit Eins\u00e4tzen aus 2-Wege-Stretch S1-Gewebe und Microelastic 2.0-Leder, die auf einer Struktur aus hochwertigem und robustem Rindsleder-Tutu geschichtet sind, bietet die Jacke au\u00dferdem ein hohes Ma\u00df an Komfort und Vielseitigkeit. Das Leder ist f\u00fcr eine bessere Bel\u00fcftung an hei\u00dfen Tagen perforiert. Unterst\u00fctzt wird dies durch ein atmungsaktives Nanofeel\u00ae-Futter. Zu den weiteren Details geh\u00f6ren verstellbare Bund- und Kragenoptionen und ein Rei\u00dfverschluss am Saum, um die Jacke mit der Motorradhose zu verbinden. F\u00fcr maximale Sicherheit sorgen Ellbogen- und Schulterpolster aus Verbundmaterial. Letztere werden durch austauschbare Aluminium-Au\u00dfenplatten erg\u00e4nzt &#8211; eine spezielle Dainese-Technologie &#8211; die im Falle eines Sturzes die Kufe unterst\u00fctzen und so gef\u00e4hrliche \u00dcberschl\u00e4ge auf Asphalt verhindern. Dank einer speziellen Tragetasche kann der Racing 4 Lady optional mit einem R\u00fcckenprotektor erg\u00e4nzt werden.       <\/p>\n<p>Merkmale:<\/p>\n<p> aus 2-elastischem S1-Gewebe und Tutu-Rindsleder<br \/> 2 Innentaschen und 2 Au\u00dfentaschen<br \/> Tasche zum Nachr\u00fcsten von G1- oder G2-R\u00fcckenprotektoren<br \/> Reflektierende Eins\u00e4tze<br \/> Jacken- und Hosenverschlusssystem<br \/> Verstellbare Hals- und Taillenoptionen<br \/> Nanofeel\u00ae atmungsaktives Futter mit Silberionenbehandlung<br \/> So-Eingespritzte Schulterbereiche mit Aluminiumeinsatz<br \/> Herausnehmbare Schulter- und Ellbogenpolster aus Verbundwerkstoff (EN 1621.1)<br \/> austauschbare Aluminiumeinlage an den Schultern<\/p>\n<p>Rohmaterialzusammensetzung: 100% Leder<\/p>\n","protected":false},"excerpt":{"rendered":"<p>Motorradjacken der Marke Dainese sind hergestellt aus hochwertigem Leder, das sehr sorgf\u00e4ltig verarbeitet wurde. Leder ist&#8230;<\/p>\n","protected":false},"featured_media":16010,"comment_status":"open","ping_status":"open","template":"","meta":{"_acf_changed":false},"brand":[2113],"gender":[],"product_brand":[],"product_cat":[1357,2045,2228],"product_tag":[],"class_list":{"0":"post-123369","1":"product","2":"type-product","3":"status-publish","4":"has-post-thumbnail","6":"brand-dainese-de","7":"product_cat-ausrustung-fur-motorradfahrer","8":"product_cat-jakne-de","9":"product_cat-lederjacken","10":"pa_size-48-de","11":"pa_size-50-de","12":"pa_size-52-de","13":"pa_size-54-de","14":"pa_size-56-de","15":"pa_size-58-de","16":"pa_size-60-de","17":"pa_size-62-de","19":"first","20":"onbackorder","21":"sale","22":"taxable","23":"shipping-taxable","24":"purchasable","25":"product-type-variable"},"acf":[],"_links":{"self":[{"href":"https:\/\/moto-oprema.com\/de\/wp-json\/wp\/v2\/product\/123369","targetHints":{"allow":["GET"]}}],"collection":[{"href":"https:\/\/moto-oprema.com\/de\/wp-json\/wp\/v2\/product"}],"about":[{"href":"https:\/\/moto-oprema.com\/de\/wp-json\/wp\/v2\/types\/product"}],"replies":[{"embeddable":true,"href":"https:\/\/moto-oprema.com\/de\/wp-json\/wp\/v2\/comments?post=123369"}],"wp:featuredmedia":[{"embeddable":true,"href":"https:\/\/moto-oprema.com\/de\/wp-json\/wp\/v2\/media\/16010"}],"wp:attachment":[{"href":"https:\/\/moto-oprema.com\/de\/wp-json\/wp\/v2\/media?parent=123369"}],"wp:term":[{"taxonomy":"brand","embeddable":true,"href":"https:\/\/moto-oprema.com\/de\/wp-json\/wp\/v2\/brand?post=123369"},{"taxonomy":"gender","embeddable":true,"href":"https:\/\/moto-oprema.com\/de\/wp-json\/wp\/v2\/gender?post=123369"},{"taxonomy":"product_brand","embeddable":true,"href":"https:\/\/moto-oprema.com\/de\/wp-json\/wp\/v2\/product_brand?post=123369"},{"taxonomy":"product_cat","embeddable":true,"href":"https:\/\/moto-oprema.com\/de\/wp-json\/wp\/v2\/product_cat?post=123369"},{"taxonomy":"product_tag","embeddable":true,"href":"https:\/\/moto-oprema.com\/de\/wp-json\/wp\/v2\/product_tag?post=123369"}],"curies":[{"name":"wp","href":"https:\/\/api.w.org\/{rel}","templated":true}]}}