{"id":123343,"date":"2022-01-12T11:20:25","date_gmt":"2022-01-12T11:20:25","guid":{"rendered":"https:\/\/moto-oprema.com\/Artikel\/dainese-racing-4-s-t-lederjacke-schwarz\/"},"modified":"2022-01-12T11:20:25","modified_gmt":"2022-01-12T11:20:25","slug":"dainese-racing-4-s-t-lederjacke-schwarz","status":"publish","type":"product","link":"https:\/\/moto-oprema.com\/de\/Artikel\/dainese-racing-4-s-t-lederjacke-schwarz\/","title":{"rendered":"DAINESE RACING 4 S\/T LEDERJACKE SCHWARZ"},"content":{"rendered":"<p>Die Dainese Racing 4 ist eine Motorradlederjacke, die sich perfekt an den K\u00f6rper anpasst. Mit Eins\u00e4tzen aus 2-Wege-Stretch S1-Gewebe und Microelastic 2.0-Leder, die auf einer Struktur aus hochwertigem und robustem Rindsleder-Tutu geschichtet sind, bietet die Jacke au\u00dferdem ein hohes Ma\u00df an Komfort und Vielseitigkeit. Das Leder ist f\u00fcr eine bessere Bel\u00fcftung an hei\u00dfen Tagen perforiert. Unterst\u00fctzt wird dies durch ein atmungsaktives Nanofeel\u00ae-Futter. Zu den weiteren Details geh\u00f6ren verstellbare Bund- und Kragenoptionen und ein Rei\u00dfverschluss am Saum, um die Jacke mit der Motorradhose zu verbinden. F\u00fcr maximale Sicherheit sorgen Ellbogen- und Schulterpolster aus Verbundmaterial. Letztere werden durch austauschbare Aluminium-Au\u00dfenplatten erg\u00e4nzt &#8211; eine spezielle Dainese-Technologie &#8211; die im Falle eines Sturzes die Kufe unterst\u00fctzen und so gef\u00e4hrliche \u00dcberschl\u00e4ge auf Asphalt verhindern. Dank einer speziellen Tragetasche kann der Racing 4 Lady optional mit einem R\u00fcckenprotektor erg\u00e4nzt werden.       <\/p>\n<p>Merkmale:<\/p>\n<p>aus 2-lagigem S1-Gewebe und Tutu-Rindsleder<br \/>\n2 Innentaschen und 2 Au\u00dfentaschen<br \/>\nTasche zum Nachr\u00fcsten von G1- oder G2-R\u00fcckenprotektoren<br \/>\nreflektierende Eins\u00e4tze<br \/>\nJacken- und Hosenverschlusssystem<br \/>\nEinstellm\u00f6glichkeiten f\u00fcr Hals und Taille<br \/>\nNanofeel\u00ae atmungsaktives Futter mit Silberionenbehandlung<br \/>\nSo-Eingespritzte Schulterbereiche mit Aluminiumeinsatz<br \/>\nHerausnehmbare Schulter- und Ellbogenpolster aus Verbundwerkstoff (EN 1621.1)<br \/>\nAuswechselbare Schulterpartie aus Aluminium<\/p>\n<p>Zusammensetzung des Rohmaterials: 100% Leder<\/p>\n","protected":false},"excerpt":{"rendered":"<p>Dainese Racing 4 Herrenjacke, verl\u00e4ngertes oder verk\u00fcrztes Modell.<\/p>\n","protected":false},"featured_media":123370,"comment_status":"open","ping_status":"closed","template":"","meta":{"_acf_changed":false},"brand":[2113],"gender":[2170],"product_brand":[],"product_cat":[1357,2045,2228],"product_tag":[],"class_list":{"0":"post-123343","1":"product","2":"type-product","3":"status-publish","4":"has-post-thumbnail","6":"brand-dainese-de","7":"gender-zenska-de","8":"product_cat-ausrustung-fur-motorradfahrer","9":"product_cat-jakne-de","10":"product_cat-lederjacken","11":"pa_size-104-de","12":"pa_size-110-de","13":"pa_size-116-de","14":"pa_size-24-de","15":"pa_size-25-de","16":"pa_size-26-de","17":"pa_size-27-de","18":"pa_size-28-de","19":"pa_size-29-de","20":"pa_size-30-de","21":"pa_size-98-de","22":"pa_size-xxl-de","24":"first","25":"instock","26":"sale","27":"taxable","28":"shipping-taxable","29":"purchasable","30":"product-type-variable"},"acf":[],"_links":{"self":[{"href":"https:\/\/moto-oprema.com\/de\/wp-json\/wp\/v2\/product\/123343","targetHints":{"allow":["GET"]}}],"collection":[{"href":"https:\/\/moto-oprema.com\/de\/wp-json\/wp\/v2\/product"}],"about":[{"href":"https:\/\/moto-oprema.com\/de\/wp-json\/wp\/v2\/types\/product"}],"replies":[{"embeddable":true,"href":"https:\/\/moto-oprema.com\/de\/wp-json\/wp\/v2\/comments?post=123343"}],"wp:featuredmedia":[{"embeddable":true,"href":"https:\/\/moto-oprema.com\/de\/wp-json\/wp\/v2\/media\/123370"}],"wp:attachment":[{"href":"https:\/\/moto-oprema.com\/de\/wp-json\/wp\/v2\/media?parent=123343"}],"wp:term":[{"taxonomy":"brand","embeddable":true,"href":"https:\/\/moto-oprema.com\/de\/wp-json\/wp\/v2\/brand?post=123343"},{"taxonomy":"gender","embeddable":true,"href":"https:\/\/moto-oprema.com\/de\/wp-json\/wp\/v2\/gender?post=123343"},{"taxonomy":"product_brand","embeddable":true,"href":"https:\/\/moto-oprema.com\/de\/wp-json\/wp\/v2\/product_brand?post=123343"},{"taxonomy":"product_cat","embeddable":true,"href":"https:\/\/moto-oprema.com\/de\/wp-json\/wp\/v2\/product_cat?post=123343"},{"taxonomy":"product_tag","embeddable":true,"href":"https:\/\/moto-oprema.com\/de\/wp-json\/wp\/v2\/product_tag?post=123343"}],"curies":[{"name":"wp","href":"https:\/\/api.w.org\/{rel}","templated":true}]}}