{"id":123321,"date":"2022-01-10T10:17:00","date_gmt":"2022-01-10T10:17:00","guid":{"rendered":"https:\/\/moto-oprema.com\/Artikel\/helite-e-gp-air-2-0-airbag\/"},"modified":"2022-01-10T10:17:00","modified_gmt":"2022-01-10T10:17:00","slug":"helite-e-gp-air-2-0-airbag","status":"publish","type":"product","link":"https:\/\/moto-oprema.com\/de\/Artikel\/helite-e-gp-air-2-0-airbag\/","title":{"rendered":"HELITE E-GP AIR 2.0 AIRBAG"},"content":{"rendered":"<p>Helite e-GP-Air bietet eine v\u00f6llig neue Technologie f\u00fcr maximalen Schutz auf der Rennstrecke. Eine echte Revolution in Sachen Schutz und Erkennung! Die elektronischen Airbags verwenden eine Multi-Sensor-Erkennung, die eine vollst\u00e4ndige Analyse der Situation und einen 360\u00b0-Schutz erm\u00f6glicht. Der Algorithmus nutzt eine Reihe von Sensoren (Beschleunigungsmesser, Gyroskop und GPS), um die Bewegungen des Motorradfahrers zu analysieren und die \u00dcberwachung des Fahrers in Echtzeit zu erm\u00f6glichen. Durch die schnelle Erkennungszeit von 60 ms wird der Airbag vollst\u00e4ndig aufgeblasen und bei seiner Entfaltung auf dem Boden vorzentriert.    <\/p>\n<p>Die optionale Vollschutzl\u00f6sung umfasst einen zweiten Sensor (SDU), der an der Gabel des Motorrads angebracht ist. Im Stra\u00dfenverkehr kann mit dieser Option die Erkennungszeit von 60 ms (nur mit Sensoren im Westen) auf 31 ms reduziert werden, auch bei stehendem Fahrzeug, bei niedriger Geschwindigkeit und unabh\u00e4ngig vom Aufprallwinkel. Der Gabelsensor darf jedoch nicht auf einer Rennstrecke verwendet werden.  <\/p>\n<p>Merkmale:<\/p>\n<ul>\n<li>  basierend auf dem Turtle Airbag<\/li>\n<li>  wird elektronisch ausgel\u00f6st<\/li>\n<li>  sehr hohe Verschlei\u00dffestigkeit<\/li>\n<li>  K\u00f6rpernahe Passform mit elastischem Material an den Seiten und Platz f\u00fcr einen H\u00f6cker<\/li>\n<li>  Auch mit Handschuhen leicht zu \u00f6ffnen<\/li>\n<li>  gro\u00dfe Arm\u00f6ffnungen f\u00fcr uneingeschr\u00e4nkte Bewegungsfreiheit<\/li>\n<li>  das elektronische System ist vollst\u00e4ndig in die Weste integriert<\/li>\n<li>  Hochwertige SAS-TEC R\u00fccken- und Brustprotektoren, die wie Schildpatt am Airbag befestigt sind<\/li>\n<li>  Punktuelle Belastungen im R\u00fcckenbereich werden durch den Airbag effektiv verteilt und absorbiert<\/li>\n<li>  Klettverschlussf\u00e4cher auf der R\u00fcckseite mit abnehmbaren Lederschiebern (einzeln austauschbar im Falle eines Sturzes)<\/li>\n<li>  Einmal ausgel\u00f6st, hat das System nach 80-100 Millisekunden (je nach Gr\u00f6\u00dfe) den optimalen Druck, um die volle Schutzwirkung zu entfalten<\/li>\n<li>  bietet Schutz f\u00fcr Nacken, Wirbels\u00e4ule, Brustkorb, Becken, Stei\u00dfbein, Kopf, Schl\u00fcsselbein und innere Organe<\/li>\n<\/ul>\n<p>Durch einfaches Auswechseln der E-Patrone ist die Weste nach der Freigabeprozedur sofort wieder einsatzbereit (vorausgesetzt, es liegen keine \u00e4u\u00dferen Sch\u00e4den vor)<\/p>\n<p>Spezifikationen:<\/p>\n<p>Schutzvolumen: 18 Liter<br \/>\nSturzerkennung: 60 ms<br \/>\nAirbag-Aufblaszeit: 60 &#8211; 80 ms (je nach Gr\u00f6\u00dfe)<br \/>\nIntegrierter Schutz: ja (R\u00fcckenschutz von SAS-Tec)<\/p>\n","protected":false},"excerpt":{"rendered":"<p>Helite e-GP-Air bietet eine v\u00f6llig neue Technologie f\u00fcr maximalen Schutz auf der Rennstrecke. Eine echte Revolution&#8230;<\/p>\n","protected":false},"featured_media":15977,"comment_status":"open","ping_status":"closed","template":"","meta":{"_acf_changed":false},"brand":[2425],"gender":[],"product_brand":[],"product_cat":[2221,1357,2209],"product_tag":[],"class_list":{"0":"post-123321","1":"product","2":"type-product","3":"status-publish","4":"has-post-thumbnail","6":"brand-helite-de","7":"product_cat-airbags-de","8":"product_cat-ausrustung-fur-motorradfahrer","9":"product_cat-schutzschilde-und-airbags","10":"pa_size-l-de","11":"pa_size-m-de","12":"pa_size-xl-de","13":"pa_size-xxl-de","15":"first","16":"onbackorder","17":"sale","18":"taxable","19":"shipping-taxable","20":"purchasable","21":"product-type-variable"},"acf":[],"_links":{"self":[{"href":"https:\/\/moto-oprema.com\/de\/wp-json\/wp\/v2\/product\/123321","targetHints":{"allow":["GET"]}}],"collection":[{"href":"https:\/\/moto-oprema.com\/de\/wp-json\/wp\/v2\/product"}],"about":[{"href":"https:\/\/moto-oprema.com\/de\/wp-json\/wp\/v2\/types\/product"}],"replies":[{"embeddable":true,"href":"https:\/\/moto-oprema.com\/de\/wp-json\/wp\/v2\/comments?post=123321"}],"wp:featuredmedia":[{"embeddable":true,"href":"https:\/\/moto-oprema.com\/de\/wp-json\/wp\/v2\/media\/15977"}],"wp:attachment":[{"href":"https:\/\/moto-oprema.com\/de\/wp-json\/wp\/v2\/media?parent=123321"}],"wp:term":[{"taxonomy":"brand","embeddable":true,"href":"https:\/\/moto-oprema.com\/de\/wp-json\/wp\/v2\/brand?post=123321"},{"taxonomy":"gender","embeddable":true,"href":"https:\/\/moto-oprema.com\/de\/wp-json\/wp\/v2\/gender?post=123321"},{"taxonomy":"product_brand","embeddable":true,"href":"https:\/\/moto-oprema.com\/de\/wp-json\/wp\/v2\/product_brand?post=123321"},{"taxonomy":"product_cat","embeddable":true,"href":"https:\/\/moto-oprema.com\/de\/wp-json\/wp\/v2\/product_cat?post=123321"},{"taxonomy":"product_tag","embeddable":true,"href":"https:\/\/moto-oprema.com\/de\/wp-json\/wp\/v2\/product_tag?post=123321"}],"curies":[{"name":"wp","href":"https:\/\/api.w.org\/{rel}","templated":true}]}}