{"id":123287,"date":"2022-02-23T12:24:19","date_gmt":"2022-02-23T12:24:19","guid":{"rendered":"https:\/\/moto-oprema.com\/Artikel\/alpinestars-jacke-stella-gp-plus-r-v3-schwarz-weiss\/"},"modified":"2022-02-23T12:24:19","modified_gmt":"2022-02-23T12:24:19","slug":"alpinestars-jacke-stella-gp-plus-r-v3-schwarz-weiss","status":"publish","type":"product","link":"https:\/\/moto-oprema.com\/de\/Artikel\/alpinestars-jacke-stella-gp-plus-r-v3-schwarz-weiss\/","title":{"rendered":"ALPINESTARS JACKE STELLA GP PLUS R V3 SCHWARZ WEISS"},"content":{"rendered":"<p><span class=\"VIiyi\" xml_lang=\"sl\" lang=\"sl\"><span class=\"JLqJ4b\"><span>Die GP Plus V3 Lederjacke f\u00fcr Damen ist eine \u00e4u\u00dferst strapazierf\u00e4hige und abriebfeste Lederjacke mit hochentwickeltem eingebautem Nucleon Flex Plus Schutz, die f\u00fcr eine optimale Mischung aus Sicherheit und Komfort in ihrer Klasse entwickelt wurde.<\/span><\/span><\/span><\/p>\n<p><span class=\"VIiyi\" xml_lang=\"sl\" lang=\"sl\"><span class=\"JLqJ4b\"><span>Zusammensetzung: 71% Leder, 29% Polyester<\/span><\/span><\/span><\/p>\n<p><strong>Merkmale:<\/strong><\/p>\n<ul>\n<li>Lederjacke mit gestricktem Design, konstruiert mit einer k\u00f6rperbetonten Rennpassform und vorgeformten \u00c4rmeln und K\u00f6rper f\u00fcr optimale Fahrleistung.<\/li>\n<li>Die fortschrittliche Konstruktion und Montage des Komfort-Innenfutters sorgt f\u00fcr optimale Flexibilit\u00e4t und Benutzerfreundlichkeit und maximiert so die Funktion der Strickpaneele f\u00fcr ein unvergleichliches Freiheitsgef\u00fchl beim Anziehen der Jacke.<\/li>\n<li>Die Stretch-Eins\u00e4tze wurden speziell f\u00fcr das Alpinestars Airbag-System entwickelt. Sie k\u00f6nnen sich ausdehnen, wenn der Airbag aufgeblasen wird, bieten aber auch ein hohes Ma\u00df an anatomischer Leistung und eine hervorragende Passform, wenn Sie ohne das System fahren.<\/li>\n<li>Das Gestell ist aus hochwertigem Rinderleder gefertigt und damit besonders abriebfest.<\/li>\n<li>Gro\u00dfes Mesh-Paneel auf der R\u00fcckseite des Kragens f\u00fcr optimierte Luftzirkulation.<\/li>\n<li>Der hintere Teil der Jacke ist verl\u00e4ngert und bietet so mehr Schutz beim Fahren.<\/li>\n<li>Gestrickter Technologie-Stoff im Nahtbereich f\u00fcr programmierte Dehnbarkeit, wodurch Passform und Komfort optimiert werden.<\/li>\n<li>Klettverschluss an Taille und B\u00fcndchen mit halbautomatischem Rei\u00dfverschluss f\u00fcr einen sicheren Verschluss.<\/li>\n<li>Niedrige Kragenkonstruktion mit weichem Futter f\u00fcr verbesserten Fahrkomfort.<\/li>\n<li>Zwei Rei\u00dfverschlusstaschen auf der Vorderseite, eine wasserdichte Innentasche f\u00fcr Dokumente und zwei Innentaschen auf dem Innenfutter zur sicheren Aufbewahrung.<\/li>\n<li>Obere Seitenschlitze f\u00fcr optimalen Luftstrom.<\/li>\n<li>Hauptrei\u00dfverschluss f\u00fcr einfache Handhabung, auch mit Handschuhen.<\/li>\n<li>Verbindungsrei\u00dfverschluss erm\u00f6glicht die Befestigung an Alpinestars Reithosen.<\/li>\n<li>Reflektierende Details.<\/li>\n<\/ul>\n<p><strong>Spezifikationen:<\/strong><\/p>\n<ul>\n<li>Level 1 Nucleon Flex Plus Protektoren an Schulter und Ellbogen (EN1621-1:2012)<\/li>\n<li>DFS (Dynamic Friction Shield) Lite-Schieber an der Schulter f\u00fcr zus\u00e4tzlichen Schutz vor Abrieb.<\/li>\n<li>Vorbereitet f\u00fcr Nucleon Brust- und R\u00fcckenprotektoren (separat erh\u00e4ltlich).<\/li>\n<li>Vorbereitet f\u00fcr das Alpinestars Tech-Air\u00ae 5 Airbag-System (separat erh\u00e4ltlich).<\/li>\n<li>Motorrad-Schutzkleidung der Klasse AA (gem\u00e4\u00df Kategorie II der Norm prEN17092)<\/li>\n<\/ul><\/p>\n","protected":false},"excerpt":{"rendered":"<p>Farbe: Schwarz &#8211; Wei\u00df<\/p>\n","protected":false},"featured_media":123297,"comment_status":"open","ping_status":"closed","template":"","meta":{"_acf_changed":false},"brand":[2111],"gender":[2170],"product_brand":[],"product_cat":[1357,2045,2048],"product_tag":[],"class_list":{"0":"post-123287","1":"product","2":"type-product","3":"status-publish","4":"has-post-thumbnail","6":"brand-alpinestars-de","7":"gender-zenska-de","8":"product_cat-ausrustung-fur-motorradfahrer","9":"product_cat-jakne-de","10":"product_cat-textil-jacken","11":"pa_size-38-de","12":"pa_size-40-de","13":"pa_size-42-de","14":"pa_size-44-de","16":"first","17":"onbackorder","18":"sale","19":"taxable","20":"shipping-taxable","21":"purchasable","22":"product-type-variable"},"acf":[],"_links":{"self":[{"href":"https:\/\/moto-oprema.com\/de\/wp-json\/wp\/v2\/product\/123287","targetHints":{"allow":["GET"]}}],"collection":[{"href":"https:\/\/moto-oprema.com\/de\/wp-json\/wp\/v2\/product"}],"about":[{"href":"https:\/\/moto-oprema.com\/de\/wp-json\/wp\/v2\/types\/product"}],"replies":[{"embeddable":true,"href":"https:\/\/moto-oprema.com\/de\/wp-json\/wp\/v2\/comments?post=123287"}],"wp:featuredmedia":[{"embeddable":true,"href":"https:\/\/moto-oprema.com\/de\/wp-json\/wp\/v2\/media\/123297"}],"wp:attachment":[{"href":"https:\/\/moto-oprema.com\/de\/wp-json\/wp\/v2\/media?parent=123287"}],"wp:term":[{"taxonomy":"brand","embeddable":true,"href":"https:\/\/moto-oprema.com\/de\/wp-json\/wp\/v2\/brand?post=123287"},{"taxonomy":"gender","embeddable":true,"href":"https:\/\/moto-oprema.com\/de\/wp-json\/wp\/v2\/gender?post=123287"},{"taxonomy":"product_brand","embeddable":true,"href":"https:\/\/moto-oprema.com\/de\/wp-json\/wp\/v2\/product_brand?post=123287"},{"taxonomy":"product_cat","embeddable":true,"href":"https:\/\/moto-oprema.com\/de\/wp-json\/wp\/v2\/product_cat?post=123287"},{"taxonomy":"product_tag","embeddable":true,"href":"https:\/\/moto-oprema.com\/de\/wp-json\/wp\/v2\/product_tag?post=123287"}],"curies":[{"name":"wp","href":"https:\/\/api.w.org\/{rel}","templated":true}]}}