{"id":123278,"date":"2022-01-25T12:11:39","date_gmt":"2022-01-25T12:11:39","guid":{"rendered":"https:\/\/moto-oprema.com\/Artikel\/alpinestars-missile-v2-2pc-coverall-br\/"},"modified":"2022-01-25T12:11:39","modified_gmt":"2022-01-25T12:11:39","slug":"alpinestars-missile-v2-2pc-coverall-br","status":"publish","type":"product","link":"https:\/\/moto-oprema.com\/de\/Artikel\/alpinestars-missile-v2-2pc-coverall-br\/","title":{"rendered":"ALPINESTARS MISSILE V2 2PC COVERALL BR"},"content":{"rendered":"<p>Alpinestars Missile V2 2-teilige Motorrad Lederkombi<\/p>\n<div class=\"dePhmb\">\n<div class=\"eyKpYb\">\n<div class=\"J0lOec\"><span class=\"VIiyi\" xml_lang=\"sl\" lang=\"sl\"><span class=\"JLqJ4b\"><span>Der zweiteilige Leder-Rennanzug Missile v2 bietet optimale Abriebfestigkeit und gleichzeitig ein hohes Ma\u00df an aktivem Schutz im Rennsport. Dieser Anzug ist mit der Tech-Air\u00ae Technologie kompatibel und kann das Tech-Air\u00ae 10 Airbagsystem aufnehmen, zusammen mit einem erweiterten H\u00fcftschutz.<\/span><\/span><\/span><\/div>\n<\/div>\n<\/div>\n<p>Merkmale:<\/p>\n<p><span class=\"VIiyi\" xml_lang=\"sl\" lang=\"sl\"><span class=\"JLqJ4b\"><span>Der Anzug wurde entwickelt, um den h\u00f6chsten Grad an aktivem Schutz im Rennsport zu bieten. Er ist mit der Tech-Air\u00ae Technologie kompatibel und kann ein Tech-Air\u00ae 10 Airbag-System mit erweitertem H\u00fcftschutz oder ein Tech-Air\u00ae 5 Airbag-Kit mit einem neuen Rennalgorithmus aufnehmen, der zum Download bereitsteht. DFS-Schulter-, Ellbogen- und Kniepolster bieten optimalen Aufprall- und Abriebschutz und bieten eine hervorragende Reibungskontrolle. HRSF-Polyamid-Stretcheins\u00e4tze f\u00fcr optimale Abriebfestigkeit bei gleichzeitiger gr\u00f6\u00dferer Bewegungsfreiheit. Race Fit &#8211; hochgradig gegliederter K\u00f6rper, Arme und Knie f\u00fcr verbesserte Leistung. Hochwertiges Rindsleder mit zwei Schichten im Sitzbereich f\u00fcr bessere Abriebfestigkeit. DFS-Polster bieten optimale Sto\u00df- und Abriebfestigkeit und bieten eine hervorragende Reibungskontrolle. Die rennspezifische GP-R Innenpolsterung ist weich und bietet eine erweiterte Abdeckung f\u00fcr zus\u00e4tzlichen Schutz in wichtigen Bereichen. Bio-Flex H\u00fcftpolster f\u00fcr optimale Sto\u00dffestigkeit. Das Schnappsystem erm\u00f6glicht das Anbringen des Nucleon Race R\u00fcckenprotektors. Nucleon Brusteins\u00e4tze k\u00f6nnen in das Brustfach eingesetzt werden (als Nachr\u00fcstzubeh\u00f6r erh\u00e4ltlich). Herausnehmbares Komfortfutter mit Rei\u00dfverschluss und Polygiene BiostaticTM Stays Fresh Technology-Behandlung f\u00fcr einfache Handhabung.           <\/span><\/span><\/span><\/p>\n<p>Zusammensetzung des Rohmaterials: <span class=\"VIiyi\" xml_lang=\"sl\" lang=\"sl\"><span class=\"JLqJ4b\"><span>43% Rindsleder, 36% B\u00fcffelleder, 21% Polyamid<br \/><\/span><\/span><\/span><\/p>\n","protected":false},"excerpt":{"rendered":"<p>Farbe: Schwarz &#8211; Rot<\/p>\n","protected":false},"featured_media":16596,"comment_status":"open","ping_status":"open","template":"","meta":{"_acf_changed":false},"brand":[2111],"gender":[],"product_brand":[],"product_cat":[2175,1357],"product_tag":[],"class_list":{"0":"post-123278","1":"product","2":"type-product","3":"status-publish","4":"has-post-thumbnail","6":"brand-alpinestars-de","7":"product_cat-2-teilige-latzhose","8":"product_cat-ausrustung-fur-motorradfahrer","9":"pa_size-46-de","10":"pa_size-48-de","11":"pa_size-50-de","12":"pa_size-52-de","13":"pa_size-54-de","14":"pa_size-56-de","15":"pa_size-58-de","16":"pa_size-60-de","18":"first","19":"onbackorder","20":"sale","21":"taxable","22":"shipping-taxable","23":"purchasable","24":"product-type-variable"},"acf":[],"_links":{"self":[{"href":"https:\/\/moto-oprema.com\/de\/wp-json\/wp\/v2\/product\/123278","targetHints":{"allow":["GET"]}}],"collection":[{"href":"https:\/\/moto-oprema.com\/de\/wp-json\/wp\/v2\/product"}],"about":[{"href":"https:\/\/moto-oprema.com\/de\/wp-json\/wp\/v2\/types\/product"}],"replies":[{"embeddable":true,"href":"https:\/\/moto-oprema.com\/de\/wp-json\/wp\/v2\/comments?post=123278"}],"wp:featuredmedia":[{"embeddable":true,"href":"https:\/\/moto-oprema.com\/de\/wp-json\/wp\/v2\/media\/16596"}],"wp:attachment":[{"href":"https:\/\/moto-oprema.com\/de\/wp-json\/wp\/v2\/media?parent=123278"}],"wp:term":[{"taxonomy":"brand","embeddable":true,"href":"https:\/\/moto-oprema.com\/de\/wp-json\/wp\/v2\/brand?post=123278"},{"taxonomy":"gender","embeddable":true,"href":"https:\/\/moto-oprema.com\/de\/wp-json\/wp\/v2\/gender?post=123278"},{"taxonomy":"product_brand","embeddable":true,"href":"https:\/\/moto-oprema.com\/de\/wp-json\/wp\/v2\/product_brand?post=123278"},{"taxonomy":"product_cat","embeddable":true,"href":"https:\/\/moto-oprema.com\/de\/wp-json\/wp\/v2\/product_cat?post=123278"},{"taxonomy":"product_tag","embeddable":true,"href":"https:\/\/moto-oprema.com\/de\/wp-json\/wp\/v2\/product_tag?post=123278"}],"curies":[{"name":"wp","href":"https:\/\/api.w.org\/{rel}","templated":true}]}}