{"id":123266,"date":"2022-02-16T10:20:44","date_gmt":"2022-02-16T10:20:44","guid":{"rendered":"https:\/\/moto-oprema.com\/Artikel\/dainese-risoluta-air-tex-frauen-jacke-schwarz-weiss\/"},"modified":"2022-02-16T10:20:44","modified_gmt":"2022-02-16T10:20:44","slug":"dainese-risoluta-air-tex-frauen-jacke-schwarz-weiss","status":"publish","type":"product","link":"https:\/\/moto-oprema.com\/de\/Artikel\/dainese-risoluta-air-tex-frauen-jacke-schwarz-weiss\/","title":{"rendered":"DAINESE RISOLUTA AIR TEX FRAUEN JACKE SCHWARZ WEISS"},"content":{"rendered":"<p>Die Risoluta Women&#8217;s Air Tex Lady Motorradjacke ist ein vielseitiges Ganzjahreskleidungsst\u00fcck, das Schutz und Benutzerfreundlichkeit vereint. Sie ist aus strapazierf\u00e4higem, abriebfestem Gewebe gefertigt und erm\u00f6glicht Ihnen dank ihrer hervorragenden Atmungsaktivit\u00e4t auch im Sommer ein sicheres und bequemes Fahren. An den k\u00e4ltesten Tagen bietet das herausnehmbare Thermofutter den idealen Grad an Isolierung, um die Stra\u00dfe mit Zuversicht zu genie\u00dfen. Die Sicherheitsstandards von Dainese werden durch Composite-Schulter- und Ellbogenpolster unterst\u00fctzt, die bei Bedarf entfernt werden k\u00f6nnen. Eine spezielle Tasche erm\u00f6glicht das Einsetzen eines G1 oder G2 R\u00fcckenprotektors.    <\/p>\n<p>TEMPERATUR<\/p>\n<ul>\n<li>  Sanitized\u00ae atmungsaktives und perforiertes Stofffutter<\/li>\n<li>  Herausnehmbare Thermoeinlage<\/li>\n<\/ul>\n<p>ERGONOMIE<\/p>\n<ul>\n<li>  Befestigungssystem f\u00fcr Jacke und Hose<\/li>\n<li>  Einstellung von Hals, Taille und Handgelenken<\/li>\n<li>  Einstellung des \u00c4rmels<\/li>\n<\/ul>\n<p>FEATURES<\/p>\n<ul>\n<li>  1 Innentasche auf Thermofutter<\/li>\n<li>  2 Au\u00dfentaschen<\/li>\n<li>  Wave G1 und G2 R\u00fcckenschutztasche<\/li>\n<li>  Reflektierende Eins\u00e4tze<\/li>\n<\/ul>\n<p>HAUPTMATERIALIEN<\/p>\n<p> D-Synth 350 Stoff<\/p>\n<p>SCHUTZ<\/p>\n<p> Abnehmbare Protektoren aus Verbundwerkstoff, zertifiziert nach EN 1621.1<\/p>\n<p>ALLGEMEINE TECHNISCHE MERKMALE<\/p>\n<p> Mikromesh-Teile f\u00fcr besseren Luftstrom<\/p>\n<\/p>\n<p>100% Polyester<\/p>\n","protected":false},"excerpt":{"rendered":"<p>Motorradjacke f\u00fcr Damen aus Stoff mit herausnehmbarem Thermofutter und Schulter- und Ellbogenpolstern aus Verbundmaterial. Vielseitig und&#8230;<\/p>\n","protected":false},"featured_media":16763,"comment_status":"open","ping_status":"open","template":"","meta":{"_acf_changed":false},"brand":[2113],"gender":[2170],"product_brand":[],"product_cat":[1357,2045,2048],"product_tag":[],"class_list":{"0":"post-123266","1":"product","2":"type-product","3":"status-publish","4":"has-post-thumbnail","6":"brand-dainese-de","7":"gender-zenska-de","8":"product_cat-ausrustung-fur-motorradfahrer","9":"product_cat-jakne-de","10":"product_cat-textil-jacken","11":"pa_size-40-de","12":"pa_size-42-de","13":"pa_size-44-de","14":"pa_size-46-de","15":"pa_size-48-de","16":"pa_size-50-de","17":"pa_size-52-de","19":"first","20":"onbackorder","21":"taxable","22":"shipping-taxable","23":"purchasable","24":"product-type-variable"},"acf":[],"_links":{"self":[{"href":"https:\/\/moto-oprema.com\/de\/wp-json\/wp\/v2\/product\/123266","targetHints":{"allow":["GET"]}}],"collection":[{"href":"https:\/\/moto-oprema.com\/de\/wp-json\/wp\/v2\/product"}],"about":[{"href":"https:\/\/moto-oprema.com\/de\/wp-json\/wp\/v2\/types\/product"}],"replies":[{"embeddable":true,"href":"https:\/\/moto-oprema.com\/de\/wp-json\/wp\/v2\/comments?post=123266"}],"wp:featuredmedia":[{"embeddable":true,"href":"https:\/\/moto-oprema.com\/de\/wp-json\/wp\/v2\/media\/16763"}],"wp:attachment":[{"href":"https:\/\/moto-oprema.com\/de\/wp-json\/wp\/v2\/media?parent=123266"}],"wp:term":[{"taxonomy":"brand","embeddable":true,"href":"https:\/\/moto-oprema.com\/de\/wp-json\/wp\/v2\/brand?post=123266"},{"taxonomy":"gender","embeddable":true,"href":"https:\/\/moto-oprema.com\/de\/wp-json\/wp\/v2\/gender?post=123266"},{"taxonomy":"product_brand","embeddable":true,"href":"https:\/\/moto-oprema.com\/de\/wp-json\/wp\/v2\/product_brand?post=123266"},{"taxonomy":"product_cat","embeddable":true,"href":"https:\/\/moto-oprema.com\/de\/wp-json\/wp\/v2\/product_cat?post=123266"},{"taxonomy":"product_tag","embeddable":true,"href":"https:\/\/moto-oprema.com\/de\/wp-json\/wp\/v2\/product_tag?post=123266"}],"curies":[{"name":"wp","href":"https:\/\/api.w.org\/{rel}","templated":true}]}}