{"id":123200,"date":"2022-01-13T10:43:14","date_gmt":"2022-01-13T10:43:14","guid":{"rendered":"https:\/\/moto-oprema.com\/Artikel\/dainese-hydra-flux-2-d-dry-jacke-schwarz-weiss\/"},"modified":"2022-01-13T10:43:14","modified_gmt":"2022-01-13T10:43:14","slug":"dainese-hydra-flux-2-d-dry-jacke-schwarz-weiss","status":"publish","type":"product","link":"https:\/\/moto-oprema.com\/de\/Artikel\/dainese-hydra-flux-2-d-dry-jacke-schwarz-weiss\/","title":{"rendered":"DAINESE HYDRA FLUX 2 D-DRY JACKE SCHWARZ WEISS"},"content":{"rendered":"<p><span id=\"result_box\" xml_lang=\"sl\" lang=\"sl\"><span style=\"font-family:arial, helvetica, sans-serif;font-size:small\"><b><span class=\"hps\"><\/span><\/b>Die Hydraflux 2 Air D-Dry\u00ae Motorradjacke ist eine Ikone der Vielseitigkeit von Dainese. Sie kombiniert die Bel\u00fcftung einer bel\u00fcfteten Jacke mit dem Schutz einer herausnehmbaren und einziehbaren wasserdichten Membran. Die vollst\u00e4ndig herausnehmbare wasserdichte D-Dry\u00ae-Membran kann als Regenschutz getragen werden und ist die perfekte L\u00f6sung bei windigem und k\u00fchlerem Wetter. Dank ihrer Struktur und ihres geringen Volumens l\u00e4sst sie sich zusammenfalten und nach dem Abnehmen bequem in einer Tasche verstauen. Die Jacke aus leichtem, strapazierf\u00e4higem Omega-Mesh mit atmungsaktiven und schnell trocknenden QuickDry-Gewebeeins\u00e4tzen ist leicht und bequem, ideal f\u00fcr die hei\u00dfe Jahreszeit und unerwartete Wetterumschw\u00fcnge.     Die Sicherheitsstandards von Dainese werden durch herausnehmbare, nach EN 1621.1 zertifizierte Schulter- und Ellbogensch\u00fctzer aus Verbundmaterial und die M\u00f6glichkeit, einen G1- und G2-R\u00fcckenprotektor anzubringen, dank einer speziell entwickelten Tasche gew\u00e4hrleistet. Hydraflux 2 Air D-Dry\u00ae kann am Kragen, an der Taille und an den \u00c4rmelb\u00fcndchen verstellt werden &#8211; f\u00fcr optimalen Komfort unter allen Bedingungen. <br \/><\/span><\/span><\/p>\n<p><span xml_lang=\"sl\" lang=\"sl\"><span style=\"font-family:arial, helvetica, sans-serif;font-size:small\">100% Polyester<\/span><\/span><\/p>\n","protected":false},"excerpt":{"rendered":"<p>Die Hydraflux 2 Air D-Dry\u00ae Motorradjacke ist eine Ikone der Vielseitigkeit von Dainese. Sie kombiniert die&#8230;<\/p>\n","protected":false},"featured_media":16137,"comment_status":"open","ping_status":"open","template":"","meta":{"_acf_changed":false},"brand":[2113],"gender":[],"product_brand":[],"product_cat":[1357,2045,2048],"product_tag":[],"class_list":{"0":"post-123200","1":"product","2":"type-product","3":"status-publish","4":"has-post-thumbnail","6":"brand-dainese-de","7":"product_cat-ausrustung-fur-motorradfahrer","8":"product_cat-jakne-de","9":"product_cat-textil-jacken","10":"pa_size-46-de","11":"pa_size-48-de","12":"pa_size-50-de","13":"pa_size-52-de","14":"pa_size-54-de","15":"pa_size-56-de","16":"pa_size-58-de","17":"pa_size-60-de","18":"pa_size-62-de","20":"first","21":"onbackorder","22":"taxable","23":"shipping-taxable","24":"purchasable","25":"product-type-variable"},"acf":[],"_links":{"self":[{"href":"https:\/\/moto-oprema.com\/de\/wp-json\/wp\/v2\/product\/123200","targetHints":{"allow":["GET"]}}],"collection":[{"href":"https:\/\/moto-oprema.com\/de\/wp-json\/wp\/v2\/product"}],"about":[{"href":"https:\/\/moto-oprema.com\/de\/wp-json\/wp\/v2\/types\/product"}],"replies":[{"embeddable":true,"href":"https:\/\/moto-oprema.com\/de\/wp-json\/wp\/v2\/comments?post=123200"}],"wp:featuredmedia":[{"embeddable":true,"href":"https:\/\/moto-oprema.com\/de\/wp-json\/wp\/v2\/media\/16137"}],"wp:attachment":[{"href":"https:\/\/moto-oprema.com\/de\/wp-json\/wp\/v2\/media?parent=123200"}],"wp:term":[{"taxonomy":"brand","embeddable":true,"href":"https:\/\/moto-oprema.com\/de\/wp-json\/wp\/v2\/brand?post=123200"},{"taxonomy":"gender","embeddable":true,"href":"https:\/\/moto-oprema.com\/de\/wp-json\/wp\/v2\/gender?post=123200"},{"taxonomy":"product_brand","embeddable":true,"href":"https:\/\/moto-oprema.com\/de\/wp-json\/wp\/v2\/product_brand?post=123200"},{"taxonomy":"product_cat","embeddable":true,"href":"https:\/\/moto-oprema.com\/de\/wp-json\/wp\/v2\/product_cat?post=123200"},{"taxonomy":"product_tag","embeddable":true,"href":"https:\/\/moto-oprema.com\/de\/wp-json\/wp\/v2\/product_tag?post=123200"}],"curies":[{"name":"wp","href":"https:\/\/api.w.org\/{rel}","templated":true}]}}