{"id":123146,"date":"2022-01-20T09:29:32","date_gmt":"2022-01-20T09:29:32","guid":{"rendered":"https:\/\/moto-oprema.com\/Artikel\/leatt-mtb-shorts-all-montain-2-0-steel\/"},"modified":"2022-01-20T09:29:32","modified_gmt":"2022-01-20T09:29:32","slug":"leatt-mtb-shorts-all-montain-2-0-steel","status":"publish","type":"product","link":"https:\/\/moto-oprema.com\/de\/Artikel\/leatt-mtb-shorts-all-montain-2-0-steel\/","title":{"rendered":"LEATT MTB SHORTS ALL MONTAIN 2.0 STEEL"},"content":{"rendered":"<p>Mit einem eher kurzen Schnitt sind diese Shorts eher f\u00fcr Trail- und Abenteuerradler gemacht. Dieses Modell hat einen nahtlosen Sitz, eine weiche Bundverstellung und eine Ges\u00e4\u00dftasche. Die DBX 2.0 Summer Shorts sind aus 4-Wege-Stretchmaterial und haben Bel\u00fcftungsl\u00f6cher. In den beiden H\u00fcfttaschen und den beiden Oberschenkeltaschen l\u00e4sst sich leichtes Gep\u00e4ck problemlos verstauen.   <\/p>\n","protected":false},"excerpt":{"rendered":"<p>Mit einem eher kurzen Schnitt sind diese Shorts eher f\u00fcr Trail- und Abenteuerradler gemacht. Dieses Modell&#8230;<\/p>\n","protected":false},"featured_media":16495,"comment_status":"open","ping_status":"open","template":"","meta":{"_acf_changed":false},"brand":[2121],"gender":[],"product_brand":[],"product_cat":[2075,2664],"product_tag":[],"class_list":{"0":"post-123146","1":"product","2":"type-product","3":"status-publish","4":"has-post-thumbnail","6":"brand-leatt-de","7":"product_cat-mtb-radfahren-ausrustung","8":"product_cat-mtb-hosen","9":"pa_size-l-de","10":"pa_size-m-de","11":"pa_size-s-de","12":"pa_size-xl-de","13":"pa_size-xxl-de","15":"first","16":"onbackorder","17":"taxable","18":"shipping-taxable","19":"purchasable","20":"product-type-variable"},"acf":[],"_links":{"self":[{"href":"https:\/\/moto-oprema.com\/de\/wp-json\/wp\/v2\/product\/123146","targetHints":{"allow":["GET"]}}],"collection":[{"href":"https:\/\/moto-oprema.com\/de\/wp-json\/wp\/v2\/product"}],"about":[{"href":"https:\/\/moto-oprema.com\/de\/wp-json\/wp\/v2\/types\/product"}],"replies":[{"embeddable":true,"href":"https:\/\/moto-oprema.com\/de\/wp-json\/wp\/v2\/comments?post=123146"}],"wp:featuredmedia":[{"embeddable":true,"href":"https:\/\/moto-oprema.com\/de\/wp-json\/wp\/v2\/media\/16495"}],"wp:attachment":[{"href":"https:\/\/moto-oprema.com\/de\/wp-json\/wp\/v2\/media?parent=123146"}],"wp:term":[{"taxonomy":"brand","embeddable":true,"href":"https:\/\/moto-oprema.com\/de\/wp-json\/wp\/v2\/brand?post=123146"},{"taxonomy":"gender","embeddable":true,"href":"https:\/\/moto-oprema.com\/de\/wp-json\/wp\/v2\/gender?post=123146"},{"taxonomy":"product_brand","embeddable":true,"href":"https:\/\/moto-oprema.com\/de\/wp-json\/wp\/v2\/product_brand?post=123146"},{"taxonomy":"product_cat","embeddable":true,"href":"https:\/\/moto-oprema.com\/de\/wp-json\/wp\/v2\/product_cat?post=123146"},{"taxonomy":"product_tag","embeddable":true,"href":"https:\/\/moto-oprema.com\/de\/wp-json\/wp\/v2\/product_tag?post=123146"}],"curies":[{"name":"wp","href":"https:\/\/api.w.org\/{rel}","templated":true}]}}